{"id":12552,"date":"2025-03-17T17:32:05","date_gmt":"2025-03-17T16:32:05","guid":{"rendered":"https:\/\/www.hotel-turist.hr\/kontakt-2\/"},"modified":"2026-04-01T10:32:30","modified_gmt":"2026-04-01T09:32:30","slug":"kontakt-2","status":"publish","type":"page","link":"https:\/\/www.hotel-turist.hr\/de\/kontakt-2\/","title":{"rendered":"Kontakt"},"content":{"rendered":"<div class=\"wpb-content-wrapper\"><p>[vc_row full_width=&#8220;stretch_row&#8220; content_placement=&#8220;middle&#8220; css=&#8220;.vc_custom_1739184873980{margin-top: 0px !important;margin-bottom: 0px !important;padding-top: 0px !important;padding-bottom: 0px !important;background-color: #1c1c1c !important;}&#8220;][vc_column css_animation=&#8220;fadeInUp&#8220; css=&#8220;.vc_custom_1739184751850{margin-top: 10px !important;margin-right: 10px !important;margin-bottom: 10px !important;margin-left: 10px !important;}&#8220;]\n\t\t\t<!-- START Home 1 REVOLUTION SLIDER 6.5.7 --><p class=\"rs-p-wp-fix\"><\/p>\n\t\t\t<rs-module-wrap id=\"rev_slider_5_1_wrapper\" data-source=\"gallery\" style=\"visibility:hidden;background:#1c1c1c;padding:0;margin:0px auto;margin-top:0;margin-bottom:0;\">\n\t\t\t\t<rs-module id=\"rev_slider_5_1\" style=\"\" data-version=\"6.5.7\">\n\t\t\t\t\t<rs-slides>\n\t\t\t\t\t\t<rs-slide style=\"position: absolute;\" data-key=\"rs-44\" data-title=\"slide\" data-anim=\"ms:2300;p:dark;\" data-in=\"o:0;\" data-out=\"o:0;\" data-p1=\"01\">\n\t\t\t\t\t\t\t<img fetchpriority=\"high\" decoding=\"async\" src=\"\/\/www.hotel-turist.hr\/wp-content\/plugins\/revslider\/public\/assets\/assets\/dummy.png\" title=\"Recepcija hotela\" width=\"2560\" height=\"1736\" class=\"rev-slidebg tp-rs-img rs-lazyload\" data-lazyload=\"\/\/www.hotel-turist.hr\/wp-content\/uploads\/2022\/01\/Recepcija-hotela-scaled.jpg\" data-no-retina>\n<!--\n\t\t\t\t\t\t\t--><rs-layer\n\t\t\t\t\t\t\t\tid=\"slider-5-slide-44-layer-1\" \n\t\t\t\t\t\t\t\tclass=\"tp-shape tp-shapewrapper\"\n\t\t\t\t\t\t\t\tdata-type=\"shape\"\n\t\t\t\t\t\t\t\tdata-xy=\"x:c;y:m;\"\n\t\t\t\t\t\t\t\tdata-dim=\"w:100%;h:100%;\"\n\t\t\t\t\t\t\t\tdata-basealign=\"slide\"\n\t\t\t\t\t\t\t\tdata-rsp_o=\"off\"\n\t\t\t\t\t\t\t\tdata-rsp_bd=\"off\"\n\t\t\t\t\t\t\t\tdata-frame_1=\"e:power2.inOut;st:150;sp:1500;sR:150;\"\n\t\t\t\t\t\t\t\tdata-frame_999=\"o:0;e:power2.inOut;st:w;sp:1500;sR:7350;\"\n\t\t\t\t\t\t\t\tstyle=\"z-index:5;background-color:rgba(18,12,20,0.75);background:linear-gradient(to bottom, rgba(28,28,28,0.2) 0%,rgba(28,28,28,0.7) 100%);\"\n\t\t\t\t\t\t\t> \n\t\t\t\t\t\t\t<\/rs-layer><!--\n\n\t\t\t\t\t\t\t--><h1\n\t\t\t\t\t\t\t\tid=\"slider-5-slide-44-layer-2\" \n\t\t\t\t\t\t\t\tclass=\"rs-layer\"\n\t\t\t\t\t\t\t\tdata-type=\"text\"\n\t\t\t\t\t\t\t\tdata-color=\"rgba(255, 255, 255, 1)\"\n\t\t\t\t\t\t\t\tdata-rsp_ch=\"on\"\n\t\t\t\t\t\t\t\tdata-xy=\"x:c;y:m;yo:0,-10px,-10px,-10px;\"\n\t\t\t\t\t\t\t\tdata-text=\"s:70,70,50,40;l:90,70,55,45;a:center;\"\n\t\t\t\t\t\t\t\tdata-frame_0=\"y:50px;\"\n\t\t\t\t\t\t\t\tdata-frame_1=\"e:power3.out;st:2550;sp:1500;sR:2550;\"\n\t\t\t\t\t\t\t\tdata-frame_999=\"x:0;y:0;z:0;sX:0.9;sY:0.9;o:0;rX:0;rY:0;rZ:0;skX:0;skY:0;st:w;sp:1000;sR:4950;\"\n\t\t\t\t\t\t\t\tstyle=\"z-index:7;font-family:'Playfair Display';\"\n\t\t\t\t\t\t\t><strong>Eleganz und Komfort<\/strong> \n\t\t\t\t\t\t\t<\/h1><!--\n\n\t\t\t\t\t\t\t--><p\n\t\t\t\t\t\t\t\tid=\"slider-5-slide-44-layer-3\" \n\t\t\t\t\t\t\t\tclass=\"rs-layer\"\n\t\t\t\t\t\t\t\tdata-type=\"text\"\n\t\t\t\t\t\t\t\tdata-rsp_ch=\"on\"\n\t\t\t\t\t\t\t\tdata-xy=\"x:c;y:m;yo:-100px,-150px,-100px,-100px;\"\n\t\t\t\t\t\t\t\tdata-text=\"s:12,12,14,12;l:12,12,14,12;ls:2px;a:center;\"\n\t\t\t\t\t\t\t\tdata-frame_0=\"y:50px;\"\n\t\t\t\t\t\t\t\tdata-frame_1=\"e:power3.out;st:2350;sp:1500;sR:2350;\"\n\t\t\t\t\t\t\t\tdata-frame_999=\"x:0;y:0;z:0;sX:0.9;sY:0.9;o:0;rX:0;rY:0;rZ:0;skX:0;skY:0;st:w;sp:1000;sR:5150;\"\n\t\t\t\t\t\t\t\tstyle=\"z-index:6;font-family:'Montserrat';\"\n\t\t\t\t\t\t\t>HOTEL TURIST - VARA\u017dDIN \n\t\t\t\t\t\t\t<\/p><!--\n\n\t\t\t\t\t\t\t--><rs-layer\n\t\t\t\t\t\t\t\tid=\"slider-5-slide-44-layer-6\" \n\t\t\t\t\t\t\t\tclass=\"rev-btn\"\n\t\t\t\t\t\t\t\tdata-type=\"button\"\n\t\t\t\t\t\t\t\tdata-xy=\"x:c;y:m;yo:100px,150px,100px,100px;\"\n\t\t\t\t\t\t\t\tdata-text=\"s:11,13,13,13;l:12,13,13,13;ls:2px;fw:700,500,500,500;\"\n\t\t\t\t\t\t\t\tdata-actions='o:click;a:simplelink;target:_self;url:https:\/\/www.hotel-turist.hr\/de\/unterkunft\/;'\n\t\t\t\t\t\t\t\tdata-rsp_bd=\"off\"\n\t\t\t\t\t\t\t\tdata-padding=\"t:15;r:35;b:15;l:35;\"\n\t\t\t\t\t\t\t\tdata-border=\"bos:solid;boc:#ffffff;bow:2px,2px,2px,2px;\"\n\t\t\t\t\t\t\t\tdata-frame_0=\"sX:0.9;sY:0.9;\"\n\t\t\t\t\t\t\t\tdata-frame_1=\"e:power2.out;st:3850;sp:1500;sR:3850;\"\n\t\t\t\t\t\t\t\tdata-frame_999=\"x:0;y:0;z:0;sX:0.75;sY:0.75;o:0;rX:0;rY:0;rZ:0;skX:0;skY:0;e:power1.in;st:w;sp:500;sR:3650;\"\n\t\t\t\t\t\t\t\tdata-frame_hover=\"c:#fff;boc:#fff;bor:0px,0px,0px,0px;bos:solid;bow:2px,2px,2px,2px;oX:50;oY:50;e:power1.inOut;\"\n\t\t\t\t\t\t\t\tstyle=\"z-index:8;font-family:'Montserrat';cursor:pointer;\"\n\t\t\t\t\t\t\t>UNTERKUNFT \n\t\t\t\t\t\t\t<\/rs-layer><!--\n-->\t\t\t\t\t\t<\/rs-slide>\n\t\t\t\t\t\t<rs-slide style=\"position: absolute;\" data-key=\"rs-90\" data-title=\"slide\" data-anim=\"ms:2300;p:dark;\" data-in=\"o:0;\" data-out=\"o:0;\" data-p1=\"01\">\n\t\t\t\t\t\t\t<img decoding=\"async\" src=\"\/\/www.hotel-turist.hr\/wp-content\/plugins\/revslider\/public\/assets\/assets\/dummy.png\" title=\"poslovni klub (1)\" width=\"1920\" height=\"1280\" class=\"rev-slidebg tp-rs-img rs-lazyload\" data-lazyload=\"\/\/www.hotel-turist.hr\/wp-content\/uploads\/2025\/03\/poslovni-klub-1.jpg\" data-no-retina>\n<!--\n\t\t\t\t\t\t\t--><rs-layer\n\t\t\t\t\t\t\t\tid=\"slider-5-slide-90-layer-1\" \n\t\t\t\t\t\t\t\tclass=\"tp-shape tp-shapewrapper\"\n\t\t\t\t\t\t\t\tdata-type=\"shape\"\n\t\t\t\t\t\t\t\tdata-xy=\"x:c;y:m;\"\n\t\t\t\t\t\t\t\tdata-dim=\"w:100%;h:100%;\"\n\t\t\t\t\t\t\t\tdata-basealign=\"slide\"\n\t\t\t\t\t\t\t\tdata-rsp_o=\"off\"\n\t\t\t\t\t\t\t\tdata-rsp_bd=\"off\"\n\t\t\t\t\t\t\t\tdata-frame_1=\"e:power2.inOut;st:150;sp:1500;sR:150;\"\n\t\t\t\t\t\t\t\tdata-frame_999=\"o:0;e:power2.inOut;st:w;sp:1500;sR:7350;\"\n\t\t\t\t\t\t\t\tstyle=\"z-index:5;background-color:rgba(18,12,20,0.75);background:linear-gradient(to bottom, rgba(28,28,28,0.2) 0%,rgba(28,28,28,0.7) 100%);\"\n\t\t\t\t\t\t\t> \n\t\t\t\t\t\t\t<\/rs-layer><!--\n\n\t\t\t\t\t\t\t--><h1\n\t\t\t\t\t\t\t\tid=\"slider-5-slide-90-layer-2\" \n\t\t\t\t\t\t\t\tclass=\"rs-layer\"\n\t\t\t\t\t\t\t\tdata-type=\"text\"\n\t\t\t\t\t\t\t\tdata-color=\"rgba(255, 255, 255, 1)\"\n\t\t\t\t\t\t\t\tdata-rsp_ch=\"on\"\n\t\t\t\t\t\t\t\tdata-xy=\"x:c;y:m;yo:0,-10px,-10px,-10px;\"\n\t\t\t\t\t\t\t\tdata-text=\"s:70,55,40,26;l:90,70,55,45;a:center;\"\n\t\t\t\t\t\t\t\tdata-frame_0=\"y:50px;\"\n\t\t\t\t\t\t\t\tdata-frame_1=\"e:power3.out;st:2550;sp:1500;sR:2550;\"\n\t\t\t\t\t\t\t\tdata-frame_999=\"x:0;y:0;z:0;sX:0.9;sY:0.9;o:0;rX:0;rY:0;rZ:0;skX:0;skY:0;st:w;sp:1000;sR:4950;\"\n\t\t\t\t\t\t\t\tstyle=\"z-index:7;font-family:'Playfair Display';\"\n\t\t\t\t\t\t\t>Diskretion, Eleganz und Produktivit\u00e4t \n\t\t\t\t\t\t\t<\/h1><!--\n\n\t\t\t\t\t\t\t--><p\n\t\t\t\t\t\t\t\tid=\"slider-5-slide-90-layer-3\" \n\t\t\t\t\t\t\t\tclass=\"rs-layer\"\n\t\t\t\t\t\t\t\tdata-type=\"text\"\n\t\t\t\t\t\t\t\tdata-rsp_ch=\"on\"\n\t\t\t\t\t\t\t\tdata-xy=\"x:c;y:m;yo:-100px,-150px,-100px,-100px;\"\n\t\t\t\t\t\t\t\tdata-text=\"s:12,12,14,12;l:12,12,14,12;ls:2px;a:center;\"\n\t\t\t\t\t\t\t\tdata-frame_0=\"y:50px;\"\n\t\t\t\t\t\t\t\tdata-frame_1=\"e:power3.out;st:2350;sp:1500;sR:2350;\"\n\t\t\t\t\t\t\t\tdata-frame_999=\"x:0;y:0;z:0;sX:0.9;sY:0.9;o:0;rX:0;rY:0;rZ:0;skX:0;skY:0;st:w;sp:1000;sR:5150;\"\n\t\t\t\t\t\t\t\tstyle=\"z-index:6;font-family:'Montserrat';\"\n\t\t\t\t\t\t\t>HOTEL TURIST - VARA\u017dDIN \n\t\t\t\t\t\t\t<\/p><!--\n\n\t\t\t\t\t\t\t--><rs-layer\n\t\t\t\t\t\t\t\tid=\"slider-5-slide-90-layer-6\" \n\t\t\t\t\t\t\t\tclass=\"rev-btn\"\n\t\t\t\t\t\t\t\tdata-type=\"button\"\n\t\t\t\t\t\t\t\tdata-xy=\"x:c;y:m;yo:100px,150px,100px,100px;\"\n\t\t\t\t\t\t\t\tdata-text=\"s:11,13,13,13;l:12,13,13,13;ls:2px;fw:700,500,500,500;\"\n\t\t\t\t\t\t\t\tdata-actions='o:click;a:simplelink;target:_self;url:https:\/\/www.hotel-turist.hr\/de\/unterkunft\/;'\n\t\t\t\t\t\t\t\tdata-rsp_bd=\"off\"\n\t\t\t\t\t\t\t\tdata-padding=\"t:15;r:35;b:15;l:35;\"\n\t\t\t\t\t\t\t\tdata-border=\"bos:solid;boc:#ffffff;bow:2px,2px,2px,2px;\"\n\t\t\t\t\t\t\t\tdata-frame_0=\"sX:0.9;sY:0.9;\"\n\t\t\t\t\t\t\t\tdata-frame_1=\"e:power2.out;st:3850;sp:1500;sR:3850;\"\n\t\t\t\t\t\t\t\tdata-frame_999=\"x:0;y:0;z:0;sX:0.75;sY:0.75;o:0;rX:0;rY:0;rZ:0;skX:0;skY:0;e:power1.in;st:w;sp:500;sR:3650;\"\n\t\t\t\t\t\t\t\tdata-frame_hover=\"c:#fff;boc:#fff;bor:0px,0px,0px,0px;bos:solid;bow:2px,2px,2px,2px;oX:50;oY:50;e:power1.inOut;\"\n\t\t\t\t\t\t\t\tstyle=\"z-index:8;font-family:'Montserrat';cursor:pointer;\"\n\t\t\t\t\t\t\t>UNTERKUNFT \n\t\t\t\t\t\t\t<\/rs-layer><!--\n-->\t\t\t\t\t\t<\/rs-slide>\n\t\t\t\t\t\t<rs-slide style=\"position: absolute;\" data-key=\"rs-94\" data-title=\"slide\" data-anim=\"ms:2300;p:dark;\" data-in=\"o:0;\" data-out=\"o:0;\" data-p1=\"01\">\n\t\t\t\t\t\t\t<img decoding=\"async\" src=\"\/\/www.hotel-turist.hr\/wp-content\/plugins\/revslider\/public\/assets\/assets\/dummy.png\" title=\"soba\" width=\"1920\" height=\"1293\" class=\"rev-slidebg tp-rs-img rs-lazyload\" data-lazyload=\"\/\/www.hotel-turist.hr\/wp-content\/uploads\/2025\/03\/soba.jpg\" data-no-retina>\n<!--\n\t\t\t\t\t\t\t--><rs-layer\n\t\t\t\t\t\t\t\tid=\"slider-5-slide-94-layer-1\" \n\t\t\t\t\t\t\t\tclass=\"tp-shape tp-shapewrapper\"\n\t\t\t\t\t\t\t\tdata-type=\"shape\"\n\t\t\t\t\t\t\t\tdata-xy=\"x:c;y:m;\"\n\t\t\t\t\t\t\t\tdata-dim=\"w:100%;h:100%;\"\n\t\t\t\t\t\t\t\tdata-basealign=\"slide\"\n\t\t\t\t\t\t\t\tdata-rsp_o=\"off\"\n\t\t\t\t\t\t\t\tdata-rsp_bd=\"off\"\n\t\t\t\t\t\t\t\tdata-frame_1=\"e:power2.inOut;st:150;sp:1500;sR:150;\"\n\t\t\t\t\t\t\t\tdata-frame_999=\"o:0;e:power2.inOut;st:w;sp:1500;sR:7350;\"\n\t\t\t\t\t\t\t\tstyle=\"z-index:5;background-color:rgba(18,12,20,0.75);background:linear-gradient(to bottom, rgba(28,28,28,0.2) 0%,rgba(28,28,28,0.7) 100%);\"\n\t\t\t\t\t\t\t> \n\t\t\t\t\t\t\t<\/rs-layer><!--\n\n\t\t\t\t\t\t\t--><h1\n\t\t\t\t\t\t\t\tid=\"slider-5-slide-94-layer-2\" \n\t\t\t\t\t\t\t\tclass=\"rs-layer\"\n\t\t\t\t\t\t\t\tdata-type=\"text\"\n\t\t\t\t\t\t\t\tdata-color=\"rgba(255, 255, 255, 1)\"\n\t\t\t\t\t\t\t\tdata-rsp_ch=\"on\"\n\t\t\t\t\t\t\t\tdata-xy=\"x:c;y:m;yo:0,-10px,-10px,-10px;\"\n\t\t\t\t\t\t\t\tdata-text=\"s:70,70,50,40;l:90,70,55,45;a:center;\"\n\t\t\t\t\t\t\t\tdata-frame_0=\"y:50px;\"\n\t\t\t\t\t\t\t\tdata-frame_1=\"e:power3.out;st:2550;sp:1500;sR:2550;\"\n\t\t\t\t\t\t\t\tdata-frame_999=\"x:0;y:0;z:0;sX:0.9;sY:0.9;o:0;rX:0;rY:0;rZ:0;skX:0;skY:0;st:w;sp:1000;sR:4950;\"\n\t\t\t\t\t\t\t\tstyle=\"z-index:7;font-family:'Playfair Display';\"\n\t\t\t\t\t\t\t>Luxus und Raffinesse \n\t\t\t\t\t\t\t<\/h1><!--\n\n\t\t\t\t\t\t\t--><p\n\t\t\t\t\t\t\t\tid=\"slider-5-slide-94-layer-3\" \n\t\t\t\t\t\t\t\tclass=\"rs-layer\"\n\t\t\t\t\t\t\t\tdata-type=\"text\"\n\t\t\t\t\t\t\t\tdata-rsp_ch=\"on\"\n\t\t\t\t\t\t\t\tdata-xy=\"x:c;y:m;yo:-100px,-150px,-100px,-100px;\"\n\t\t\t\t\t\t\t\tdata-text=\"s:12,12,14,12;l:12,12,14,12;ls:2px;a:center;\"\n\t\t\t\t\t\t\t\tdata-frame_0=\"y:50px;\"\n\t\t\t\t\t\t\t\tdata-frame_1=\"e:power3.out;st:2350;sp:1500;sR:2350;\"\n\t\t\t\t\t\t\t\tdata-frame_999=\"x:0;y:0;z:0;sX:0.9;sY:0.9;o:0;rX:0;rY:0;rZ:0;skX:0;skY:0;st:w;sp:1000;sR:5150;\"\n\t\t\t\t\t\t\t\tstyle=\"z-index:6;font-family:'Montserrat';\"\n\t\t\t\t\t\t\t>HOTEL TURIST - VARA\u017dDIN \n\t\t\t\t\t\t\t<\/p><!--\n\n\t\t\t\t\t\t\t--><rs-layer\n\t\t\t\t\t\t\t\tid=\"slider-5-slide-94-layer-6\" \n\t\t\t\t\t\t\t\tclass=\"rev-btn\"\n\t\t\t\t\t\t\t\tdata-type=\"button\"\n\t\t\t\t\t\t\t\tdata-xy=\"x:c;y:m;yo:100px,150px,100px,100px;\"\n\t\t\t\t\t\t\t\tdata-text=\"s:11,13,13,13;l:12,13,13,13;ls:2px;fw:700,500,500,500;\"\n\t\t\t\t\t\t\t\tdata-actions='o:click;a:simplelink;target:_self;url:https:\/\/www.hotel-turist.hr\/de\/unterkunft\/;'\n\t\t\t\t\t\t\t\tdata-rsp_bd=\"off\"\n\t\t\t\t\t\t\t\tdata-padding=\"t:15;r:35;b:15;l:35;\"\n\t\t\t\t\t\t\t\tdata-border=\"bos:solid;boc:#ffffff;bow:2px,2px,2px,2px;\"\n\t\t\t\t\t\t\t\tdata-frame_0=\"sX:0.9;sY:0.9;\"\n\t\t\t\t\t\t\t\tdata-frame_1=\"e:power2.out;st:3850;sp:1500;sR:3850;\"\n\t\t\t\t\t\t\t\tdata-frame_999=\"x:0;y:0;z:0;sX:0.75;sY:0.75;o:0;rX:0;rY:0;rZ:0;skX:0;skY:0;e:power1.in;st:w;sp:500;sR:3650;\"\n\t\t\t\t\t\t\t\tdata-frame_hover=\"c:#fff;boc:#fff;bor:0px,0px,0px,0px;bos:solid;bow:2px,2px,2px,2px;oX:50;oY:50;e:power1.inOut;\"\n\t\t\t\t\t\t\t\tstyle=\"z-index:8;font-family:'Montserrat';cursor:pointer;\"\n\t\t\t\t\t\t\t>UNTERKUNFT \n\t\t\t\t\t\t\t<\/rs-layer><!--\n-->\t\t\t\t\t\t<\/rs-slide>\n\t\t\t\t\t<\/rs-slides>\n\t\t\t\t<\/rs-module>\n\t\t\t\t<script type=\"text\/javascript\">\n\t\t\t\t\tsetREVStartSize({c: 'rev_slider_5_1',rl:[1240,1024,778,480],el:[768,768,960,720],gw:[1240,1024,778,480],gh:[768,768,960,720],type:'standard',justify:'',layout:'fullwidth',mh:\"0\"});if (window.RS_MODULES!==undefined && window.RS_MODULES.modules!==undefined && window.RS_MODULES.modules[\"revslider51\"]!==undefined) {window.RS_MODULES.modules[\"revslider51\"].once = false;window.revapi5 = undefined;if (window.RS_MODULES.checkMinimal!==undefined) window.RS_MODULES.checkMinimal()}\n\t\t\t\t<\/script>\n\t\t\t<\/rs-module-wrap>\n\t\t\t<!-- END REVOLUTION SLIDER -->\n<div style=\"background-color:;height: 40px\" class=\"nicdark_section  \"><\/div> <h4 style=\"color:#ffffff;padding:px;text-align:;font-size:45px;line-height:25px;letter-spacing: px;font-weight:normal\" class=\"   nd_options_first_font \">Kontaktirajte nas<\/h4> <div style=\"background-color:;height: 40px\" class=\"nicdark_section  \"><\/div>[vc_column_text css=&#8220;&#8220; el_class=&#8220;tamna-sekcija&#8220;]Fordern Sie ein Angebot an oder senden Sie uns eine Anfrage. F\u00fcr Fragen steht Ihnen unser freundliches Personal jederzeit gerne zur Verf\u00fcgung.[\/vc_column_text]<div style=\"background-color:;height: 20px\" class=\"nicdark_section  \"><\/div><div style=\"background-color:;height: 100px\" class=\"nicdark_section  \"><\/div>[vc_row_inner el_class=&#8220;tamna-sekcija&#8220;][vc_column_inner width=&#8220;1\/2&#8243;] <h1 style=\"color:#ffffff;padding:px;text-align:;font-size:45px;line-height:45px;letter-spacing: 2px;font-weight:normal\" class=\"   nd_options_first_font \">Kontakt<\/h1> <div style=\"background-color:#1c1c1c;height: 10px\" class=\"nicdark_section  \"><\/div>[vc_column_text css=&#8220;.vc_custom_1674560131370{margin-top: 15px !important;margin-bottom: 15px !important;}&#8220;]<\/p>\n<div style=\"vertical-align: middle;\">\n<p>Adresse:<\/p>\n<p> Aleja kralja Zvonimir 1, 42 000 Vara\u017edin<\/p>\n<\/div>\n<p>[\/vc_column_text][vc_column_text css=&#8220;.vc_custom_1674559546457{margin-top: 15px !important;margin-bottom: 15px !important;}&#8220;]Telefon:<\/p>\n<p> <a href=\"Telefon: +385 %2042% 20395%20395\">+385 42 395 395<\/a>[\/vc_column_text] [vc_column_text css=&#8220;.vc_custom_1689075988576{margin-top: 15px !important;margin-bottom: 15px !important;}&#8220;]E-Mail:<\/p>\n<p> <a href=\"mailto:info@hotel-turist.hr\">info@hotel-turist.hr<\/a><\/p>\n<p> <a href=\"mailto:prodaja@hotel-turist.hr\">sales@hotel-turist.hr<\/a>[\/vc_column_text]<div style=\"background-color:#1c1c1c;height: 10px\" class=\"nicdark_section  \"><\/div> <h1 style=\"color:#ffffff;padding:px;text-align:;font-size:45px;line-height:45px;letter-spacing: 2px;font-weight:normal\" class=\"   nd_options_first_font \">Prodaja i marketing<\/h1> <div style=\"background-color:#1c1c1c;height: 10px\" class=\"nicdark_section  \"><\/div>[vc_column_text css=&#8220;.vc_custom_1761741425298{margin-top: 15px !important;margin-bottom: 15px !important;}&#8220;]<strong>Dragica Mati\u0107 Kri\u017enjak, Catering- und Verkaufskoordinatorin<br \/>\n<\/strong><\/p>\n<p>(Veranstaltungen &#8211; Protokoll und Organisation, Catering, Trauungen)<\/p>\n<p style=\"font-weight: 400;\"><a href=\"mailto:dragica.matic.kriznjak@hotel-turist.hr\">dragica.matic.kriznjak@hotel-turist.hr<\/a><\/p>\n<p>&nbsp;<\/p>\n<p><strong>Suzana Ak\u0161an, Leiterin des Unterkunftsverkaufs<br \/>\n<\/strong><\/p>\n<p>(Gruppenunterk\u00fcnfte, Kongresse \u2013 Gesch\u00e4ftsveranstaltungen)<\/p>\n<p style=\"font-weight: 400;\"><a href=\"mailto:suzana.aksan@hotel-turist.hr\">suzana.aksan@hotel-turist.hr<\/a><\/p>\n<p>&nbsp;<\/p>\n<p><strong>Ivana Huzjak, Vertriebsmitarbeiterin (Gastgewerbe und Unterkunft)<\/strong><\/p>\n<p><a href=\"mailto:ivana.huzjak@hotel-turist.hr\" target=\"_blank\" rel=\"noopener\">ivana.huzjak@hotel-turist.hr<\/a><\/p>\n<p>&nbsp;<\/p>\n<p><strong>Mia Ki\u0161i\u010dek Vidovi\u0107, Marketing und PR<br \/>\n<\/strong><\/p>\n<p>(Marketing und \u00d6ffentlichkeitsarbeit, Werbema\u00dfnahmen, Kooperationen)<\/p>\n<p><a href=\"mailto:mia.kisicek@hotel-turist.hr\" target=\"_blank\" rel=\"noopener\">mia.kisicek@hotel-turist.hr<\/a>[\/vc_column_text][vc_column_text css=&#8220;.vc_custom_1726474962463{margin-top: 15px !important;margin-bottom: 15px !important;}&#8220;]Arbeitszeit:<\/p>\n<p> 07:00 &#8211; 15:00 Uhr (Montag-Freitag)[\/vc_column_text][\/vc_column_inner][vc_column_inner width=&#8220;1\/2&#8243;] <h1 style=\"color:#ffffff;padding:px;text-align:;font-size:45px;line-height:45px;letter-spacing: 2px;font-weight:normal\" class=\"   nd_options_first_font \">Hotel Turist Vara\u017edin<\/h1> <div style=\"background-color:#1c1c1c;height: 30px\" class=\"nicdark_section  \"><\/div>[vc_column_text css=&#8220;.vc_custom_1757069503373{margin-top: 0px !important;margin-right: 0px !important;margin-bottom: 20px !important;margin-left: 0px !important;border-top-width: 0px !important;border-right-width: 0px !important;border-bottom-width: 0px !important;border-left-width: 0px !important;padding-top: 0px !important;padding-right: 0px !important;padding-bottom: 0px !important;padding-left: 0px !important;}&#8220;]Das Hotel Turist befindet sich im Zentrum von Vara\u017edin, nur wenige Gehminuten von der Altstadt entfernt. Es ist mit dem Auto gut erreichbar und Parkpl\u00e4tze stehen vor dem Hotel zur Verf\u00fcgung.[\/vc_column_text]<div style=\"background-color:#1c1c1c;height: 30px\" class=\"nicdark_section  \"><\/div>[\/vc_column_inner][\/vc_row_inner][\/vc_column][\/vc_row]<\/p>\n<\/div>","protected":false},"excerpt":{"rendered":"<p>[vc_row full_width=&#8220;stretch_row&#8220; content_placement=&#8220;middle&#8220; css=&#8220;.vc_custom_1739184873980{margin-top: 0px !important;margin-bottom: 0px !important;padding-top: 0px !important;padding-bottom: 0px !important;background-color: #1c1c1c !important;}&#8220;][vc_column css_animation=&#8220;fadeInUp&#8220; css=&#8220;.vc_custom_1739184751850{margin-top: 10px !important;margin-right: 10px !important;margin-bottom: 10px !important;margin-left: 10px !important;}&#8220;][vc_column_text css=&#8220;&#8220; el_class=&#8220;tamna-sekcija&#8220;]Fordern Sie ein Angebot an oder senden Sie uns eine Anfrage. F\u00fcr Fragen steht Ihnen unser freundliches Personal jederzeit gerne zur Verf\u00fcgung.[\/vc_column_text][vc_row_inner el_class=&#8220;tamna-sekcija&#8220;][vc_column_inner width=&#8220;1\/2&#8243;][vc_column_text css=&#8220;.vc_custom_1674560131370{margin-top: 15px !important;margin-bottom: 15px !important;}&#8220;] Adresse: [&hellip;]<\/p>\n","protected":false},"author":16,"featured_media":0,"parent":0,"menu_order":0,"comment_status":"closed","ping_status":"closed","template":"","meta":{"footnotes":""},"class_list":["post-12552","page","type-page","status-publish","hentry"],"yoast_head":"<!-- This site is optimized with the Yoast SEO plugin v27.2 - https:\/\/yoast.com\/product\/yoast-seo-wordpress\/ -->\n<title>Kontakt - Hotel Turist Vara\u017edin<\/title>\n<meta name=\"robots\" content=\"index, follow, max-snippet:-1, max-image-preview:large, max-video-preview:-1\" \/>\n<link rel=\"canonical\" href=\"https:\/\/www.hotel-turist.hr\/de\/kontakt-2\/\" \/>\n<meta property=\"og:locale\" content=\"de_DE\" \/>\n<meta property=\"og:type\" content=\"article\" \/>\n<meta property=\"og:title\" content=\"Kontakt - Hotel Turist Vara\u017edin\" \/>\n<meta property=\"og:description\" content=\"[vc_row full_width=&#8220;stretch_row&#8220; content_placement=&#8220;middle&#8220; css=&#8220;.vc_custom_1739184873980{margin-top: 0px !important;margin-bottom: 0px !important;padding-top: 0px !important;padding-bottom: 0px !important;background-color: #1c1c1c !important;}&#8220;][vc_column css_animation=&#8220;fadeInUp&#8220; css=&#8220;.vc_custom_1739184751850{margin-top: 10px !important;margin-right: 10px !important;margin-bottom: 10px !important;margin-left: 10px !important;}&#8220;][vc_column_text css=&#8220;&#8220; el_class=&#8220;tamna-sekcija&#8220;]Fordern Sie ein Angebot an oder senden Sie uns eine Anfrage. F\u00fcr Fragen steht Ihnen unser freundliches Personal jederzeit gerne zur Verf\u00fcgung.[\/vc_column_text][vc_row_inner el_class=&#8220;tamna-sekcija&#8220;][vc_column_inner width=&#8220;1\/2&#8243;][vc_column_text css=&#8220;.vc_custom_1674560131370{margin-top: 15px !important;margin-bottom: 15px !important;}&#8220;] Adresse: [&hellip;]\" \/>\n<meta property=\"og:url\" content=\"https:\/\/www.hotel-turist.hr\/de\/kontakt-2\/\" \/>\n<meta property=\"og:site_name\" content=\"Hotel Turist Vara\u017edin\" \/>\n<meta property=\"article:modified_time\" content=\"2026-04-01T09:32:30+00:00\" \/>\n<meta name=\"twitter:card\" content=\"summary_large_image\" \/>\n<meta name=\"twitter:label1\" content=\"Gesch\u00e4tzte Lesezeit\" \/>\n\t<meta name=\"twitter:data1\" content=\"3\u00a0Minuten\" \/>\n<script type=\"application\/ld+json\" class=\"yoast-schema-graph\">{\"@context\":\"https:\/\/schema.org\",\"@graph\":[{\"@type\":\"WebPage\",\"@id\":\"https:\/\/www.hotel-turist.hr\/de\/kontakt-2\/\",\"url\":\"https:\/\/www.hotel-turist.hr\/de\/kontakt-2\/\",\"name\":\"Kontakt - Hotel Turist Vara\u017edin\",\"isPartOf\":{\"@id\":\"https:\/\/www.hotel-turist.hr\/it\/#website\"},\"datePublished\":\"2025-03-17T16:32:05+00:00\",\"dateModified\":\"2026-04-01T09:32:30+00:00\",\"breadcrumb\":{\"@id\":\"https:\/\/www.hotel-turist.hr\/de\/kontakt-2\/#breadcrumb\"},\"inLanguage\":\"de\",\"potentialAction\":[{\"@type\":\"ReadAction\",\"target\":[\"https:\/\/www.hotel-turist.hr\/de\/kontakt-2\/\"]}]},{\"@type\":\"BreadcrumbList\",\"@id\":\"https:\/\/www.hotel-turist.hr\/de\/kontakt-2\/#breadcrumb\",\"itemListElement\":[{\"@type\":\"ListItem\",\"position\":1,\"name\":\"Po\u010detna stranica\",\"item\":\"https:\/\/www.hotel-turist.hr\/de\/\"},{\"@type\":\"ListItem\",\"position\":2,\"name\":\"Kontakt\"}]},{\"@type\":\"WebSite\",\"@id\":\"https:\/\/www.hotel-turist.hr\/it\/#website\",\"url\":\"https:\/\/www.hotel-turist.hr\/it\/\",\"name\":\"Hotel Turist Vara\u017edin\",\"description\":\"\",\"potentialAction\":[{\"@type\":\"SearchAction\",\"target\":{\"@type\":\"EntryPoint\",\"urlTemplate\":\"https:\/\/www.hotel-turist.hr\/it\/?s={search_term_string}\"},\"query-input\":{\"@type\":\"PropertyValueSpecification\",\"valueRequired\":true,\"valueName\":\"search_term_string\"}}],\"inLanguage\":\"de\"}]}<\/script>\n<!-- \/ Yoast SEO plugin. -->","yoast_head_json":{"title":"Kontakt - Hotel Turist Vara\u017edin","robots":{"index":"index","follow":"follow","max-snippet":"max-snippet:-1","max-image-preview":"max-image-preview:large","max-video-preview":"max-video-preview:-1"},"canonical":"https:\/\/www.hotel-turist.hr\/de\/kontakt-2\/","og_locale":"de_DE","og_type":"article","og_title":"Kontakt - Hotel Turist Vara\u017edin","og_description":"[vc_row full_width=&#8220;stretch_row&#8220; content_placement=&#8220;middle&#8220; css=&#8220;.vc_custom_1739184873980{margin-top: 0px !important;margin-bottom: 0px !important;padding-top: 0px !important;padding-bottom: 0px !important;background-color: #1c1c1c !important;}&#8220;][vc_column css_animation=&#8220;fadeInUp&#8220; css=&#8220;.vc_custom_1739184751850{margin-top: 10px !important;margin-right: 10px !important;margin-bottom: 10px !important;margin-left: 10px !important;}&#8220;][vc_column_text css=&#8220;&#8220; el_class=&#8220;tamna-sekcija&#8220;]Fordern Sie ein Angebot an oder senden Sie uns eine Anfrage. F\u00fcr Fragen steht Ihnen unser freundliches Personal jederzeit gerne zur Verf\u00fcgung.[\/vc_column_text][vc_row_inner el_class=&#8220;tamna-sekcija&#8220;][vc_column_inner width=&#8220;1\/2&#8243;][vc_column_text css=&#8220;.vc_custom_1674560131370{margin-top: 15px !important;margin-bottom: 15px !important;}&#8220;] Adresse: [&hellip;]","og_url":"https:\/\/www.hotel-turist.hr\/de\/kontakt-2\/","og_site_name":"Hotel Turist Vara\u017edin","article_modified_time":"2026-04-01T09:32:30+00:00","twitter_card":"summary_large_image","twitter_misc":{"Gesch\u00e4tzte Lesezeit":"3\u00a0Minuten"},"schema":{"@context":"https:\/\/schema.org","@graph":[{"@type":"WebPage","@id":"https:\/\/www.hotel-turist.hr\/de\/kontakt-2\/","url":"https:\/\/www.hotel-turist.hr\/de\/kontakt-2\/","name":"Kontakt - Hotel Turist Vara\u017edin","isPartOf":{"@id":"https:\/\/www.hotel-turist.hr\/it\/#website"},"datePublished":"2025-03-17T16:32:05+00:00","dateModified":"2026-04-01T09:32:30+00:00","breadcrumb":{"@id":"https:\/\/www.hotel-turist.hr\/de\/kontakt-2\/#breadcrumb"},"inLanguage":"de","potentialAction":[{"@type":"ReadAction","target":["https:\/\/www.hotel-turist.hr\/de\/kontakt-2\/"]}]},{"@type":"BreadcrumbList","@id":"https:\/\/www.hotel-turist.hr\/de\/kontakt-2\/#breadcrumb","itemListElement":[{"@type":"ListItem","position":1,"name":"Po\u010detna stranica","item":"https:\/\/www.hotel-turist.hr\/de\/"},{"@type":"ListItem","position":2,"name":"Kontakt"}]},{"@type":"WebSite","@id":"https:\/\/www.hotel-turist.hr\/it\/#website","url":"https:\/\/www.hotel-turist.hr\/it\/","name":"Hotel Turist Vara\u017edin","description":"","potentialAction":[{"@type":"SearchAction","target":{"@type":"EntryPoint","urlTemplate":"https:\/\/www.hotel-turist.hr\/it\/?s={search_term_string}"},"query-input":{"@type":"PropertyValueSpecification","valueRequired":true,"valueName":"search_term_string"}}],"inLanguage":"de"}]}},"_links":{"self":[{"href":"https:\/\/www.hotel-turist.hr\/de\/wp-json\/wp\/v2\/pages\/12552","targetHints":{"allow":["GET"]}}],"collection":[{"href":"https:\/\/www.hotel-turist.hr\/de\/wp-json\/wp\/v2\/pages"}],"about":[{"href":"https:\/\/www.hotel-turist.hr\/de\/wp-json\/wp\/v2\/types\/page"}],"author":[{"embeddable":true,"href":"https:\/\/www.hotel-turist.hr\/de\/wp-json\/wp\/v2\/users\/16"}],"replies":[{"embeddable":true,"href":"https:\/\/www.hotel-turist.hr\/de\/wp-json\/wp\/v2\/comments?post=12552"}],"version-history":[{"count":9,"href":"https:\/\/www.hotel-turist.hr\/de\/wp-json\/wp\/v2\/pages\/12552\/revisions"}],"predecessor-version":[{"id":14059,"href":"https:\/\/www.hotel-turist.hr\/de\/wp-json\/wp\/v2\/pages\/12552\/revisions\/14059"}],"wp:attachment":[{"href":"https:\/\/www.hotel-turist.hr\/de\/wp-json\/wp\/v2\/media?parent=12552"}],"curies":[{"name":"wp","href":"https:\/\/api.w.org\/{rel}","templated":true}]}}