{"id":13067,"date":"2025-06-06T08:19:12","date_gmt":"2025-06-06T07:19:12","guid":{"rendered":"https:\/\/www.hotel-turist.hr\/allgemeine-informationen\/"},"modified":"2025-07-15T08:27:19","modified_gmt":"2025-07-15T07:27:19","slug":"allgemeine-informationen","status":"publish","type":"page","link":"https:\/\/www.hotel-turist.hr\/de\/allgemeine-informationen\/","title":{"rendered":"allgemeine Informationen"},"content":{"rendered":"<div class=\"wpb-content-wrapper\"><p>[vc_row][vc_column][vc_column_text css_animation=&#8220;fadeInDown&#8220; css=&#8220;.vc_custom_1752560430742{padding-top: 35px !important;padding-bottom: 35px !important;}&#8220;]<\/p>\n<h2 style=\"text-align: center;\" data-start=\"67\" data-end=\"120\"><strong data-start=\"67\" data-end=\"120\">VERKAUFSSTELLENINFORMATIONEN \u2013 HOTEL TURIST VARA\u017dDIN<\/strong><\/h2>\n<p>[\/vc_column_text][vc_column_text css=&#8220;.vc_custom_1752560391550{margin-top: 35px !important;}&#8220;]<\/p>\n<h2 style=\"text-align: center;\" data-start=\"67\" data-end=\"120\"><\/h2>\n<p data-start=\"122\" data-end=\"217\"><strong data-start=\"122\" data-end=\"144\">Vollst\u00e4ndiger Firmenname:<\/strong><br data-start=\"144\" data-end=\"147\"> TURIST Gesellschaft mit beschr\u00e4nkter Haftung f\u00fcr Gastgewerbe und Handel<\/p>\n<p data-start=\"219\" data-end=\"247\"><strong data-start=\"219\" data-end=\"236\">Registrierungsnummer:<\/strong><br data-start=\"236\" data-end=\"239\"> 03672751<\/p>\n<p data-start=\"249\" data-end=\"286\"><strong data-start=\"249\" data-end=\"272\">OIB (Steuernummer):<\/strong><br data-start=\"272\" data-end=\"275\"> 21819941955<\/p>\n<p data-start=\"288\" data-end=\"361\"><strong data-start=\"288\" data-end=\"305\">Anmeldung:<\/strong><br data-start=\"305\" data-end=\"308\"> Eingetragen im Gerichtsregister des Handelsgerichts in Vara\u017edin<\/p>\n<p data-start=\"363\" data-end=\"455\"><strong data-start=\"363\" data-end=\"402\">Adresse des Hauptsitzes und der Verkaufsstelle:<\/strong><br data-start=\"402\" data-end=\"405\"> Aleja kralja Zvonimir 1, 42000 Vara\u017edin, Kroatien<\/p>\n<p><strong>Vertretungsberechtigte Personen:<\/strong><br \/> Darko Ki\u0161i\u010dek, Regisseur<\/p>\n<p><strong>Aktienkapital:<\/strong><\/p>\n<p>3.702.940 EUR (Euro)<\/p>\n<p data-start=\"457\" data-end=\"487\"><strong data-start=\"457\" data-end=\"469\">Telefon:<\/strong><br data-start=\"469\" data-end=\"472\"> +385 42 395 395<\/p>\n<p data-start=\"489\" data-end=\"520\"><strong data-start=\"489\" data-end=\"502\">Fax:<\/strong><br data-start=\"502\" data-end=\"505\"> +385 42 215 028<\/p>\n<p data-start=\"522\" data-end=\"589\"><strong data-start=\"522\" data-end=\"540\">E-Mail-Adressen:<\/strong><br data-start=\"540\" data-end=\"543\"> <a class=\"cursor-pointer\" rel=\"noopener\" data-start=\"543\" data-end=\"563\">info@hotel-turist.hr<\/a><br data-start=\"563\" data-end=\"566\"> <a class=\"cursor-pointer\" rel=\"noopener\" data-start=\"566\" data-end=\"589\">sales@hotel-turist.hr<\/a><\/p>\n<p data-start=\"591\" data-end=\"647\"><strong data-start=\"591\" data-end=\"619\">\u00d6ffnungszeiten der Rezeption:<\/strong><br data-start=\"619\" data-end=\"622\"> 00:00 \u2013 24:00 (t\u00e4glich)<\/p>\n<p>[\/vc_column_text][vc_column_text css_animation=&#8220;fadeInDown&#8220; css=&#8220;.vc_custom_1752560468919{padding-top: 35px !important;padding-bottom: 35px !important;}&#8220;]<\/p>\n<h2 style=\"text-align: center;\" data-start=\"67\" data-end=\"120\"><strong data-start=\"67\" data-end=\"120\">RECHT UND METHODE ZUR EINREICHUNG EINER BESCHWERDE<\/strong><\/h2>\n<p>[\/vc_column_text][vc_column_text css=&#8220;.vc_custom_1752560657587{margin-top: 35px !important;}&#8220;]<\/p>\n<div class=\"nd_options_container nd_options_padding_0_15 nd_options_box_sizing_border_box nd_options_clearfix\">\n<div id=\"post-13150\" class=\"post-13150 page type-page status-draft hentry\">\n<p data-start=\"256\" data-end=\"638\">Gem\u00e4\u00df den Bestimmungen des Artikels 10 des Verbraucherschutzgesetzes und des Artikels 10 des Gastgewerbegesetzes <strong data-start=\"363\" data-end=\"409\">informiert Sie TURIST doo f\u00fcr Gastgewerbe und Handel<\/strong> , Aleja kralja Zvonimira 1, 42000 Vara\u017edin, OIB: 21819941955 (im Folgenden: wir) als H\u00e4ndler und Anbieter von Gastgewerbedienstleistungen hiermit \u00fcber die Methode zur Einreichung einer schriftlichen Beschwerde \u00fcber die erbrachte Dienstleistung oder die gekauften Waren.  <\/p>\n<h4 data-start=\"640\" data-end=\"682\"><\/h4>\n<h4 data-start=\"640\" data-end=\"682\"><strong data-start=\"645\" data-end=\"682\">Sie k\u00f6nnen eine schriftliche Beschwerde einreichen:<\/strong><\/h4>\n<ul data-start=\"684\" data-end=\"955\">\n<li data-start=\"684\" data-end=\"781\">\n<p data-start=\"686\" data-end=\"781\"><strong data-start=\"686\" data-end=\"696\">pers\u00f6nlich<\/strong> in unseren Gesch\u00e4ftsr\u00e4umen in der Aleja kralja Zvonimira 1, 42000 Vara\u017edin,<\/p>\n<\/li>\n<li data-start=\"782\" data-end=\"888\">\n<p data-start=\"784\" data-end=\"888\"><strong data-start=\"784\" data-end=\"799\">per Post<\/strong> an die Adresse: <br data-start=\"810\" data-end=\"813\"> TOURIST doo <br data-start=\"828\" data-end=\"831\"> K\u00f6nig-Zvonimir-Allee 1 <br data-start=\"857\" data-end=\"860\"> 42000 Vara\u017edin, Kroatien<\/p>\n<\/li>\n<li data-start=\"889\" data-end=\"955\">\n<p data-start=\"891\" data-end=\"955\"><strong data-start=\"891\" data-end=\"919\">per E-Mail<\/strong> an die Adresse: <a class=\"cursor-pointer\" rel=\"noopener\" data-start=\"931\" data-end=\"955\">info@hotel-turist.hr<\/a><\/p>\n<\/li>\n<li data-start=\"889\" data-end=\"955\">\u00fcber das Kontaktformular auf unserer Website: <a href=\"https:\/\/www.hotel-turist.hr\/kontakt\/\">www.hotel-turist.hr\/kontakt<\/a><\/li>\n<\/ul>\n<p data-start=\"957\" data-end=\"1017\">Bitte geben Sie in Ihrer Beschwerde folgende Informationen an:<\/p>\n<ul data-start=\"1019\" data-end=\"1305\">\n<li data-start=\"1019\" data-end=\"1036\">\n<p data-start=\"1021\" data-end=\"1036\">Vor- und Nachname<\/p>\n<\/li>\n<li data-start=\"1037\" data-end=\"1151\">\n<p data-start=\"1039\" data-end=\"1151\">die E-Mail-Adresse oder Postanschrift, an die Sie eine Empfangsbest\u00e4tigung und eine Antwort auf die Beschwerde erhalten m\u00f6chten<\/p>\n<\/li>\n<li data-start=\"1152\" data-end=\"1273\">\n<p data-start=\"1154\" data-end=\"1273\">Inhalt der Beschwerde (Beschreibung des Sachverhalts, der Anlass der Beschwerde ist, Datum des Auftretens und Bezug auf welche Leistung)<\/p>\n<\/li>\n<li data-start=\"1274\" data-end=\"1305\">\n<p data-start=\"1276\" data-end=\"1305\">Datum der Einreichung der Beschwerde.<\/p>\n<\/li>\n<\/ul>\n<p data-start=\"1307\" data-end=\"1522\">Wir werden auf Ihre Beschwerde innerhalb der gesetzlichen Frist von 15 Tagen ab dem Datum ihres Eingangs antworten, indem wir eine Antwort an die Post- oder E-Mail-Adresse senden, die Sie in der Beschwerde angegeben haben, oder an die Adresse, von der sie empfangen wurde.<\/p>\n<\/div>\n<\/div>\n<div id=\"nd_options_footer_4\" class=\"nd_options_section\"><\/div>\n<p>[\/vc_column_text][vc_column_text css_animation=&#8220;fadeInDown&#8220; css=&#8220;.vc_custom_1752560519427{padding-top: 35px !important;padding-bottom: 35px !important;}&#8220;]<\/p>\n<h2 style=\"text-align: center;\" data-start=\"67\" data-end=\"120\"><strong data-start=\"67\" data-end=\"120\">R\u00dcCKGABERECHT \/ REKLAMATION<\/strong><\/h2>\n<p>[\/vc_column_text][vc_column_text css=&#8220;.vc_custom_1752560883934{margin-top: 35px !important;}&#8220;]<\/p>\n<div class=\"nd_options_container nd_options_padding_0_15 nd_options_box_sizing_border_box nd_options_clearfix\">\n<div id=\"post-13150\" class=\"post-13150 page type-page status-draft hentry\">\n<p data-start=\"216\" data-end=\"540\">Bei Unzufriedenheit mit dem gekauften Produkt oder der erbrachten Dienstleistung bitten wir Sie, sich umgehend an unser Hotelpersonal zu wenden, damit wir vor Ort eine schnelle und effektive L\u00f6sung finden k\u00f6nnen. Es liegt im Interesse des Gastes, etwaige Unregelm\u00e4\u00dfigkeiten w\u00e4hrend des Aufenthalts umgehend zu melden, damit diese umgehend behoben werden k\u00f6nnen. <\/p>\n<p data-start=\"542\" data-end=\"756\">Kann die Reklamation nicht sofort behoben werden, kann der Gast eine schriftliche Best\u00e4tigung verlangen, aus der hervorgeht, dass die Leistung nicht oder nicht vertragsgem\u00e4\u00df erbracht wurde. Diese Best\u00e4tigung sollte der Gast der schriftlichen Reklamation beif\u00fcgen. <\/p>\n<p data-start=\"758\" data-end=\"925\"><strong data-start=\"758\" data-end=\"801\">Die Frist f\u00fcr die Einreichung einer Beschwerde betr\u00e4gt 8 Tage<\/strong> ab dem Datum der Erbringung der Dienstleistung. Beschwerden, die nach Ablauf der angegebenen Frist eingehen <strong data-start=\"891\" data-end=\"924\">, werden nicht ber\u00fccksichtigt<\/strong> . <\/p>\n<p data-start=\"927\" data-end=\"1130\">Das Hotel Turist Vara\u017edin verpflichtet sich, innerhalb der gesetzlichen Frist von 15 Tagen eine schriftliche Antwort auf die eingegangene Beschwerde einzureichen. Es werden nur Beschwerden bearbeitet, die nicht vor Ort gel\u00f6st werden konnten. <\/p>\n<p data-start=\"1132\" data-end=\"1359\">W\u00e4hrend des Beschwerdeverfahrens verzichtet der Gast auf das Recht, sich an Dritte zu wenden, \u00f6ffentlich aufzutreten oder \u00fcber die Medien Verfahren einzuleiten, sowie bis zum Abschluss des offiziellen Verfahrens Klage einzureichen.<\/p>\n<p data-start=\"1361\" data-end=\"1577\"><strong data-start=\"1361\" data-end=\"1393\">Der h\u00f6chstm\u00f6gliche Entsch\u00e4digungsbetrag<\/strong> pro Einzelreklamation kann maximal den Wert des beanstandeten Teils der Dienstleistung betragen, w\u00e4hrend <strong data-start=\"1486\" data-end=\"1577\">Reklamationen f\u00fcr bereits genutzte Dienstleistungen oder den gesamten Betrag der Vereinbarung nicht akzeptiert werden.<\/strong><\/p>\n<p data-start=\"1579\" data-end=\"1737\">Im Falle einer Streitigkeit, die nicht g\u00fctlich beigelegt werden kann, wird die Zust\u00e4ndigkeit des sachlich zust\u00e4ndigen Gerichts in Vara\u017edin vereinbart. Es gilt das Recht der Republik Kroatien. <\/p>\n<\/div>\n<h3 data-start=\"1744\" data-end=\"1802\"><strong data-start=\"1748\" data-end=\"1802\">Plattform zur Online-Beilegung verbraucherrechtlicher Streitigkeiten<\/strong><\/h3>\n<p data-start=\"1804\" data-end=\"2078\">Gem\u00e4\u00df Artikel 14 Absatz 1 der Verordnung (EU) Nr. 524\/2013 k\u00f6nnen Verbraucher eine Beschwerde auch \u00fcber <strong data-start=\"1902\" data-end=\"1967\">die Online-Streitbeilegungsplattform (OS)<\/strong> einreichen, die unter folgendem Link verf\u00fcgbar ist:   <br data-start=\"2001\" data-end=\"2004\"><a class=\"\" href=\"https:\/\/ec.europa.eu\/consumers\/odr\/\" target=\"_new\" rel=\"noopener\" data-start=\"2004\" data-end=\"2078\">https:\/\/ec.europa.eu\/consumers\/odr\/<\/a><\/p>\n<\/div>\n<p>[\/vc_column_text][vc_column_text css_animation=&#8220;fadeInDown&#8220; css=&#8220;.vc_custom_1752562011406{padding-top: 35px !important;padding-bottom: 35px !important;}&#8220;]<\/p>\n<h2 style=\"text-align: center;\" data-start=\"67\" data-end=\"120\"><strong data-start=\"67\" data-end=\"120\">Zahlungsm\u00f6glichkeiten<\/strong><\/h2>\n<p>[\/vc_column_text][vc_column_text css=&#8220;.vc_custom_1752562912121{margin-top: 35px !important;}&#8220;]<\/p>\n<h3><strong>1. Zahlungen aus Kroatien auf das Bankkonto des Unternehmens<\/strong><\/h3>\n<p>G\u00e4ste aus Kroatien k\u00f6nnen per Lastschrift oder Online-Banking auf das Bankkonto einzahlen:<\/p>\n<p>TOURIST doo<br \/> Aleja kralja Zvonimir 1, HR-42000 Vara\u017edin, Kroatien<br \/> IBAN: <span class=\"text-success\">HR4223600001101790895<\/span><\/p>\n<p>SWIFT-CODE: ZABAHR2X<\/p>\n<p>Bank: Zagreba\u010dka Banka dd<\/p>\n<p>Rufnummer: gem\u00e4\u00df Angebot \/ Reservierung<\/p>\n<h3><strong>2. Per Kreditkarte \u2013 Online-Zahlung<\/strong><\/h3>\n<p>G\u00e4ste k\u00f6nnen \u00fcber unser sicheres Online-Reservierungssystem mit Kreditkarte bezahlen. Das System verwendet ein SSL-Zertifikat und erm\u00f6glicht die Kartenautorisierung. <\/p>\n<h3><strong>3. Per Kreditkarte \u2013 Offline-Zahlung<\/strong><\/h3>\n<p>Wenn Sie die Offline-Zahlung per Karte w\u00e4hlen, senden wir Ihnen ein Autorisierungsformular zu, das Sie ausf\u00fcllen, unterschreiben und per E-Mail oder Fax zur\u00fccksenden m\u00fcssen. Mit diesem Formular erm\u00e4chtigen Sie Hotel Turist, den vereinbarten Betrag f\u00fcr Ihre Reservierung abzubuchen. <\/p>\n<h3><strong>4. Barzahlung<\/strong><\/h3>\n<p>Die Bezahlung der Leistungen ist je nach Buchungsbedingungen auch in bar an der Hotelrezeption, bei Anreise oder Check-out m\u00f6glich.<\/p>\n<div class=\"nd_options_container nd_options_padding_0_15 nd_options_box_sizing_border_box nd_options_clearfix\">\n<div id=\"post-13150\" class=\"post-13150 page type-page status-draft hentry\">\n<div class=\"desc-bottom-galleria\">\n<p>&nbsp;<\/p>\n<\/div>\n<h3 id=\"wspay-oznake\" style=\"text-align: center;\">Monri WSPay<\/h3>\n<p><a title=\"Monri WSpay - Sicheres Web-Zahlungsgateway\" href=\"http:\/\/www.wspay.info\" target=\"_blank\" rel=\"noopener\"><img decoding=\"async\" class=\"aligncenter\" src=\"https:\/\/www.wspay.info\/payment-info\/wsPayWebSecureLogo-118x50-transparent.png\" alt=\"Monri WSpay - Sicheres Web-Zahlungsgateway\" border=\"0\"><\/a><\/p>\n<h3><\/h3>\n<h3 style=\"text-align: center;\">Zahlung mit Monri WSPay-Systemkarten<\/h3>\n<div class=\"logo-list\" style=\"text-align: center;\"><a title=\"Mastercard\u00ae Identity Check\u2122\" href=\"https:\/\/www.wspay.info\/mastercard-securecode.html\" target=\"_blank\" rel=\"noopener\"><img decoding=\"async\" src=\"https:\/\/www.wspay.info\/payment-info\/mastercard-identity-check.png\" alt=\"Mastercard\u00ae Identity Check\u2122\" border=\"0\"><\/a>&nbsp;<a title=\"Visa Secure\" href=\"https:\/\/www.wspay.info\/verified-by-visa.html\" target=\"_blank\" rel=\"noopener\"><img decoding=\"async\" src=\"https:\/\/www.wspay.info\/payment-info\/visa-secure.png\" alt=\"Visa Secure\" border=\"0\"><\/a>&nbsp;<a title=\"American Express\" href=\"http:\/\/www.americanexpress.hr\/\" target=\"_blank\" rel=\"noopener\"><img decoding=\"async\" src=\"https:\/\/www.wspay.info\/payment-info\/AmericanExpress50.jpg\" alt=\"American Express\" border=\"0\"><\/a>&nbsp;<a title=\"Diners Club International\" href=\"http:\/\/www.diners.com.hr\/\" target=\"_blank\" rel=\"noopener\"><img decoding=\"async\" src=\"https:\/\/www.wspay.info\/payment-info\/diners_50.gif\" alt=\"Diners Club International\" border=\"0\"><\/a>&nbsp;<a title=\"Visum\" href=\"http:\/\/www.visa.com.hr\/\" target=\"_blank\" rel=\"noopener\"><img decoding=\"async\" src=\"https:\/\/www.wspay.info\/payment-info\/Visa50.gif\" alt=\"Visum\" border=\"0\"><\/a><\/div>\n<div class=\"logo-list\" style=\"text-align: center;\"><a title=\"MasterCard\" href=\"https:\/\/www.mastercard.com\/hr\/\" target=\"_blank\" rel=\"noopener\"><img decoding=\"async\" src=\"https:\/\/www.wspay.info\/payment-info\/MasterCard50.gif\" alt=\"MasterCard\" border=\"0\"><\/a>&nbsp;<a title=\"Maestro\" href=\"https:\/\/www.mastercard.com\/hr\/\" target=\"_blank\" rel=\"noopener\"><img decoding=\"async\" src=\"https:\/\/www.wspay.info\/payment-info\/maestro50.gif\" alt=\"Maestro\" border=\"0\"><\/a>&nbsp;<a title=\"Entdecken\" href=\"https:\/\/www.discover.com\/\" target=\"_blank\" rel=\"noopener\"><img decoding=\"async\" src=\"https:\/\/www.wspay.info\/payment-info\/discover_50.gif\" alt=\"Entdecken\" border=\"0\"><\/a>&nbsp;<a title=\"Dinacard\" href=\"http:\/\/www.diners.com.hr\/\" target=\"_blank\" rel=\"noopener\"><img decoding=\"async\" src=\"https:\/\/www.wspay.info\/payment-info\/dinacard50.png\" alt=\"Dinacard\" border=\"0\"><\/a><\/div>\n<div style=\"text-align: center;\"><\/div>\n<h3><\/h3>\n<\/div>\n<\/div>\n<p>[\/vc_column_text][vc_column_text css=&#8220;.vc_custom_1752564410654{margin-top: 35px !important;}&#8220;]<\/p>\n<div class=\"nd_options_container nd_options_padding_0_15 nd_options_box_sizing_border_box nd_options_clearfix\">\n<div id=\"post-13150\" class=\"post-13150 page type-page status-draft hentry\">\n<h3><\/h3>\n<h3 style=\"text-align: center;\">Zus\u00e4tzliche Zahlungsmethoden<a title=\"Aircash\" href=\"https:\/\/aircash.eu\/\" target=\"_blank\" rel=\"noopener\"><img decoding=\"async\" class=\"aligncenter\" src=\"https:\/\/www.wspay.info\/payment-info\/AircashLogo.png\" alt=\"Aircash\"><\/a>&nbsp;<a title=\"Google Pay\" href=\"https:\/\/pay.google.com\/about\/\" target=\"_blank\" rel=\"noopener\"><img decoding=\"async\" class=\"aligncenter\" src=\"https:\/\/www.wspay.info\/payment-info\/GPay-logo.png\" alt=\"Google Pay\"><\/a>&nbsp;<a title=\"KEKS Pay\" href=\"https:\/\/www.kekspay.hr\/\" target=\"_blank\" rel=\"noopener\"><img decoding=\"async\" class=\"aligncenter\" src=\"https:\/\/www.wspay.info\/payment-info\/KeksPayLogo.png\" alt=\"KEKS Pay\"><\/a><\/h3>\n<\/div>\n<\/div>\n<p>[\/vc_column_text][\/vc_column][\/vc_row]<\/p>\n<\/div>","protected":false},"excerpt":{"rendered":"<p>[vc_row][vc_column][vc_column_text css_animation=&#8220;fadeInDown&#8220; css=&#8220;.vc_custom_1752560430742{padding-top: 35px !important;padding-bottom: 35px !important;}&#8220;] VERKAUFSSTELLENINFORMATIONEN \u2013 HOTEL TURIST VARA\u017dDIN [\/vc_column_text][vc_column_text css=&#8220;.vc_custom_1752560391550{margin-top: 35px !important;}&#8220;] Vollst\u00e4ndiger Firmenname: TURIST Gesellschaft mit beschr\u00e4nkter Haftung f\u00fcr Gastgewerbe und Handel Registrierungsnummer: 03672751 OIB (Steuernummer): 21819941955 Anmeldung: Eingetragen im Gerichtsregister des Handelsgerichts in Vara\u017edin Adresse des Hauptsitzes und der Verkaufsstelle: Aleja kralja Zvonimir 1, 42000 Vara\u017edin, Kroatien Vertretungsberechtigte Personen: [&hellip;]<\/p>\n","protected":false},"author":16,"featured_media":0,"parent":0,"menu_order":0,"comment_status":"closed","ping_status":"closed","template":"","meta":{"footnotes":""},"class_list":["post-13067","page","type-page","status-publish","hentry"],"yoast_head":"<!-- This site is optimized with the Yoast SEO plugin v27.2 - https:\/\/yoast.com\/product\/yoast-seo-wordpress\/ -->\n<title>allgemeine Informationen - Hotel Turist Vara\u017edin<\/title>\n<meta name=\"robots\" content=\"index, follow, max-snippet:-1, max-image-preview:large, max-video-preview:-1\" \/>\n<link rel=\"canonical\" href=\"https:\/\/www.hotel-turist.hr\/de\/allgemeine-informationen\/\" \/>\n<meta property=\"og:locale\" content=\"de_DE\" \/>\n<meta property=\"og:type\" content=\"article\" \/>\n<meta property=\"og:title\" content=\"allgemeine Informationen - Hotel Turist Vara\u017edin\" \/>\n<meta property=\"og:description\" content=\"[vc_row][vc_column][vc_column_text css_animation=&#8220;fadeInDown&#8220; css=&#8220;.vc_custom_1752560430742{padding-top: 35px !important;padding-bottom: 35px !important;}&#8220;] VERKAUFSSTELLENINFORMATIONEN \u2013 HOTEL TURIST VARA\u017dDIN [\/vc_column_text][vc_column_text css=&#8220;.vc_custom_1752560391550{margin-top: 35px !important;}&#8220;] Vollst\u00e4ndiger Firmenname: TURIST Gesellschaft mit beschr\u00e4nkter Haftung f\u00fcr Gastgewerbe und Handel Registrierungsnummer: 03672751 OIB (Steuernummer): 21819941955 Anmeldung: Eingetragen im Gerichtsregister des Handelsgerichts in Vara\u017edin Adresse des Hauptsitzes und der Verkaufsstelle: Aleja kralja Zvonimir 1, 42000 Vara\u017edin, Kroatien Vertretungsberechtigte Personen: [&hellip;]\" \/>\n<meta property=\"og:url\" content=\"https:\/\/www.hotel-turist.hr\/de\/allgemeine-informationen\/\" \/>\n<meta property=\"og:site_name\" content=\"Hotel Turist Vara\u017edin\" \/>\n<meta property=\"article:modified_time\" content=\"2025-07-15T07:27:19+00:00\" \/>\n<meta property=\"og:image\" content=\"https:\/\/www.wspay.info\/payment-info\/wsPayWebSecureLogo-118x50-transparent.png\" \/>\n<meta name=\"twitter:card\" content=\"summary_large_image\" \/>\n<meta name=\"twitter:label1\" content=\"Gesch\u00e4tzte Lesezeit\" \/>\n\t<meta name=\"twitter:data1\" content=\"4\u00a0Minuten\" \/>\n<script type=\"application\/ld+json\" class=\"yoast-schema-graph\">{\"@context\":\"https:\/\/schema.org\",\"@graph\":[{\"@type\":\"WebPage\",\"@id\":\"https:\/\/www.hotel-turist.hr\/de\/allgemeine-informationen\/\",\"url\":\"https:\/\/www.hotel-turist.hr\/de\/allgemeine-informationen\/\",\"name\":\"allgemeine Informationen - Hotel Turist Vara\u017edin\",\"isPartOf\":{\"@id\":\"https:\/\/www.hotel-turist.hr\/it\/#website\"},\"primaryImageOfPage\":{\"@id\":\"https:\/\/www.hotel-turist.hr\/de\/allgemeine-informationen\/#primaryimage\"},\"image\":{\"@id\":\"https:\/\/www.hotel-turist.hr\/de\/allgemeine-informationen\/#primaryimage\"},\"thumbnailUrl\":\"https:\/\/www.wspay.info\/payment-info\/wsPayWebSecureLogo-118x50-transparent.png\",\"datePublished\":\"2025-06-06T07:19:12+00:00\",\"dateModified\":\"2025-07-15T07:27:19+00:00\",\"breadcrumb\":{\"@id\":\"https:\/\/www.hotel-turist.hr\/de\/allgemeine-informationen\/#breadcrumb\"},\"inLanguage\":\"de\",\"potentialAction\":[{\"@type\":\"ReadAction\",\"target\":[\"https:\/\/www.hotel-turist.hr\/de\/allgemeine-informationen\/\"]}]},{\"@type\":\"ImageObject\",\"inLanguage\":\"de\",\"@id\":\"https:\/\/www.hotel-turist.hr\/de\/allgemeine-informationen\/#primaryimage\",\"url\":\"https:\/\/www.wspay.info\/payment-info\/wsPayWebSecureLogo-118x50-transparent.png\",\"contentUrl\":\"https:\/\/www.wspay.info\/payment-info\/wsPayWebSecureLogo-118x50-transparent.png\"},{\"@type\":\"BreadcrumbList\",\"@id\":\"https:\/\/www.hotel-turist.hr\/de\/allgemeine-informationen\/#breadcrumb\",\"itemListElement\":[{\"@type\":\"ListItem\",\"position\":1,\"name\":\"Po\u010detna stranica\",\"item\":\"https:\/\/www.hotel-turist.hr\/de\/\"},{\"@type\":\"ListItem\",\"position\":2,\"name\":\"allgemeine Informationen\"}]},{\"@type\":\"WebSite\",\"@id\":\"https:\/\/www.hotel-turist.hr\/it\/#website\",\"url\":\"https:\/\/www.hotel-turist.hr\/it\/\",\"name\":\"Hotel Turist Vara\u017edin\",\"description\":\"\",\"potentialAction\":[{\"@type\":\"SearchAction\",\"target\":{\"@type\":\"EntryPoint\",\"urlTemplate\":\"https:\/\/www.hotel-turist.hr\/it\/?s={search_term_string}\"},\"query-input\":{\"@type\":\"PropertyValueSpecification\",\"valueRequired\":true,\"valueName\":\"search_term_string\"}}],\"inLanguage\":\"de\"}]}<\/script>\n<!-- \/ Yoast SEO plugin. -->","yoast_head_json":{"title":"allgemeine Informationen - Hotel Turist Vara\u017edin","robots":{"index":"index","follow":"follow","max-snippet":"max-snippet:-1","max-image-preview":"max-image-preview:large","max-video-preview":"max-video-preview:-1"},"canonical":"https:\/\/www.hotel-turist.hr\/de\/allgemeine-informationen\/","og_locale":"de_DE","og_type":"article","og_title":"allgemeine Informationen - Hotel Turist Vara\u017edin","og_description":"[vc_row][vc_column][vc_column_text css_animation=&#8220;fadeInDown&#8220; css=&#8220;.vc_custom_1752560430742{padding-top: 35px !important;padding-bottom: 35px !important;}&#8220;] VERKAUFSSTELLENINFORMATIONEN \u2013 HOTEL TURIST VARA\u017dDIN [\/vc_column_text][vc_column_text css=&#8220;.vc_custom_1752560391550{margin-top: 35px !important;}&#8220;] Vollst\u00e4ndiger Firmenname: TURIST Gesellschaft mit beschr\u00e4nkter Haftung f\u00fcr Gastgewerbe und Handel Registrierungsnummer: 03672751 OIB (Steuernummer): 21819941955 Anmeldung: Eingetragen im Gerichtsregister des Handelsgerichts in Vara\u017edin Adresse des Hauptsitzes und der Verkaufsstelle: Aleja kralja Zvonimir 1, 42000 Vara\u017edin, Kroatien Vertretungsberechtigte Personen: [&hellip;]","og_url":"https:\/\/www.hotel-turist.hr\/de\/allgemeine-informationen\/","og_site_name":"Hotel Turist Vara\u017edin","article_modified_time":"2025-07-15T07:27:19+00:00","og_image":[{"url":"https:\/\/www.wspay.info\/payment-info\/wsPayWebSecureLogo-118x50-transparent.png","type":"","width":"","height":""}],"twitter_card":"summary_large_image","twitter_misc":{"Gesch\u00e4tzte Lesezeit":"4\u00a0Minuten"},"schema":{"@context":"https:\/\/schema.org","@graph":[{"@type":"WebPage","@id":"https:\/\/www.hotel-turist.hr\/de\/allgemeine-informationen\/","url":"https:\/\/www.hotel-turist.hr\/de\/allgemeine-informationen\/","name":"allgemeine Informationen - Hotel Turist Vara\u017edin","isPartOf":{"@id":"https:\/\/www.hotel-turist.hr\/it\/#website"},"primaryImageOfPage":{"@id":"https:\/\/www.hotel-turist.hr\/de\/allgemeine-informationen\/#primaryimage"},"image":{"@id":"https:\/\/www.hotel-turist.hr\/de\/allgemeine-informationen\/#primaryimage"},"thumbnailUrl":"https:\/\/www.wspay.info\/payment-info\/wsPayWebSecureLogo-118x50-transparent.png","datePublished":"2025-06-06T07:19:12+00:00","dateModified":"2025-07-15T07:27:19+00:00","breadcrumb":{"@id":"https:\/\/www.hotel-turist.hr\/de\/allgemeine-informationen\/#breadcrumb"},"inLanguage":"de","potentialAction":[{"@type":"ReadAction","target":["https:\/\/www.hotel-turist.hr\/de\/allgemeine-informationen\/"]}]},{"@type":"ImageObject","inLanguage":"de","@id":"https:\/\/www.hotel-turist.hr\/de\/allgemeine-informationen\/#primaryimage","url":"https:\/\/www.wspay.info\/payment-info\/wsPayWebSecureLogo-118x50-transparent.png","contentUrl":"https:\/\/www.wspay.info\/payment-info\/wsPayWebSecureLogo-118x50-transparent.png"},{"@type":"BreadcrumbList","@id":"https:\/\/www.hotel-turist.hr\/de\/allgemeine-informationen\/#breadcrumb","itemListElement":[{"@type":"ListItem","position":1,"name":"Po\u010detna stranica","item":"https:\/\/www.hotel-turist.hr\/de\/"},{"@type":"ListItem","position":2,"name":"allgemeine Informationen"}]},{"@type":"WebSite","@id":"https:\/\/www.hotel-turist.hr\/it\/#website","url":"https:\/\/www.hotel-turist.hr\/it\/","name":"Hotel Turist Vara\u017edin","description":"","potentialAction":[{"@type":"SearchAction","target":{"@type":"EntryPoint","urlTemplate":"https:\/\/www.hotel-turist.hr\/it\/?s={search_term_string}"},"query-input":{"@type":"PropertyValueSpecification","valueRequired":true,"valueName":"search_term_string"}}],"inLanguage":"de"}]}},"_links":{"self":[{"href":"https:\/\/www.hotel-turist.hr\/de\/wp-json\/wp\/v2\/pages\/13067","targetHints":{"allow":["GET"]}}],"collection":[{"href":"https:\/\/www.hotel-turist.hr\/de\/wp-json\/wp\/v2\/pages"}],"about":[{"href":"https:\/\/www.hotel-turist.hr\/de\/wp-json\/wp\/v2\/types\/page"}],"author":[{"embeddable":true,"href":"https:\/\/www.hotel-turist.hr\/de\/wp-json\/wp\/v2\/users\/16"}],"replies":[{"embeddable":true,"href":"https:\/\/www.hotel-turist.hr\/de\/wp-json\/wp\/v2\/comments?post=13067"}],"version-history":[{"count":15,"href":"https:\/\/www.hotel-turist.hr\/de\/wp-json\/wp\/v2\/pages\/13067\/revisions"}],"predecessor-version":[{"id":13217,"href":"https:\/\/www.hotel-turist.hr\/de\/wp-json\/wp\/v2\/pages\/13067\/revisions\/13217"}],"wp:attachment":[{"href":"https:\/\/www.hotel-turist.hr\/de\/wp-json\/wp\/v2\/media?parent=13067"}],"curies":[{"name":"wp","href":"https:\/\/api.w.org\/{rel}","templated":true}]}}