{"id":2666,"date":"2021-12-21T19:15:57","date_gmt":"2021-12-21T19:15:57","guid":{"rendered":"https:\/\/www.hotel-turist.hr\/kongress\/"},"modified":"2022-02-21T10:52:12","modified_gmt":"2022-02-21T10:52:12","slug":"kongress","status":"publish","type":"page","link":"https:\/\/www.hotel-turist.hr\/de\/kongress\/","title":{"rendered":"Veranstaltungen"},"content":{"rendered":"<div class=\"wpb-content-wrapper\"><p>[vc_row full_width=&#8220;stretch_row_content&#8220; equal_height=&#8220;yes&#8220; content_placement=&#8220;middle&#8220; css=&#8220;.vc_custom_1644859235101{background-color: #1c1c1c !important;}&#8220;][vc_column css_animation=&#8220;fadeInDown&#8220; width=&#8220;1\/2&#8243; css=&#8220;.vc_custom_1644857838268{padding-top: 0px !important;padding-right: 0px !important;padding-bottom: 0px !important;padding-left: 0px !important;}&#8220;][vc_single_image image=&#8220;1611&#8243; img_size=&#8220;full&#8220; alignment=&#8220;center&#8220;][\/vc_column][vc_column css_animation=&#8220;fadeInUp&#8220; width=&#8220;1\/2&#8243; css=&#8220;.vc_custom_1644857856757{padding-top: 50px !important;padding-right: 50px !important;padding-bottom: 50px !important;padding-left: 50px !important;}&#8220;] <h1 style=\"color:#ffffff;padding:px;text-align:;font-size:45px;line-height:45px;letter-spacing: px;font-weight:normal\" class=\"   nd_options_first_font \">Hochzeiten<\/h1> <div style=\"background-color:;height: 40px\" class=\"nicdark_section  \"><\/div>[vc_column_text]F\u00fcr den wichtigsten Tag in Ihrem Leben sind wir sicher, dass wir den perfekten Ort und Service haben. Im Zentrum von Vara\u017edin, mit minimalistischem zeitgen\u00f6ssischem Stil, erstklassigem Essen und modern ausgestatteten G\u00e4stezimmern und einer Suite f\u00fcr das Brautpaar, wenn Sie sich f\u00fcr unseren Service entscheiden, k\u00f6nnen Sie sicher sein, dass Sie nur das Beste erwartet. Kompletter Service und Liebe zum Detail sind eine Garantie f\u00fcr die Zufriedenheit jedes jungen Paares. Unser professionelles Team f\u00fcr die Organisation von Hochzeiten steht Ihnen zur Verf\u00fcgung, um Ihnen bei der Auswahl eines professionellen Fotografen, begleitenden Dienstleistungen, Dekorationen und Blumen, der Erstellung von Men\u00fcs, Namenskarten und spezieller Beleuchtung zu helfen. Begeben Sie sich in unsere H\u00e4nde und genie\u00dfen Sie statt Sorgen das Gef\u00fchl, das ein Hochzeitstag vermittelt und schaffen Sie mit uns unvergessliche Erinnerungen.[\/vc_column_text][\/vc_column][\/vc_row][vc_row full_width=&#8220;stretch_row_content&#8220; equal_height=&#8220;yes&#8220; content_placement=&#8220;middle&#8220; css=&#8220;.vc_custom_1644859247130{margin-top: -35px !important;background-color: #1c1c1c !important;}&#8220;][vc_column css_animation=&#8220;fadeInUp&#8220; width=&#8220;1\/2&#8243; css=&#8220;.vc_custom_1644858827193{padding-top: 50px !important;padding-right: 50px !important;padding-bottom: 50px !important;padding-left: 50px !important;}&#8220;][vc_column_text]Die Aria Hall punktet mit einer perfekten Lage im Hotel, zum einen wird sie in nat\u00fcrliches Tageslicht getaucht, das durch hohe Fenster hereinf\u00e4llt. Es ist ideal f\u00fcr rauschende Feiern mit bis zu 250 G\u00e4sten. Mit ein wenig Raffinesse verwandelt unser Expertenteam diesen Mehrzweckraum f\u00fcr Events in einen luxuri\u00f6sen Hochzeitssaal.[\/vc_column_text]<div style=\"background-color:;height: 15px\" class=\"nicdark_section  \"><\/div>\n\t\n\t<a style=\"border: 2px solid #bc9a3b;border-radius:px;letter-spacing:2px;line-height:11px;font-size:11px;background-color:;padding:15px 35px;margin:;color:#bc9a3b\" rel=\"\" href=\"https:\/\/www.hotel-turist.hr\/wp-content\/uploads\/2021\/12\/Hotel-Turist_broc\u0327ura01.pdf\" class=\"nicdark_display_inline_block nd_options_float_left nd_options_font_weight_bold nd_options_second_font  \">HOCHZEITSBROSCH\u00dcRE<\/a>\n\t\n[\/vc_column][vc_column css_animation=&#8220;fadeInDown&#8220; width=&#8220;1\/2&#8243; css=&#8220;.vc_custom_1644857821316{padding-top: 0px !important;padding-right: 0px !important;padding-bottom: 0px !important;padding-left: 0px !important;}&#8220;][vc_single_image image=&#8220;1613&#8243; img_size=&#8220;full&#8220; alignment=&#8220;center&#8220;][\/vc_column][\/vc_row][vc_row full_width=&#8220;stretch_row_content&#8220; equal_height=&#8220;yes&#8220; content_placement=&#8220;middle&#8220; css=&#8220;.vc_custom_1645388982897{margin-top: -35px !important;background-color: #1c1c1c !important;}&#8220;][vc_column css_animation=&#8220;fadeInDown&#8220; width=&#8220;1\/2&#8243; css=&#8220;.vc_custom_1644857838268{padding-top: 0px !important;padding-right: 0px !important;padding-bottom: 0px !important;padding-left: 0px !important;}&#8220;][vc_single_image image=&#8220;3506&#8243; img_size=&#8220;full&#8220; alignment=&#8220;center&#8220;][\/vc_column][vc_column css_animation=&#8220;fadeInUp&#8220; width=&#8220;1\/2&#8243; css=&#8220;.vc_custom_1644857856757{padding-top: 50px !important;padding-right: 50px !important;padding-bottom: 50px !important;padding-left: 50px !important;}&#8220;] <h1 style=\"color:#ffffff;padding:px;text-align:;font-size:45px;line-height:45px;letter-spacing: px;font-weight:normal\" class=\"   nd_options_first_font \">Kongresse und Business-Events<\/h1> <div style=\"background-color:;height: 40px\" class=\"nicdark_section  \"><\/div>[vc_column_text]<\/p>\n<p class=\"p1\">Das Hotel Turist ist als Kongresszentrum des kontinentalen Kroatiens bekannt, das in den letzten zehn Jahren zahlreiche Seminare, Kongresse, Versammlungen und Versammlungen verschiedener in- und ausl\u00e4ndischer Unternehmen veranstaltet und organisiert und die Erwartungen seiner Kunden erf\u00fcllt und erf\u00fcllt hat. F\u00fcr die Abhaltung von Seminaren, Konferenzen, Pr\u00e4sentationen, Gesch\u00e4ftstreffen und Kongressen gibt es zwei separate S\u00e4le, die einen gemeinsamen Raum mit einer Kapazit\u00e4t von bis zu 250 Personen bilden k\u00f6nnen. Da sie durch eine bewegliche Trennwand getrennt sind, wird der Raum im Handumdrehen nach Ihren W\u00fcnschen in zwei kleinere intime S\u00e4le unterteilt, einer mit einer Kapazit\u00e4t f\u00fcr G\u00e4ste und der andere f\u00fcr G\u00e4ste.<\/p>\n<p>&nbsp;<\/p>\n<p class=\"p1\">[\/vc_column_text]<div style=\"background-color:;height: 15px\" class=\"nicdark_section  \"><\/div>\n\t\n\t<a style=\"border: 2px solid #bc9a3b;border-radius:px;letter-spacing:2px;line-height:11px;font-size:11px;background-color:;padding:15px 35px;margin:;color:#bc9a3b\" rel=\"\" href=\"https:\/\/www.hotel-turist.hr\/wp-content\/uploads\/2021\/12\/kongres2018_5a74335f359fb.pdf\" class=\"nicdark_display_inline_block nd_options_float_left nd_options_font_weight_bold nd_options_second_font  \">KONGRESS-BROSCH\u00dcRE<\/a>\n\t\n[\/vc_column][\/vc_row][vc_row full_width=&#8220;stretch_row_content&#8220; equal_height=&#8220;yes&#8220; content_placement=&#8220;middle&#8220; css=&#8220;.vc_custom_1644859247130{margin-top: -35px !important;background-color: #1c1c1c !important;}&#8220;][vc_column css_animation=&#8220;fadeInUp&#8220; width=&#8220;1\/2&#8243; css=&#8220;.vc_custom_1644858827193{padding-top: 50px !important;padding-right: 50px !important;padding-bottom: 50px !important;padding-left: 50px !important;}&#8220;][vc_column_text]<\/p>\n<p class=\"p1\">Der Saal Aria besticht durch seine perfekte Lage, da er einerseits in nat\u00fcrliches Tageslicht getaucht ist, das durch hohe Fenster f\u00e4llt, und andererseits die n\u00f6tige Intimit\u00e4t bietet. Es ist ideal f\u00fcr gr\u00f6\u00dfere Versammlungen und bietet Platz f\u00fcr bis zu 250 G\u00e4ste. Mit ein wenig Raffinesse kann unser Expertenteam diesen Mehrzweckraum f\u00fcr Veranstaltungen in einen idealen Ort f\u00fcr ein Gesch\u00e4ftstreffen oder einen Gesch\u00e4ftsempfang verwandeln. Der Preis f\u00fcr die Raummiete beinhaltet die neueste technische Ausstattung (Beamer, Leinwand, Mikrofone, Tonanlage, Beleuchtung) sowie Kopier-, Fax- und unbegrenztes WLAN.<\/p>\n<p>[\/vc_column_text][\/vc_column][vc_column css_animation=&#8220;fadeInDown&#8220; width=&#8220;1\/2&#8243; css=&#8220;.vc_custom_1644857821316{padding-top: 0px !important;padding-right: 0px !important;padding-bottom: 0px !important;padding-left: 0px !important;}&#8220;][vc_single_image image=&#8220;3506&#8243; img_size=&#8220;full&#8220; alignment=&#8220;center&#8220;][\/vc_column][\/vc_row][vc_row full_width=&#8220;stretch_row_content&#8220; equal_height=&#8220;yes&#8220; content_placement=&#8220;middle&#8220; css=&#8220;.vc_custom_1644859262437{margin-top: -35px !important;background-color: #1c1c1c !important;}&#8220;][vc_column css_animation=&#8220;fadeInDown&#8220; width=&#8220;1\/2&#8243; css=&#8220;.vc_custom_1644857838268{padding-top: 0px !important;padding-right: 0px !important;padding-bottom: 0px !important;padding-left: 0px !important;}&#8220;][vc_single_image image=&#8220;3506&#8243; img_size=&#8220;full&#8220; alignment=&#8220;center&#8220;][\/vc_column][vc_column css_animation=&#8220;fadeInUp&#8220; width=&#8220;1\/2&#8243; css=&#8220;.vc_custom_1644857856757{padding-top: 50px !important;padding-right: 50px !important;padding-bottom: 50px !important;padding-left: 50px !important;}&#8220;][vc_column_text]<\/p>\n<p class=\"p1\">Neben diesen beiden S\u00e4len gibt es auch einen <b>Business Club<\/b> f\u00fcr kleinere Gesch\u00e4ftstreffen. F\u00fcr unsere Gesch\u00e4ftspartner, mit denen Sie mit maximaler Privatsph\u00e4re sprechen m\u00f6chten, bieten wir Ihnen einen kompletten Service mit der gr\u00f6\u00dften Auswahl an Getr\u00e4nken und ein spezielles Angebot &#8211; eine Auswahl der hochwertigsten Zigarren f\u00fcr v\u00f6llige Entspannung.<\/p>\n<p class=\"p1\">W\u00e4hrend Ihres Seminars oder Gesch\u00e4ftstermins stehen wir Ihnen f\u00fcr eine Kaffeepause und einen Businesslunch zu Sonderpreisen zur Verf\u00fcgung.<\/p>\n<p class=\"p1\">Schlie\u00dfen Sie Ihre Gesch\u00e4ftsgespr\u00e4che mit einem positiven Ergebnis f\u00fcr Sie und Ihre Gesch\u00e4ftspartner in der wundersch\u00f6nen Umgebung der Aperitif-Bar des Hotel Turist bei Kaffee, Cocktails und erlesenen Weinen ab!<\/p>\n<p>[\/vc_column_text]<div style=\"background-color:;height: 15px\" class=\"nicdark_section  \"><\/div>[\/vc_column][\/vc_row][vc_row full_width=&#8220;stretch_row_content&#8220; equal_height=&#8220;yes&#8220; content_placement=&#8220;middle&#8220; css=&#8220;.vc_custom_1644859247130{margin-top: -35px !important;background-color: #1c1c1c !important;}&#8220;][vc_column css_animation=&#8220;fadeInUp&#8220; width=&#8220;1\/2&#8243; css=&#8220;.vc_custom_1644858827193{padding-top: 50px !important;padding-right: 50px !important;padding-bottom: 50px !important;padding-left: 50px !important;}&#8220;] <h1 style=\"color:#ffffff;padding:px;text-align:;font-size:45px;line-height:45px;letter-spacing: px;font-weight:normal\" class=\"   nd_options_first_font \">Feierlichkeiten<\/h1> <div style=\"background-color:;height: 40px\" class=\"nicdark_section  \"><\/div>[vc_column_text]<\/p>\n<p class=\"p1\">Die Tradition, Familien-, Geburtstags-, religi\u00f6se und andere Feste zu feiern, sind Gelegenheiten, bei denen wir unsere Qualit\u00e4t und Innovation erneut best\u00e4tigen und all Ihren individuellen Anforderungen gerecht werden k\u00f6nnen.<\/p>\n<p>[\/vc_column_text][\/vc_column][vc_column css_animation=&#8220;fadeInDown&#8220; width=&#8220;1\/2&#8243; css=&#8220;.vc_custom_1644857821316{padding-top: 0px !important;padding-right: 0px !important;padding-bottom: 0px !important;padding-left: 0px !important;}&#8220;][vc_single_image image=&#8220;3506&#8243; img_size=&#8220;full&#8220; alignment=&#8220;center&#8220;][\/vc_column][\/vc_row][vc_row full_width=&#8220;stretch_row_content&#8220; equal_height=&#8220;yes&#8220; content_placement=&#8220;middle&#8220; css=&#8220;.vc_custom_1644859262437{margin-top: -35px !important;background-color: #1c1c1c !important;}&#8220;][vc_column css_animation=&#8220;fadeInDown&#8220; width=&#8220;1\/2&#8243; css=&#8220;.vc_custom_1644857838268{padding-top: 0px !important;padding-right: 0px !important;padding-bottom: 0px !important;padding-left: 0px !important;}&#8220;][vc_single_image image=&#8220;3506&#8243; img_size=&#8220;full&#8220; alignment=&#8220;center&#8220;][\/vc_column][vc_column css_animation=&#8220;fadeInUp&#8220; width=&#8220;1\/2&#8243; css=&#8220;.vc_custom_1644857856757{padding-top: 50px !important;padding-right: 50px !important;padding-bottom: 50px !important;padding-left: 50px !important;}&#8220;][vc_column_text]<\/p>\n<p class=\"p1\">Wir organisieren f\u00fcr Sie unvergessliche Geburtstagsfeiern, Tauffeiern, Abendmahlsfeiern, Konfirmationen, Verlobungsfeiern, Promotionen von Diplomen, Hochzeitsjubil\u00e4en, Silber- oder Goldfeste. Lassen Sie sich von unserem erfahrenen Team verw\u00f6hnen, das Ihnen in Zusammenarbeit mit unseren K\u00f6chen jeden Wunsch erf\u00fcllt und wieder unvergessliche Erinnerungen schafft.<\/p>\n<p>&nbsp;<\/p>\n<p class=\"p1\">F\u00fcr eine etwas andere Art von Geburtstagen und Feiern gibt es auch einen komplett renovierten <b>Club,<\/b> einen Ort, an dem Sie Ihre gl\u00fccklichsten Momente des Lebens ausgelassen feiern und mit Ihrer ausgew\u00e4hlten Gesellschaft bis in die sp\u00e4ten Stunden der Nacht genie\u00dfen k\u00f6nnen. Kontaktieren Sie uns f\u00fcr Details zur Verf\u00fcgbarkeit und Organisation Ihrer Feier.<\/p>\n<p>[\/vc_column_text]<div style=\"background-color:;height: 15px\" class=\"nicdark_section  \"><\/div>\n\t\n\t<a style=\"border: 2px solid #bc9a3b;border-radius:2px;letter-spacing:2px;line-height:11px;font-size:11px;background-color:;padding:15px 35px;margin:;color:#bc9a3b\" rel=\"\" href=\"https:\/\/www.hotel-turist.hr\/de\/kontakt\/\" class=\"nicdark_display_inline_block nd_options_float_left nd_options_font_weight_bold nd_options_second_font  \">BITTE UM EIN ANGEBOT<\/a>\n\t\n[\/vc_column][\/vc_row]<\/p>\n<\/div>","protected":false},"excerpt":{"rendered":"<p>[vc_row full_width=&#8220;stretch_row_content&#8220; equal_height=&#8220;yes&#8220; content_placement=&#8220;middle&#8220; css=&#8220;.vc_custom_1644859235101{background-color: #1c1c1c !important;}&#8220;][vc_column css_animation=&#8220;fadeInDown&#8220; width=&#8220;1\/2&#8243; css=&#8220;.vc_custom_1644857838268{padding-top: 0px !important;padding-right: 0px !important;padding-bottom: 0px !important;padding-left: 0px !important;}&#8220;][vc_single_image image=&#8220;1611&#8243; img_size=&#8220;full&#8220; alignment=&#8220;center&#8220;][\/vc_column][vc_column css_animation=&#8220;fadeInUp&#8220; width=&#8220;1\/2&#8243; css=&#8220;.vc_custom_1644857856757{padding-top: 50px !important;padding-right: 50px !important;padding-bottom: 50px !important;padding-left: 50px !important;}&#8220;][vc_column_text]F\u00fcr den wichtigsten Tag in Ihrem Leben sind wir sicher, dass wir den perfekten Ort und Service haben. Im Zentrum von Vara\u017edin, mit minimalistischem [&hellip;]<\/p>\n","protected":false},"author":1,"featured_media":0,"parent":0,"menu_order":0,"comment_status":"closed","ping_status":"closed","template":"","meta":{"footnotes":""},"class_list":["post-2666","page","type-page","status-publish","hentry"],"yoast_head":"<!-- This site is optimized with the Yoast SEO plugin v27.2 - https:\/\/yoast.com\/product\/yoast-seo-wordpress\/ -->\n<title>Veranstaltungen - Hotel Turist Vara\u017edin<\/title>\n<meta name=\"robots\" content=\"index, follow, max-snippet:-1, max-image-preview:large, max-video-preview:-1\" \/>\n<link rel=\"canonical\" href=\"https:\/\/www.hotel-turist.hr\/de\/kongress\/\" \/>\n<meta property=\"og:locale\" content=\"de_DE\" \/>\n<meta property=\"og:type\" content=\"article\" \/>\n<meta property=\"og:title\" content=\"Veranstaltungen - Hotel Turist Vara\u017edin\" \/>\n<meta property=\"og:description\" content=\"[vc_row full_width=&#8220;stretch_row_content&#8220; equal_height=&#8220;yes&#8220; content_placement=&#8220;middle&#8220; css=&#8220;.vc_custom_1644859235101{background-color: #1c1c1c !important;}&#8220;][vc_column css_animation=&#8220;fadeInDown&#8220; width=&#8220;1\/2&#8243; css=&#8220;.vc_custom_1644857838268{padding-top: 0px !important;padding-right: 0px !important;padding-bottom: 0px !important;padding-left: 0px !important;}&#8220;][vc_single_image image=&#8220;1611&#8243; img_size=&#8220;full&#8220; alignment=&#8220;center&#8220;][\/vc_column][vc_column css_animation=&#8220;fadeInUp&#8220; width=&#8220;1\/2&#8243; css=&#8220;.vc_custom_1644857856757{padding-top: 50px !important;padding-right: 50px !important;padding-bottom: 50px !important;padding-left: 50px !important;}&#8220;][vc_column_text]F\u00fcr den wichtigsten Tag in Ihrem Leben sind wir sicher, dass wir den perfekten Ort und Service haben. Im Zentrum von Vara\u017edin, mit minimalistischem [&hellip;]\" \/>\n<meta property=\"og:url\" content=\"https:\/\/www.hotel-turist.hr\/de\/kongress\/\" \/>\n<meta property=\"og:site_name\" content=\"Hotel Turist Vara\u017edin\" \/>\n<meta property=\"article:modified_time\" content=\"2022-02-21T10:52:12+00:00\" \/>\n<meta name=\"twitter:card\" content=\"summary_large_image\" \/>\n<meta name=\"twitter:label1\" content=\"Gesch\u00e4tzte Lesezeit\" \/>\n\t<meta name=\"twitter:data1\" content=\"8\u00a0Minuten\" \/>\n<script type=\"application\/ld+json\" class=\"yoast-schema-graph\">{\"@context\":\"https:\/\/schema.org\",\"@graph\":[{\"@type\":\"WebPage\",\"@id\":\"https:\/\/www.hotel-turist.hr\/de\/kongress\/\",\"url\":\"https:\/\/www.hotel-turist.hr\/de\/kongress\/\",\"name\":\"Veranstaltungen - Hotel Turist Vara\u017edin\",\"isPartOf\":{\"@id\":\"https:\/\/www.hotel-turist.hr\/it\/#website\"},\"datePublished\":\"2021-12-21T19:15:57+00:00\",\"dateModified\":\"2022-02-21T10:52:12+00:00\",\"breadcrumb\":{\"@id\":\"https:\/\/www.hotel-turist.hr\/de\/kongress\/#breadcrumb\"},\"inLanguage\":\"de\",\"potentialAction\":[{\"@type\":\"ReadAction\",\"target\":[\"https:\/\/www.hotel-turist.hr\/de\/kongress\/\"]}]},{\"@type\":\"BreadcrumbList\",\"@id\":\"https:\/\/www.hotel-turist.hr\/de\/kongress\/#breadcrumb\",\"itemListElement\":[{\"@type\":\"ListItem\",\"position\":1,\"name\":\"Po\u010detna stranica\",\"item\":\"https:\/\/www.hotel-turist.hr\/de\/\"},{\"@type\":\"ListItem\",\"position\":2,\"name\":\"Veranstaltungen\"}]},{\"@type\":\"WebSite\",\"@id\":\"https:\/\/www.hotel-turist.hr\/it\/#website\",\"url\":\"https:\/\/www.hotel-turist.hr\/it\/\",\"name\":\"Hotel Turist Vara\u017edin\",\"description\":\"\",\"potentialAction\":[{\"@type\":\"SearchAction\",\"target\":{\"@type\":\"EntryPoint\",\"urlTemplate\":\"https:\/\/www.hotel-turist.hr\/it\/?s={search_term_string}\"},\"query-input\":{\"@type\":\"PropertyValueSpecification\",\"valueRequired\":true,\"valueName\":\"search_term_string\"}}],\"inLanguage\":\"de\"}]}<\/script>\n<!-- \/ Yoast SEO plugin. -->","yoast_head_json":{"title":"Veranstaltungen - Hotel Turist Vara\u017edin","robots":{"index":"index","follow":"follow","max-snippet":"max-snippet:-1","max-image-preview":"max-image-preview:large","max-video-preview":"max-video-preview:-1"},"canonical":"https:\/\/www.hotel-turist.hr\/de\/kongress\/","og_locale":"de_DE","og_type":"article","og_title":"Veranstaltungen - Hotel Turist Vara\u017edin","og_description":"[vc_row full_width=&#8220;stretch_row_content&#8220; equal_height=&#8220;yes&#8220; content_placement=&#8220;middle&#8220; css=&#8220;.vc_custom_1644859235101{background-color: #1c1c1c !important;}&#8220;][vc_column css_animation=&#8220;fadeInDown&#8220; width=&#8220;1\/2&#8243; css=&#8220;.vc_custom_1644857838268{padding-top: 0px !important;padding-right: 0px !important;padding-bottom: 0px !important;padding-left: 0px !important;}&#8220;][vc_single_image image=&#8220;1611&#8243; img_size=&#8220;full&#8220; alignment=&#8220;center&#8220;][\/vc_column][vc_column css_animation=&#8220;fadeInUp&#8220; width=&#8220;1\/2&#8243; css=&#8220;.vc_custom_1644857856757{padding-top: 50px !important;padding-right: 50px !important;padding-bottom: 50px !important;padding-left: 50px !important;}&#8220;][vc_column_text]F\u00fcr den wichtigsten Tag in Ihrem Leben sind wir sicher, dass wir den perfekten Ort und Service haben. Im Zentrum von Vara\u017edin, mit minimalistischem [&hellip;]","og_url":"https:\/\/www.hotel-turist.hr\/de\/kongress\/","og_site_name":"Hotel Turist Vara\u017edin","article_modified_time":"2022-02-21T10:52:12+00:00","twitter_card":"summary_large_image","twitter_misc":{"Gesch\u00e4tzte Lesezeit":"8\u00a0Minuten"},"schema":{"@context":"https:\/\/schema.org","@graph":[{"@type":"WebPage","@id":"https:\/\/www.hotel-turist.hr\/de\/kongress\/","url":"https:\/\/www.hotel-turist.hr\/de\/kongress\/","name":"Veranstaltungen - Hotel Turist Vara\u017edin","isPartOf":{"@id":"https:\/\/www.hotel-turist.hr\/it\/#website"},"datePublished":"2021-12-21T19:15:57+00:00","dateModified":"2022-02-21T10:52:12+00:00","breadcrumb":{"@id":"https:\/\/www.hotel-turist.hr\/de\/kongress\/#breadcrumb"},"inLanguage":"de","potentialAction":[{"@type":"ReadAction","target":["https:\/\/www.hotel-turist.hr\/de\/kongress\/"]}]},{"@type":"BreadcrumbList","@id":"https:\/\/www.hotel-turist.hr\/de\/kongress\/#breadcrumb","itemListElement":[{"@type":"ListItem","position":1,"name":"Po\u010detna stranica","item":"https:\/\/www.hotel-turist.hr\/de\/"},{"@type":"ListItem","position":2,"name":"Veranstaltungen"}]},{"@type":"WebSite","@id":"https:\/\/www.hotel-turist.hr\/it\/#website","url":"https:\/\/www.hotel-turist.hr\/it\/","name":"Hotel Turist Vara\u017edin","description":"","potentialAction":[{"@type":"SearchAction","target":{"@type":"EntryPoint","urlTemplate":"https:\/\/www.hotel-turist.hr\/it\/?s={search_term_string}"},"query-input":{"@type":"PropertyValueSpecification","valueRequired":true,"valueName":"search_term_string"}}],"inLanguage":"de"}]}},"_links":{"self":[{"href":"https:\/\/www.hotel-turist.hr\/de\/wp-json\/wp\/v2\/pages\/2666","targetHints":{"allow":["GET"]}}],"collection":[{"href":"https:\/\/www.hotel-turist.hr\/de\/wp-json\/wp\/v2\/pages"}],"about":[{"href":"https:\/\/www.hotel-turist.hr\/de\/wp-json\/wp\/v2\/types\/page"}],"author":[{"embeddable":true,"href":"https:\/\/www.hotel-turist.hr\/de\/wp-json\/wp\/v2\/users\/1"}],"replies":[{"embeddable":true,"href":"https:\/\/www.hotel-turist.hr\/de\/wp-json\/wp\/v2\/comments?post=2666"}],"version-history":[{"count":7,"href":"https:\/\/www.hotel-turist.hr\/de\/wp-json\/wp\/v2\/pages\/2666\/revisions"}],"predecessor-version":[{"id":4058,"href":"https:\/\/www.hotel-turist.hr\/de\/wp-json\/wp\/v2\/pages\/2666\/revisions\/4058"}],"wp:attachment":[{"href":"https:\/\/www.hotel-turist.hr\/de\/wp-json\/wp\/v2\/media?parent=2666"}],"curies":[{"name":"wp","href":"https:\/\/api.w.org\/{rel}","templated":true}]}}