{"id":4709,"date":"2022-03-24T13:37:12","date_gmt":"2022-03-24T13:37:12","guid":{"rendered":"https:\/\/www.hotel-turist.hr\/von-romischen-badern-zum-mittelpunkt-der-welt\/"},"modified":"2022-10-12T07:04:57","modified_gmt":"2022-10-12T06:04:57","slug":"von-romischen-badern-zum-mittelpunkt-der-welt","status":"publish","type":"page","link":"https:\/\/www.hotel-turist.hr\/de\/von-romischen-badern-zum-mittelpunkt-der-welt\/","title":{"rendered":"25. Restaurantwoche &#8211; Genie\u00dfen Sie die leckerste Woche des Jahres im Restaurant NOBEL"},"content":{"rendered":"<div class=\"wpb-content-wrapper\"><p>[vc_row css=&#8220;.vc_custom_1492008828909{margin-top: 40px !important;}&#8220;][vc_column] <h2 style=\"color:#1c1c1c;padding:px;text-align:;font-size:25px;line-height:25px;letter-spacing: px;font-weight:normal\" class=\"   nd_options_first_font \">25. Tjedan restorana - U\u017eivajte u najukusnijem tjednu u godini u restoranu NOBEL<\/h2> <div style=\"background-color:;height: 20px\" class=\"nicdark_section  \"><\/div>[vc_column_text]<strong>Restaurant Week \u2013 eine beliebte gastronomische Veranstaltung, bei der Sie fantastische Gerichte zu g\u00fcnstigen Preisen genie\u00dfen k\u00f6nnen.<\/strong><\/p>\n<p>&nbsp;<\/p>\n<p>Dies ist die <strong>25. Restaurantwoche in Folge<\/strong> <strong>in<\/strong> diesem Zeitraum <strong>ab 14 bis zum 23 Oktober <\/strong>und unser <strong>Restaurant Nobel<\/strong> ist Teil dieser gastronomischen Geschichte, einer Manifestation, die die besten Restaurants Kroatiens vereint.<\/p>\n<p>&nbsp;<\/p>\n<p>In den n\u00e4chsten 10 Tagen k\u00f6nnen Sie bei Nobel in drei G\u00e4ngen ausgezeichnete Gerichte probieren, die aus \u00fcberwiegend lokalen, traditionellen Zutaten mit modernsten Kochtechniken zubereitet werden. Nach den \u00fcberaus guten Eindr\u00fccken der letzten Restaurantwoche und den Men\u00fcs, die unsere K\u00f6che in den letzten Tagen flei\u00dfig vorbereitet haben, sind wir uns sicher, auch dieses Mal wieder viele Feinschmecker bewirten und begeistern zu k\u00f6nnen.<\/p>\n<p>Buchen Sie daher Ihren Termin und Platz so schnell wie m\u00f6glich unter <strong>042 395 714<\/strong> , <strong>099 228 1620,<\/strong> <a href=\"mailto:ugostiteljstvo@hotel-turist.hr\">ugostiteljstvo@hotel-turist.hr<\/a> oder \u00fcber <a href=\"https:\/\/www.facebook.com\/nobel.restoran\"><strong>die FB-Seite des Restaurants Nobel<\/strong><\/a> oder \u00fcber die sozialen Netzwerke des <strong>Hotel Turist.<\/strong>[\/vc_column_text][vc_btn title=&#8220;Speisekarte&#8220; link=&#8220;url:https%3A%2F%2Fwww.hotel-turist.hr%2Fwp-content%2Fuploads%2F2022%2F10%2FTjedan-restorana-menu.pdf&#8220;][\/vc_column][\/vc_row][vc_row full_height=&#8220;yes&#8220; equal_height=&#8220;yes&#8220; content_placement=&#8220;middle&#8220; css=&#8220;.vc_custom_1648129466453{margin-top: 20px !important;}&#8220;][vc_column width=&#8220;1\/2&#8243;]\n    <div style=\"text-align:center\" class=\"nd_options_section\">\n      <img decoding=\"async\" alt=\"\" style=\"width:100%\" class=\" nd_options_margin_0 nd_options_padding_0 \" src=\"https:\/\/www.hotel-turist.hr\/wp-content\/uploads\/2022\/10\/Tjedan-restorana-1024x627.png\">\n    <\/div>\n   [\/vc_column][vc_column width=&#8220;1\/2&#8243;]\n    <div style=\"text-align:center\" class=\"nd_options_section\">\n      <img decoding=\"async\" alt=\"\" style=\"width:100%\" class=\" nd_options_margin_0 nd_options_padding_0 \" src=\"https:\/\/www.hotel-turist.hr\/wp-content\/uploads\/2022\/03\/Posirana-rolica-brancina-omotana-tikvicama-grilani-komorac-umak-od-safrana-2-1024x683.jpg\">\n    <\/div>\n   [\/vc_column][\/vc_row]<\/p>\n<\/div>","protected":false},"excerpt":{"rendered":"<p>[vc_row css=&#8220;.vc_custom_1492008828909{margin-top: 40px !important;}&#8220;][vc_column][vc_column_text]Restaurant Week \u2013 eine beliebte gastronomische Veranstaltung, bei der Sie fantastische Gerichte zu g\u00fcnstigen Preisen genie\u00dfen k\u00f6nnen. &nbsp; Dies ist die 25. Restaurantwoche in Folge in diesem Zeitraum ab 14 bis zum 23 Oktober und unser Restaurant Nobel ist Teil dieser gastronomischen Geschichte, einer Manifestation, die die besten Restaurants Kroatiens vereint. &nbsp; [&hellip;]<\/p>\n","protected":false},"author":1,"featured_media":0,"parent":0,"menu_order":0,"comment_status":"closed","ping_status":"closed","template":"","meta":{"footnotes":""},"class_list":["post-4709","page","type-page","status-publish","hentry"],"yoast_head":"<!-- This site is optimized with the Yoast SEO plugin v27.2 - https:\/\/yoast.com\/product\/yoast-seo-wordpress\/ -->\n<title>25. Restaurantwoche - Genie\u00dfen Sie die leckerste Woche des Jahres im Restaurant NOBEL - Hotel Turist Vara\u017edin<\/title>\n<meta name=\"robots\" content=\"index, follow, max-snippet:-1, max-image-preview:large, max-video-preview:-1\" \/>\n<link rel=\"canonical\" href=\"https:\/\/www.hotel-turist.hr\/25-tjedan-restorana\/\" \/>\n<meta property=\"og:locale\" content=\"de_DE\" \/>\n<meta property=\"og:type\" content=\"article\" \/>\n<meta property=\"og:title\" content=\"25. Restaurantwoche - Genie\u00dfen Sie die leckerste Woche des Jahres im Restaurant NOBEL - Hotel Turist Vara\u017edin\" \/>\n<meta property=\"og:description\" content=\"[vc_row css=&#8220;.vc_custom_1492008828909{margin-top: 40px !important;}&#8220;][vc_column][vc_column_text]Restaurant Week \u2013 eine beliebte gastronomische Veranstaltung, bei der Sie fantastische Gerichte zu g\u00fcnstigen Preisen genie\u00dfen k\u00f6nnen. &nbsp; Dies ist die 25. Restaurantwoche in Folge in diesem Zeitraum ab 14 bis zum 23 Oktober und unser Restaurant Nobel ist Teil dieser gastronomischen Geschichte, einer Manifestation, die die besten Restaurants Kroatiens vereint. &nbsp; [&hellip;]\" \/>\n<meta property=\"og:url\" content=\"https:\/\/www.hotel-turist.hr\/25-tjedan-restorana\/\" \/>\n<meta property=\"og:site_name\" content=\"Hotel Turist Vara\u017edin\" \/>\n<meta property=\"article:modified_time\" content=\"2022-10-12T06:04:57+00:00\" \/>\n<meta name=\"twitter:card\" content=\"summary_large_image\" \/>\n<meta name=\"twitter:label1\" content=\"Gesch\u00e4tzte Lesezeit\" \/>\n\t<meta name=\"twitter:data1\" content=\"2\u00a0Minuten\" \/>\n<script type=\"application\/ld+json\" class=\"yoast-schema-graph\">{\"@context\":\"https:\/\/schema.org\",\"@graph\":[{\"@type\":\"WebPage\",\"@id\":\"https:\/\/www.hotel-turist.hr\/25-tjedan-restorana\/\",\"url\":\"https:\/\/www.hotel-turist.hr\/25-tjedan-restorana\/\",\"name\":\"25. Restaurantwoche - Genie\u00dfen Sie die leckerste Woche des Jahres im Restaurant NOBEL - Hotel Turist Vara\u017edin\",\"isPartOf\":{\"@id\":\"https:\/\/www.hotel-turist.hr\/it\/#website\"},\"datePublished\":\"2022-03-24T13:37:12+00:00\",\"dateModified\":\"2022-10-12T06:04:57+00:00\",\"breadcrumb\":{\"@id\":\"https:\/\/www.hotel-turist.hr\/25-tjedan-restorana\/#breadcrumb\"},\"inLanguage\":\"de\",\"potentialAction\":[{\"@type\":\"ReadAction\",\"target\":[\"https:\/\/www.hotel-turist.hr\/25-tjedan-restorana\/\"]}]},{\"@type\":\"BreadcrumbList\",\"@id\":\"https:\/\/www.hotel-turist.hr\/25-tjedan-restorana\/#breadcrumb\",\"itemListElement\":[{\"@type\":\"ListItem\",\"position\":1,\"name\":\"Po\u010detna stranica\",\"item\":\"https:\/\/www.hotel-turist.hr\/de\/\"},{\"@type\":\"ListItem\",\"position\":2,\"name\":\"25. Restaurantwoche &#8211; Genie\u00dfen Sie die leckerste Woche des Jahres im Restaurant NOBEL\"}]},{\"@type\":\"WebSite\",\"@id\":\"https:\/\/www.hotel-turist.hr\/it\/#website\",\"url\":\"https:\/\/www.hotel-turist.hr\/it\/\",\"name\":\"Hotel Turist Vara\u017edin\",\"description\":\"\",\"potentialAction\":[{\"@type\":\"SearchAction\",\"target\":{\"@type\":\"EntryPoint\",\"urlTemplate\":\"https:\/\/www.hotel-turist.hr\/it\/?s={search_term_string}\"},\"query-input\":{\"@type\":\"PropertyValueSpecification\",\"valueRequired\":true,\"valueName\":\"search_term_string\"}}],\"inLanguage\":\"de\"}]}<\/script>\n<!-- \/ Yoast SEO plugin. -->","yoast_head_json":{"title":"25. Restaurantwoche - Genie\u00dfen Sie die leckerste Woche des Jahres im Restaurant NOBEL - Hotel Turist Vara\u017edin","robots":{"index":"index","follow":"follow","max-snippet":"max-snippet:-1","max-image-preview":"max-image-preview:large","max-video-preview":"max-video-preview:-1"},"canonical":"https:\/\/www.hotel-turist.hr\/25-tjedan-restorana\/","og_locale":"de_DE","og_type":"article","og_title":"25. Restaurantwoche - Genie\u00dfen Sie die leckerste Woche des Jahres im Restaurant NOBEL - Hotel Turist Vara\u017edin","og_description":"[vc_row css=&#8220;.vc_custom_1492008828909{margin-top: 40px !important;}&#8220;][vc_column][vc_column_text]Restaurant Week \u2013 eine beliebte gastronomische Veranstaltung, bei der Sie fantastische Gerichte zu g\u00fcnstigen Preisen genie\u00dfen k\u00f6nnen. &nbsp; Dies ist die 25. Restaurantwoche in Folge in diesem Zeitraum ab 14 bis zum 23 Oktober und unser Restaurant Nobel ist Teil dieser gastronomischen Geschichte, einer Manifestation, die die besten Restaurants Kroatiens vereint. &nbsp; [&hellip;]","og_url":"https:\/\/www.hotel-turist.hr\/25-tjedan-restorana\/","og_site_name":"Hotel Turist Vara\u017edin","article_modified_time":"2022-10-12T06:04:57+00:00","twitter_card":"summary_large_image","twitter_misc":{"Gesch\u00e4tzte Lesezeit":"2\u00a0Minuten"},"schema":{"@context":"https:\/\/schema.org","@graph":[{"@type":"WebPage","@id":"https:\/\/www.hotel-turist.hr\/25-tjedan-restorana\/","url":"https:\/\/www.hotel-turist.hr\/25-tjedan-restorana\/","name":"25. Restaurantwoche - Genie\u00dfen Sie die leckerste Woche des Jahres im Restaurant NOBEL - Hotel Turist Vara\u017edin","isPartOf":{"@id":"https:\/\/www.hotel-turist.hr\/it\/#website"},"datePublished":"2022-03-24T13:37:12+00:00","dateModified":"2022-10-12T06:04:57+00:00","breadcrumb":{"@id":"https:\/\/www.hotel-turist.hr\/25-tjedan-restorana\/#breadcrumb"},"inLanguage":"de","potentialAction":[{"@type":"ReadAction","target":["https:\/\/www.hotel-turist.hr\/25-tjedan-restorana\/"]}]},{"@type":"BreadcrumbList","@id":"https:\/\/www.hotel-turist.hr\/25-tjedan-restorana\/#breadcrumb","itemListElement":[{"@type":"ListItem","position":1,"name":"Po\u010detna stranica","item":"https:\/\/www.hotel-turist.hr\/de\/"},{"@type":"ListItem","position":2,"name":"25. Restaurantwoche &#8211; Genie\u00dfen Sie die leckerste Woche des Jahres im Restaurant NOBEL"}]},{"@type":"WebSite","@id":"https:\/\/www.hotel-turist.hr\/it\/#website","url":"https:\/\/www.hotel-turist.hr\/it\/","name":"Hotel Turist Vara\u017edin","description":"","potentialAction":[{"@type":"SearchAction","target":{"@type":"EntryPoint","urlTemplate":"https:\/\/www.hotel-turist.hr\/it\/?s={search_term_string}"},"query-input":{"@type":"PropertyValueSpecification","valueRequired":true,"valueName":"search_term_string"}}],"inLanguage":"de"}]}},"_links":{"self":[{"href":"https:\/\/www.hotel-turist.hr\/de\/wp-json\/wp\/v2\/pages\/4709","targetHints":{"allow":["GET"]}}],"collection":[{"href":"https:\/\/www.hotel-turist.hr\/de\/wp-json\/wp\/v2\/pages"}],"about":[{"href":"https:\/\/www.hotel-turist.hr\/de\/wp-json\/wp\/v2\/types\/page"}],"author":[{"embeddable":true,"href":"https:\/\/www.hotel-turist.hr\/de\/wp-json\/wp\/v2\/users\/1"}],"replies":[{"embeddable":true,"href":"https:\/\/www.hotel-turist.hr\/de\/wp-json\/wp\/v2\/comments?post=4709"}],"version-history":[{"count":11,"href":"https:\/\/www.hotel-turist.hr\/de\/wp-json\/wp\/v2\/pages\/4709\/revisions"}],"predecessor-version":[{"id":5421,"href":"https:\/\/www.hotel-turist.hr\/de\/wp-json\/wp\/v2\/pages\/4709\/revisions\/5421"}],"wp:attachment":[{"href":"https:\/\/www.hotel-turist.hr\/de\/wp-json\/wp\/v2\/media?parent=4709"}],"curies":[{"name":"wp","href":"https:\/\/api.w.org\/{rel}","templated":true}]}}