{"id":4731,"date":"2022-03-24T13:41:33","date_gmt":"2022-03-24T13:41:33","guid":{"rendered":"https:\/\/www.hotel-turist.hr\/die-blumenstadt-die-schonheiten-der-region-bednjan-und-die-perlen-des-kroatischen-zagorje\/"},"modified":"2022-03-27T14:54:40","modified_gmt":"2022-03-27T14:54:40","slug":"die-blumenstadt-die-schonheiten-der-region-bednjan-und-die-perlen-des-kroatischen-zagorje","status":"publish","type":"page","link":"https:\/\/www.hotel-turist.hr\/de\/die-blumenstadt-die-schonheiten-der-region-bednjan-und-die-perlen-des-kroatischen-zagorje\/","title":{"rendered":"Die Blumenstadt, die Sch\u00f6nheiten der Region Bednjan und die Perlen des kroatischen Zagorje"},"content":{"rendered":"<div class=\"wpb-content-wrapper\"><p>[vc_row css=&#8220;.vc_custom_1492008828909{margin-top: 40px !important;}&#8220;][vc_column] <h2 style=\"color:#1c1c1c;padding:px;text-align:;font-size:25px;line-height:25px;letter-spacing: px;font-weight:normal\" class=\"   nd_options_first_font \">Die Blumenstadt, die Sch\u00f6nheiten der Region Bednjan und die Perlen des kroatischen Zagorje<\/h2> <div style=\"background-color:;height: 20px\" class=\"nicdark_section  \"><\/div>[vc_column_text]<\/p>\n<p class=\"p1\" style=\"text-align: left;\"><span class=\"nicdark_font_size_70 nicdark_float_left nicdark_padding_28 nicdark_line_height_30 nicdark_first_font\">Nach<\/span> der Ankunft in der sch\u00f6nsten Barockstadt Vara\u017edin und einem Treffen mit einem lokalen F\u00fchrer folgt eine Besichtigung des Stadtfriedhofs aus dem 18. Jahrhundert. die eine der Perlen der Gartenarchitektur und der Naturdenkm\u00e4ler ist. Wir setzen unsere Besichtigungstour durch die Altstadt, den Palast von Sermaga, die Ursulinenkirche und das Kloster, den Stadtplatz, die Kathedrale, das Stadttheater fort\u2026 Ihr Guide w\u00e4hrend der Stadtrundfahrt wird Ihnen interessante Geschichten erz\u00e4hlen. Wussten Sie, dass die Altstadt von Vara\u017edin nicht weniger als 11 Glockent\u00fcrme, 6 Kirchen und 3 Kl\u00f6ster hat? Ist es also verwunderlich, dass Engel, so s\u00fc\u00dfe und liebe Wesen und Symbole des Guten, Vara\u017edin als ihr Zuhause gew\u00e4hlt haben? Vara\u017edin ist die Stadt der Engel, treten Sie in ihre Fu\u00dfstapfen &#8230;<\/p>\n<p>[\/vc_column_text][\/vc_column][\/vc_row][vc_row full_height=&#8220;yes&#8220; equal_height=&#8220;yes&#8220; content_placement=&#8220;middle&#8220; css=&#8220;.vc_custom_1648129400303{margin-top: 20px !important;}&#8220;][vc_column width=&#8220;1\/2&#8243;]\n    <div style=\"text-align:center\" class=\"nd_options_section\">\n      <img decoding=\"async\" alt=\"\" style=\"width:100%\" class=\" nd_options_margin_0 nd_options_padding_0 \" src=\"https:\/\/www.hotel-turist.hr\/wp-content\/uploads\/2022\/02\/trakoscan1-1024x683.jpg\">\n    <\/div>\n   [\/vc_column][vc_column width=&#8220;1\/2&#8243;]\n    <div style=\"text-align:center\" class=\"nd_options_section\">\n      <img decoding=\"async\" alt=\"\" style=\"width:100%\" class=\" nd_options_margin_0 nd_options_padding_0 \" src=\"https:\/\/www.hotel-turist.hr\/wp-content\/uploads\/2022\/02\/trakoscan7-1024x573.jpg\">\n    <\/div>\n   [\/vc_column][\/vc_row][vc_row css=&#8220;.vc_custom_1467643035435{margin-top: 40px !important;}&#8220;][vc_column] <h2 style=\"color:#1c1c1c;padding:px;text-align:;font-size:25px;line-height:25px;letter-spacing: px;font-weight:normal\" class=\"   nd_options_first_font \">Vara\u017edin - Bednja - Schloss Trako\u0161\u0107an<\/h2> <div style=\"background-color:;height: 20px\" class=\"nicdark_section  \"><\/div>[vc_column_text]<\/p>\n<p class=\"p1\">Kilometerlang &#8222;Klein-Wien&#8220; genannt, und jetzt haben Sie sich selbst davon \u00fcberzeugt, dass es Zeit ist, Ihren Spaziergang im Hotel &#8222;Tourist&#8220; zu beenden. Probieren Sie im sch\u00f6nen Ambiente des neu renovierten Hotels bei einem Begr\u00fc\u00dfungsgetr\u00e4nk die bekannten Vara\u017edin klipi\u0107. Organisiertes Mittagessen mit traditionellen Gerichten der Region Vara\u017edin. Eine kurze Pause und ein Ausflug, um die Region Bednjan kennenzulernen, die Sch\u00f6nheiten der erhaltenen Natur der Region mit spezifischer Sprache, reicher Tradition und herzlichen Gastgebern. Wir verlassen die Landschaft am Fu\u00dfe der Berge Ivan\u0161\u010dica, Strahinj\u010dica, Maceljska und Ravna gora und besuchen die PERLE DES KROATISCHEN ZAGORJE &#8211; BURG TRAKO\u0160\u0106AN. Die Meister des Kastells, von den Grafen von Celje, dem Heerf\u00fchrer Jan Vitovac, dann Ivani\u0161 Korvin bis zur Familie Dra\u0161kovi\u0107, haben die Dauerausstellung im Museum, die wir heute erleben, mit der Pr\u00e4sentation des Lebens des kroatischen Adels eindrucksvoll gepr\u00e4gt durch die Geschichte. Atmen Sie den Geist der Vergangenheit ein und setzen Sie Ihre Reise gut gelaunt zu Ihrem Wohnort fort.<\/p>\n<p>[\/vc_column_text][\/vc_column][\/vc_row][vc_row][vc_column width=&#8220;1\/2&#8243;][vc_column_text]<\/p>\n<p class=\"p1\">Paketpreis <span class=\"s1\"><b>:<\/b><\/span> _____ pro Person \/ kn<\/p>\n<p>[\/vc_column_text][\/vc_column][vc_column width=&#8220;1\/2&#8243;][vc_column_text]<\/p>\n<p class=\"p1\"><span class=\"s1\"><b>Der Preis des Pakets beinhaltet:<\/b><\/span> fachkundige F\u00fchrung w\u00e4hrend des ganzen Tages, organisiertes Mittagessen (beiliegendes Men\u00fc) im Hotel &#8222;Tourist&#8220; mit einem Begr\u00fc\u00dfungsgetr\u00e4nk und Vara\u017edin-Clips, Besuch und Besichtigung von Bednja und der BURG TRAKO\u0160\u0106AN &#8211; Eintrittskarten inbegriffen.<\/p>\n<p>[\/vc_column_text][\/vc_column][\/vc_row]<\/p>\n<\/div>","protected":false},"excerpt":{"rendered":"<p>[vc_row css=&#8220;.vc_custom_1492008828909{margin-top: 40px !important;}&#8220;][vc_column][vc_column_text] Nach der Ankunft in der sch\u00f6nsten Barockstadt Vara\u017edin und einem Treffen mit einem lokalen F\u00fchrer folgt eine Besichtigung des Stadtfriedhofs aus dem 18. Jahrhundert. die eine der Perlen der Gartenarchitektur und der Naturdenkm\u00e4ler ist. Wir setzen unsere Besichtigungstour durch die Altstadt, den Palast von Sermaga, die Ursulinenkirche und das Kloster, den [&hellip;]<\/p>\n","protected":false},"author":1,"featured_media":0,"parent":0,"menu_order":0,"comment_status":"closed","ping_status":"closed","template":"","meta":{"footnotes":""},"class_list":["post-4731","page","type-page","status-publish","hentry"],"yoast_head":"<!-- This site is optimized with the Yoast SEO plugin v27.2 - https:\/\/yoast.com\/product\/yoast-seo-wordpress\/ -->\n<title>Die Blumenstadt, die Sch\u00f6nheiten der Region Bednjan und die Perlen des kroatischen Zagorje - Hotel Turist Vara\u017edin<\/title>\n<meta name=\"robots\" content=\"index, follow, max-snippet:-1, max-image-preview:large, max-video-preview:-1\" \/>\n<link rel=\"canonical\" href=\"https:\/\/www.hotel-turist.hr\/hrvatska-rukometna-reprezentacija-u-hotelu-turist\/\" \/>\n<meta property=\"og:locale\" content=\"de_DE\" \/>\n<meta property=\"og:type\" content=\"article\" \/>\n<meta property=\"og:title\" content=\"Die Blumenstadt, die Sch\u00f6nheiten der Region Bednjan und die Perlen des kroatischen Zagorje - Hotel Turist Vara\u017edin\" \/>\n<meta property=\"og:description\" content=\"[vc_row css=&#8220;.vc_custom_1492008828909{margin-top: 40px !important;}&#8220;][vc_column][vc_column_text] Nach der Ankunft in der sch\u00f6nsten Barockstadt Vara\u017edin und einem Treffen mit einem lokalen F\u00fchrer folgt eine Besichtigung des Stadtfriedhofs aus dem 18. Jahrhundert. die eine der Perlen der Gartenarchitektur und der Naturdenkm\u00e4ler ist. Wir setzen unsere Besichtigungstour durch die Altstadt, den Palast von Sermaga, die Ursulinenkirche und das Kloster, den [&hellip;]\" \/>\n<meta property=\"og:url\" content=\"https:\/\/www.hotel-turist.hr\/hrvatska-rukometna-reprezentacija-u-hotelu-turist\/\" \/>\n<meta property=\"og:site_name\" content=\"Hotel Turist Vara\u017edin\" \/>\n<meta property=\"article:modified_time\" content=\"2022-03-27T14:54:40+00:00\" \/>\n<meta name=\"twitter:card\" content=\"summary_large_image\" \/>\n<meta name=\"twitter:label1\" content=\"Gesch\u00e4tzte Lesezeit\" \/>\n\t<meta name=\"twitter:data1\" content=\"3\u00a0Minuten\" \/>\n<script type=\"application\/ld+json\" class=\"yoast-schema-graph\">{\"@context\":\"https:\/\/schema.org\",\"@graph\":[{\"@type\":\"WebPage\",\"@id\":\"https:\/\/www.hotel-turist.hr\/hrvatska-rukometna-reprezentacija-u-hotelu-turist\/\",\"url\":\"https:\/\/www.hotel-turist.hr\/hrvatska-rukometna-reprezentacija-u-hotelu-turist\/\",\"name\":\"Die Blumenstadt, die Sch\u00f6nheiten der Region Bednjan und die Perlen des kroatischen Zagorje - Hotel Turist Vara\u017edin\",\"isPartOf\":{\"@id\":\"https:\/\/www.hotel-turist.hr\/it\/#website\"},\"datePublished\":\"2022-03-24T13:41:33+00:00\",\"dateModified\":\"2022-03-27T14:54:40+00:00\",\"breadcrumb\":{\"@id\":\"https:\/\/www.hotel-turist.hr\/hrvatska-rukometna-reprezentacija-u-hotelu-turist\/#breadcrumb\"},\"inLanguage\":\"de\",\"potentialAction\":[{\"@type\":\"ReadAction\",\"target\":[\"https:\/\/www.hotel-turist.hr\/hrvatska-rukometna-reprezentacija-u-hotelu-turist\/\"]}]},{\"@type\":\"BreadcrumbList\",\"@id\":\"https:\/\/www.hotel-turist.hr\/hrvatska-rukometna-reprezentacija-u-hotelu-turist\/#breadcrumb\",\"itemListElement\":[{\"@type\":\"ListItem\",\"position\":1,\"name\":\"Po\u010detna stranica\",\"item\":\"https:\/\/www.hotel-turist.hr\/de\/\"},{\"@type\":\"ListItem\",\"position\":2,\"name\":\"Die Blumenstadt, die Sch\u00f6nheiten der Region Bednjan und die Perlen des kroatischen Zagorje\"}]},{\"@type\":\"WebSite\",\"@id\":\"https:\/\/www.hotel-turist.hr\/it\/#website\",\"url\":\"https:\/\/www.hotel-turist.hr\/it\/\",\"name\":\"Hotel Turist Vara\u017edin\",\"description\":\"\",\"potentialAction\":[{\"@type\":\"SearchAction\",\"target\":{\"@type\":\"EntryPoint\",\"urlTemplate\":\"https:\/\/www.hotel-turist.hr\/it\/?s={search_term_string}\"},\"query-input\":{\"@type\":\"PropertyValueSpecification\",\"valueRequired\":true,\"valueName\":\"search_term_string\"}}],\"inLanguage\":\"de\"}]}<\/script>\n<!-- \/ Yoast SEO plugin. -->","yoast_head_json":{"title":"Die Blumenstadt, die Sch\u00f6nheiten der Region Bednjan und die Perlen des kroatischen Zagorje - Hotel Turist Vara\u017edin","robots":{"index":"index","follow":"follow","max-snippet":"max-snippet:-1","max-image-preview":"max-image-preview:large","max-video-preview":"max-video-preview:-1"},"canonical":"https:\/\/www.hotel-turist.hr\/hrvatska-rukometna-reprezentacija-u-hotelu-turist\/","og_locale":"de_DE","og_type":"article","og_title":"Die Blumenstadt, die Sch\u00f6nheiten der Region Bednjan und die Perlen des kroatischen Zagorje - Hotel Turist Vara\u017edin","og_description":"[vc_row css=&#8220;.vc_custom_1492008828909{margin-top: 40px !important;}&#8220;][vc_column][vc_column_text] Nach der Ankunft in der sch\u00f6nsten Barockstadt Vara\u017edin und einem Treffen mit einem lokalen F\u00fchrer folgt eine Besichtigung des Stadtfriedhofs aus dem 18. Jahrhundert. die eine der Perlen der Gartenarchitektur und der Naturdenkm\u00e4ler ist. Wir setzen unsere Besichtigungstour durch die Altstadt, den Palast von Sermaga, die Ursulinenkirche und das Kloster, den [&hellip;]","og_url":"https:\/\/www.hotel-turist.hr\/hrvatska-rukometna-reprezentacija-u-hotelu-turist\/","og_site_name":"Hotel Turist Vara\u017edin","article_modified_time":"2022-03-27T14:54:40+00:00","twitter_card":"summary_large_image","twitter_misc":{"Gesch\u00e4tzte Lesezeit":"3\u00a0Minuten"},"schema":{"@context":"https:\/\/schema.org","@graph":[{"@type":"WebPage","@id":"https:\/\/www.hotel-turist.hr\/hrvatska-rukometna-reprezentacija-u-hotelu-turist\/","url":"https:\/\/www.hotel-turist.hr\/hrvatska-rukometna-reprezentacija-u-hotelu-turist\/","name":"Die Blumenstadt, die Sch\u00f6nheiten der Region Bednjan und die Perlen des kroatischen Zagorje - Hotel Turist Vara\u017edin","isPartOf":{"@id":"https:\/\/www.hotel-turist.hr\/it\/#website"},"datePublished":"2022-03-24T13:41:33+00:00","dateModified":"2022-03-27T14:54:40+00:00","breadcrumb":{"@id":"https:\/\/www.hotel-turist.hr\/hrvatska-rukometna-reprezentacija-u-hotelu-turist\/#breadcrumb"},"inLanguage":"de","potentialAction":[{"@type":"ReadAction","target":["https:\/\/www.hotel-turist.hr\/hrvatska-rukometna-reprezentacija-u-hotelu-turist\/"]}]},{"@type":"BreadcrumbList","@id":"https:\/\/www.hotel-turist.hr\/hrvatska-rukometna-reprezentacija-u-hotelu-turist\/#breadcrumb","itemListElement":[{"@type":"ListItem","position":1,"name":"Po\u010detna stranica","item":"https:\/\/www.hotel-turist.hr\/de\/"},{"@type":"ListItem","position":2,"name":"Die Blumenstadt, die Sch\u00f6nheiten der Region Bednjan und die Perlen des kroatischen Zagorje"}]},{"@type":"WebSite","@id":"https:\/\/www.hotel-turist.hr\/it\/#website","url":"https:\/\/www.hotel-turist.hr\/it\/","name":"Hotel Turist Vara\u017edin","description":"","potentialAction":[{"@type":"SearchAction","target":{"@type":"EntryPoint","urlTemplate":"https:\/\/www.hotel-turist.hr\/it\/?s={search_term_string}"},"query-input":{"@type":"PropertyValueSpecification","valueRequired":true,"valueName":"search_term_string"}}],"inLanguage":"de"}]}},"_links":{"self":[{"href":"https:\/\/www.hotel-turist.hr\/de\/wp-json\/wp\/v2\/pages\/4731","targetHints":{"allow":["GET"]}}],"collection":[{"href":"https:\/\/www.hotel-turist.hr\/de\/wp-json\/wp\/v2\/pages"}],"about":[{"href":"https:\/\/www.hotel-turist.hr\/de\/wp-json\/wp\/v2\/types\/page"}],"author":[{"embeddable":true,"href":"https:\/\/www.hotel-turist.hr\/de\/wp-json\/wp\/v2\/users\/1"}],"replies":[{"embeddable":true,"href":"https:\/\/www.hotel-turist.hr\/de\/wp-json\/wp\/v2\/comments?post=4731"}],"version-history":[{"count":3,"href":"https:\/\/www.hotel-turist.hr\/de\/wp-json\/wp\/v2\/pages\/4731\/revisions"}],"predecessor-version":[{"id":4868,"href":"https:\/\/www.hotel-turist.hr\/de\/wp-json\/wp\/v2\/pages\/4731\/revisions\/4868"}],"wp:attachment":[{"href":"https:\/\/www.hotel-turist.hr\/de\/wp-json\/wp\/v2\/media?parent=4731"}],"curies":[{"name":"wp","href":"https:\/\/api.w.org\/{rel}","templated":true}]}}