{"id":4730,"date":"2022-03-24T13:41:31","date_gmt":"2022-03-24T13:41:31","guid":{"rendered":"https:\/\/www.hotel-turist.hr\/the-city-of-flowers-the-beauties-of-the-bednjan-region-and-the-pearls-of-the-croatian-zagorje\/"},"modified":"2023-04-24T17:11:21","modified_gmt":"2023-04-24T16:11:21","slug":"the-city-of-flowers-the-beauties-of-the-bednjan-region-and-the-pearls-of-the-croatian-zagorje","status":"publish","type":"page","link":"https:\/\/www.hotel-turist.hr\/en\/the-city-of-flowers-the-beauties-of-the-bednjan-region-and-the-pearls-of-the-croatian-zagorje\/","title":{"rendered":"The city of flowers, the beauties of the Bednjan region and the pearls of the Croatian Zagorje"},"content":{"rendered":"<div class=\"wpb-content-wrapper\"><p>[vc_row css=&#8221;.vc_custom_1492008828909{margin-top: 40px !important;}&#8221;][vc_column] <h2 style=\"color:#1c1c1c;padding:px;text-align:;font-size:25px;line-height:25px;letter-spacing: px;font-weight:normal\" class=\"   nd_options_first_font \">The city of flowers, the beauties of the Bednjan region and the pearls of the Croatian Zagorje<\/h2> <div style=\"background-color:;height: 20px\" class=\"nicdark_section  \"><\/div>[vc_column_text]<\/p>\n<p class=\"p1\" style=\"text-align: left;\"><span class=\"nicdark_font_size_70 nicdark_float_left nicdark_padding_28 nicdark_line_height_30 nicdark_first_font\">Upon<\/span> arrival in the most beautiful baroque city of Vara\u017edin and a meeting with a local guide, a tour of the City Cemetery from the 18th century follows. which is one of the pearls of garden architecture and natural monuments. We continue our sightseeing tour of the Old Town, the Palace of Sermaga, the Ursuline Church and Monastery, the Town Square, the Cathedral, the City Theater\u2026 Your guide during the tour of the city will tell you interesting stories. Did you know that Vara\u017edin&#8217;s old town has as many as 11 bell towers, 6 churches and 3 monasteries? Is it any wonder, then, that angels, such sweet and dear beings and symbols of goodness, chose Vara\u017edin as their home? Vara\u017edin is the city of angels, follow in their footsteps &#8230;<\/p>\n<p>[\/vc_column_text][\/vc_column][\/vc_row][vc_row full_height=&#8221;yes&#8221; equal_height=&#8221;yes&#8221; content_placement=&#8221;middle&#8221; css=&#8221;.vc_custom_1648129400303{margin-top: 20px !important;}&#8221;][vc_column width=&#8221;1\/2&#8243;]\n    <div style=\"text-align:center\" class=\"nd_options_section\">\n      <img decoding=\"async\" alt=\"\" style=\"width:100%\" class=\" nd_options_margin_0 nd_options_padding_0 \" src=\"https:\/\/www.hotel-turist.hr\/wp-content\/uploads\/2022\/02\/trakoscan1-1024x683.jpg\">\n    <\/div>\n   [\/vc_column][vc_column width=&#8221;1\/2&#8243;]\n    <div style=\"text-align:center\" class=\"nd_options_section\">\n      <img decoding=\"async\" alt=\"\" style=\"width:100%\" class=\" nd_options_margin_0 nd_options_padding_0 \" src=\"https:\/\/www.hotel-turist.hr\/wp-content\/uploads\/2022\/02\/trakoscan7-1024x573.jpg\">\n    <\/div>\n   [\/vc_column][\/vc_row][vc_row css=&#8221;.vc_custom_1467643035435{margin-top: 40px !important;}&#8221;][vc_column] <h2 style=\"color:#1c1c1c;padding:px;text-align:;font-size:25px;line-height:25px;letter-spacing: px;font-weight:normal\" class=\"   nd_options_first_font \">Vara\u017edin - Bednja - Trako\u0161\u0107an Castle<\/h2> <div style=\"background-color:;height: 20px\" class=\"nicdark_section  \"><\/div>[vc_column_text]<\/p>\n<p class=\"p1\">Named &#8220;Little Vienna&#8221; for miles, and now that you&#8217;ve seen for yourself, it&#8217;s time to end your walk at the &#8220;Tourist&#8221; Hotel. In the beautiful ambience of the newly renovated hotel with a welcome drink, taste the well-known Vara\u017edin klipi\u0107. Organized lunch with traditional dishes of the Vara\u017edin region. A short break and a trip to meet the Bednjan region, the beauties of the preserved nature of the region of specific speech, rich tradition and cordial hosts. Leaving the landscape at the foot of the mountain Ivan\u0161\u010dica, Strahinj\u010dica, Maceljska and Ravna gora, we come to visit the PEARL OF CROATIAN ZAGORJE &#8211; TRAKO\u0160\u0106AN CASTLE. The masters of the fort, from the Counts of Celje, military leader Jan Vitovac, then Ivani\u0161 Korvin to the Dra\u0161kovi\u0107 family, left a striking mark on the permanent exhibition in the Museum, which we witness today, by presenting the life of the Croatian nobility through history. Breathe in the spirit of the past and continue your journey to your place of residence in a good mood.<\/p>\n<p>[\/vc_column_text][\/vc_column][\/vc_row][vc_row][vc_column width=&#8221;1\/2&#8243;][vc_column_text]<\/p>\n<p>[\/vc_column_text][\/vc_column][vc_column width=&#8221;1\/2&#8243;][vc_column_text]<\/p>\n<p>[\/vc_column_text][\/vc_column][\/vc_row]<\/p>\n<\/div>","protected":false},"excerpt":{"rendered":"<p>[vc_row css=&#8221;.vc_custom_1492008828909{margin-top: 40px !important;}&#8221;][vc_column][vc_column_text] Upon arrival in the most beautiful baroque city of Vara\u017edin and a meeting with a local guide, a tour of the City Cemetery from the 18th century follows. which is one of the pearls of garden architecture and natural monuments. We continue our sightseeing tour of the Old Town, the Palace [&hellip;]<\/p>\n","protected":false},"author":1,"featured_media":0,"parent":0,"menu_order":0,"comment_status":"closed","ping_status":"closed","template":"","meta":{"footnotes":""},"class_list":["post-4730","page","type-page","status-publish","hentry"],"yoast_head":"<!-- This site is optimized with the Yoast SEO plugin v27.2 - https:\/\/yoast.com\/product\/yoast-seo-wordpress\/ -->\n<title>The city of flowers, the beauties of the Bednjan region and the pearls of the Croatian Zagorje - Hotel Turist Vara\u017edin<\/title>\n<meta name=\"robots\" content=\"index, follow, max-snippet:-1, max-image-preview:large, max-video-preview:-1\" \/>\n<link rel=\"canonical\" href=\"https:\/\/www.hotel-turist.hr\/hrvatska-rukometna-reprezentacija-u-hotelu-turist\/\" \/>\n<meta property=\"og:locale\" content=\"en_US\" \/>\n<meta property=\"og:type\" content=\"article\" \/>\n<meta property=\"og:title\" content=\"The city of flowers, the beauties of the Bednjan region and the pearls of the Croatian Zagorje - Hotel Turist Vara\u017edin\" \/>\n<meta property=\"og:description\" content=\"[vc_row css=&#8221;.vc_custom_1492008828909{margin-top: 40px !important;}&#8221;][vc_column][vc_column_text] Upon arrival in the most beautiful baroque city of Vara\u017edin and a meeting with a local guide, a tour of the City Cemetery from the 18th century follows. which is one of the pearls of garden architecture and natural monuments. We continue our sightseeing tour of the Old Town, the Palace [&hellip;]\" \/>\n<meta property=\"og:url\" content=\"https:\/\/www.hotel-turist.hr\/hrvatska-rukometna-reprezentacija-u-hotelu-turist\/\" \/>\n<meta property=\"og:site_name\" content=\"Hotel Turist Vara\u017edin\" \/>\n<meta property=\"article:modified_time\" content=\"2023-04-24T16:11:21+00:00\" \/>\n<meta name=\"twitter:card\" content=\"summary_large_image\" \/>\n<meta name=\"twitter:label1\" content=\"Est. reading time\" \/>\n\t<meta name=\"twitter:data1\" content=\"3 minutes\" \/>\n<script type=\"application\/ld+json\" class=\"yoast-schema-graph\">{\"@context\":\"https:\/\/schema.org\",\"@graph\":[{\"@type\":\"WebPage\",\"@id\":\"https:\/\/www.hotel-turist.hr\/hrvatska-rukometna-reprezentacija-u-hotelu-turist\/\",\"url\":\"https:\/\/www.hotel-turist.hr\/hrvatska-rukometna-reprezentacija-u-hotelu-turist\/\",\"name\":\"The city of flowers, the beauties of the Bednjan region and the pearls of the Croatian Zagorje - Hotel Turist Vara\u017edin\",\"isPartOf\":{\"@id\":\"https:\/\/www.hotel-turist.hr\/it\/#website\"},\"datePublished\":\"2022-03-24T13:41:31+00:00\",\"dateModified\":\"2023-04-24T16:11:21+00:00\",\"breadcrumb\":{\"@id\":\"https:\/\/www.hotel-turist.hr\/hrvatska-rukometna-reprezentacija-u-hotelu-turist\/#breadcrumb\"},\"inLanguage\":\"en-US\",\"potentialAction\":[{\"@type\":\"ReadAction\",\"target\":[\"https:\/\/www.hotel-turist.hr\/hrvatska-rukometna-reprezentacija-u-hotelu-turist\/\"]}]},{\"@type\":\"BreadcrumbList\",\"@id\":\"https:\/\/www.hotel-turist.hr\/hrvatska-rukometna-reprezentacija-u-hotelu-turist\/#breadcrumb\",\"itemListElement\":[{\"@type\":\"ListItem\",\"position\":1,\"name\":\"Po\u010detna stranica\",\"item\":\"https:\/\/www.hotel-turist.hr\/en\/\"},{\"@type\":\"ListItem\",\"position\":2,\"name\":\"The city of flowers, the beauties of the Bednjan region and the pearls of the Croatian Zagorje\"}]},{\"@type\":\"WebSite\",\"@id\":\"https:\/\/www.hotel-turist.hr\/it\/#website\",\"url\":\"https:\/\/www.hotel-turist.hr\/it\/\",\"name\":\"Hotel Turist Vara\u017edin\",\"description\":\"\",\"potentialAction\":[{\"@type\":\"SearchAction\",\"target\":{\"@type\":\"EntryPoint\",\"urlTemplate\":\"https:\/\/www.hotel-turist.hr\/it\/?s={search_term_string}\"},\"query-input\":{\"@type\":\"PropertyValueSpecification\",\"valueRequired\":true,\"valueName\":\"search_term_string\"}}],\"inLanguage\":\"en-US\"}]}<\/script>\n<!-- \/ Yoast SEO plugin. -->","yoast_head_json":{"title":"The city of flowers, the beauties of the Bednjan region and the pearls of the Croatian Zagorje - Hotel Turist Vara\u017edin","robots":{"index":"index","follow":"follow","max-snippet":"max-snippet:-1","max-image-preview":"max-image-preview:large","max-video-preview":"max-video-preview:-1"},"canonical":"https:\/\/www.hotel-turist.hr\/hrvatska-rukometna-reprezentacija-u-hotelu-turist\/","og_locale":"en_US","og_type":"article","og_title":"The city of flowers, the beauties of the Bednjan region and the pearls of the Croatian Zagorje - Hotel Turist Vara\u017edin","og_description":"[vc_row css=&#8221;.vc_custom_1492008828909{margin-top: 40px !important;}&#8221;][vc_column][vc_column_text] Upon arrival in the most beautiful baroque city of Vara\u017edin and a meeting with a local guide, a tour of the City Cemetery from the 18th century follows. which is one of the pearls of garden architecture and natural monuments. We continue our sightseeing tour of the Old Town, the Palace [&hellip;]","og_url":"https:\/\/www.hotel-turist.hr\/hrvatska-rukometna-reprezentacija-u-hotelu-turist\/","og_site_name":"Hotel Turist Vara\u017edin","article_modified_time":"2023-04-24T16:11:21+00:00","twitter_card":"summary_large_image","twitter_misc":{"Est. reading time":"3 minutes"},"schema":{"@context":"https:\/\/schema.org","@graph":[{"@type":"WebPage","@id":"https:\/\/www.hotel-turist.hr\/hrvatska-rukometna-reprezentacija-u-hotelu-turist\/","url":"https:\/\/www.hotel-turist.hr\/hrvatska-rukometna-reprezentacija-u-hotelu-turist\/","name":"The city of flowers, the beauties of the Bednjan region and the pearls of the Croatian Zagorje - Hotel Turist Vara\u017edin","isPartOf":{"@id":"https:\/\/www.hotel-turist.hr\/it\/#website"},"datePublished":"2022-03-24T13:41:31+00:00","dateModified":"2023-04-24T16:11:21+00:00","breadcrumb":{"@id":"https:\/\/www.hotel-turist.hr\/hrvatska-rukometna-reprezentacija-u-hotelu-turist\/#breadcrumb"},"inLanguage":"en-US","potentialAction":[{"@type":"ReadAction","target":["https:\/\/www.hotel-turist.hr\/hrvatska-rukometna-reprezentacija-u-hotelu-turist\/"]}]},{"@type":"BreadcrumbList","@id":"https:\/\/www.hotel-turist.hr\/hrvatska-rukometna-reprezentacija-u-hotelu-turist\/#breadcrumb","itemListElement":[{"@type":"ListItem","position":1,"name":"Po\u010detna stranica","item":"https:\/\/www.hotel-turist.hr\/en\/"},{"@type":"ListItem","position":2,"name":"The city of flowers, the beauties of the Bednjan region and the pearls of the Croatian Zagorje"}]},{"@type":"WebSite","@id":"https:\/\/www.hotel-turist.hr\/it\/#website","url":"https:\/\/www.hotel-turist.hr\/it\/","name":"Hotel Turist Vara\u017edin","description":"","potentialAction":[{"@type":"SearchAction","target":{"@type":"EntryPoint","urlTemplate":"https:\/\/www.hotel-turist.hr\/it\/?s={search_term_string}"},"query-input":{"@type":"PropertyValueSpecification","valueRequired":true,"valueName":"search_term_string"}}],"inLanguage":"en-US"}]}},"_links":{"self":[{"href":"https:\/\/www.hotel-turist.hr\/en\/wp-json\/wp\/v2\/pages\/4730","targetHints":{"allow":["GET"]}}],"collection":[{"href":"https:\/\/www.hotel-turist.hr\/en\/wp-json\/wp\/v2\/pages"}],"about":[{"href":"https:\/\/www.hotel-turist.hr\/en\/wp-json\/wp\/v2\/types\/page"}],"author":[{"embeddable":true,"href":"https:\/\/www.hotel-turist.hr\/en\/wp-json\/wp\/v2\/users\/1"}],"replies":[{"embeddable":true,"href":"https:\/\/www.hotel-turist.hr\/en\/wp-json\/wp\/v2\/comments?post=4730"}],"version-history":[{"count":5,"href":"https:\/\/www.hotel-turist.hr\/en\/wp-json\/wp\/v2\/pages\/4730\/revisions"}],"predecessor-version":[{"id":8076,"href":"https:\/\/www.hotel-turist.hr\/en\/wp-json\/wp\/v2\/pages\/4730\/revisions\/8076"}],"wp:attachment":[{"href":"https:\/\/www.hotel-turist.hr\/en\/wp-json\/wp\/v2\/media?parent=4730"}],"curies":[{"name":"wp","href":"https:\/\/api.w.org\/{rel}","templated":true}]}}