{"id":12553,"date":"2025-03-17T17:32:05","date_gmt":"2025-03-17T16:32:05","guid":{"rendered":"https:\/\/www.hotel-turist.hr\/contatto-3\/"},"modified":"2026-04-22T18:28:53","modified_gmt":"2026-04-22T17:28:53","slug":"contatto-3","status":"publish","type":"page","link":"https:\/\/www.hotel-turist.hr\/it\/contatto-3\/","title":{"rendered":"Contatto"},"content":{"rendered":"<div class=\"wpb-content-wrapper\"><p>[vc_row full_width=&#8221;stretch_row&#8221; content_placement=&#8221;middle&#8221; css=&#8221;.vc_custom_1739184873980{margin-top: 0px !important;margin-bottom: 0px !important;padding-top: 0px !important;padding-bottom: 0px !important;background-color: #1c1c1c !important;}&#8221;][vc_column css_animation=&#8221;fadeInUp&#8221; css=&#8221;.vc_custom_1739184751850{margin-top: 10px !important;margin-right: 10px !important;margin-bottom: 10px !important;margin-left: 10px !important;}&#8221;]\n\t\t\t<!-- START Home 1 REVOLUTION SLIDER 6.5.7 --><p class=\"rs-p-wp-fix\"><\/p>\n\t\t\t<rs-module-wrap id=\"rev_slider_5_1_wrapper\" data-source=\"gallery\" style=\"visibility:hidden;background:#1c1c1c;padding:0;margin:0px auto;margin-top:0;margin-bottom:0;\">\n\t\t\t\t<rs-module id=\"rev_slider_5_1\" style=\"\" data-version=\"6.5.7\">\n\t\t\t\t\t<rs-slides>\n\t\t\t\t\t\t<rs-slide style=\"position: absolute;\" data-key=\"rs-45\" data-title=\"slide\" data-anim=\"ms:2300;p:dark;\" data-in=\"o:0;\" data-out=\"o:0;\" data-p1=\"01\">\n\t\t\t\t\t\t\t<img fetchpriority=\"high\" decoding=\"async\" src=\"\/\/www.hotel-turist.hr\/wp-content\/plugins\/revslider\/public\/assets\/assets\/dummy.png\" title=\"Recepcija hotela\" width=\"2560\" height=\"1736\" class=\"rev-slidebg tp-rs-img rs-lazyload\" data-lazyload=\"\/\/www.hotel-turist.hr\/wp-content\/uploads\/2022\/01\/Recepcija-hotela-scaled.jpg\" data-no-retina>\n<!--\n\t\t\t\t\t\t\t--><rs-layer\n\t\t\t\t\t\t\t\tid=\"slider-5-slide-45-layer-1\" \n\t\t\t\t\t\t\t\tclass=\"tp-shape tp-shapewrapper\"\n\t\t\t\t\t\t\t\tdata-type=\"shape\"\n\t\t\t\t\t\t\t\tdata-xy=\"x:c;y:m;\"\n\t\t\t\t\t\t\t\tdata-dim=\"w:100%;h:100%;\"\n\t\t\t\t\t\t\t\tdata-basealign=\"slide\"\n\t\t\t\t\t\t\t\tdata-rsp_o=\"off\"\n\t\t\t\t\t\t\t\tdata-rsp_bd=\"off\"\n\t\t\t\t\t\t\t\tdata-frame_1=\"e:power2.inOut;st:150;sp:1500;sR:150;\"\n\t\t\t\t\t\t\t\tdata-frame_999=\"o:0;e:power2.inOut;st:w;sp:1500;sR:7350;\"\n\t\t\t\t\t\t\t\tstyle=\"z-index:5;background-color:rgba(18,12,20,0.75);background:linear-gradient(to bottom, rgba(28,28,28,0.2) 0%,rgba(28,28,28,0.7) 100%);\"\n\t\t\t\t\t\t\t> \n\t\t\t\t\t\t\t<\/rs-layer><!--\n\n\t\t\t\t\t\t\t--><h1\n\t\t\t\t\t\t\t\tid=\"slider-5-slide-45-layer-2\" \n\t\t\t\t\t\t\t\tclass=\"rs-layer\"\n\t\t\t\t\t\t\t\tdata-type=\"text\"\n\t\t\t\t\t\t\t\tdata-color=\"rgba(255, 255, 255, 1)\"\n\t\t\t\t\t\t\t\tdata-rsp_ch=\"on\"\n\t\t\t\t\t\t\t\tdata-xy=\"x:c;y:m;yo:0,-10px,-10px,-10px;\"\n\t\t\t\t\t\t\t\tdata-text=\"s:70,70,50,40;l:90,70,55,45;a:center;\"\n\t\t\t\t\t\t\t\tdata-frame_0=\"y:50px;\"\n\t\t\t\t\t\t\t\tdata-frame_1=\"e:power3.out;st:2550;sp:1500;sR:2550;\"\n\t\t\t\t\t\t\t\tdata-frame_999=\"x:0;y:0;z:0;sX:0.9;sY:0.9;o:0;rX:0;rY:0;rZ:0;skX:0;skY:0;st:w;sp:1000;sR:4950;\"\n\t\t\t\t\t\t\t\tstyle=\"z-index:7;font-family:'Playfair Display';\"\n\t\t\t\t\t\t\t><strong>Eleganza e comodit\u00e0<\/strong> \n\t\t\t\t\t\t\t<\/h1><!--\n\n\t\t\t\t\t\t\t--><p\n\t\t\t\t\t\t\t\tid=\"slider-5-slide-45-layer-3\" \n\t\t\t\t\t\t\t\tclass=\"rs-layer\"\n\t\t\t\t\t\t\t\tdata-type=\"text\"\n\t\t\t\t\t\t\t\tdata-rsp_ch=\"on\"\n\t\t\t\t\t\t\t\tdata-xy=\"x:c;y:m;yo:-100px,-150px,-100px,-100px;\"\n\t\t\t\t\t\t\t\tdata-text=\"s:12,12,14,12;l:12,12,14,12;ls:2px;a:center;\"\n\t\t\t\t\t\t\t\tdata-frame_0=\"y:50px;\"\n\t\t\t\t\t\t\t\tdata-frame_1=\"e:power3.out;st:2350;sp:1500;sR:2350;\"\n\t\t\t\t\t\t\t\tdata-frame_999=\"x:0;y:0;z:0;sX:0.9;sY:0.9;o:0;rX:0;rY:0;rZ:0;skX:0;skY:0;st:w;sp:1000;sR:5150;\"\n\t\t\t\t\t\t\t\tstyle=\"z-index:6;font-family:'Montserrat';\"\n\t\t\t\t\t\t\t>HOTEL TURIST _ VARA\u017dDIN \n\t\t\t\t\t\t\t<\/p><!--\n\n\t\t\t\t\t\t\t--><rs-layer\n\t\t\t\t\t\t\t\tid=\"slider-5-slide-45-layer-6\" \n\t\t\t\t\t\t\t\tclass=\"rev-btn\"\n\t\t\t\t\t\t\t\tdata-type=\"button\"\n\t\t\t\t\t\t\t\tdata-xy=\"x:c;y:m;yo:100px,150px,100px,100px;\"\n\t\t\t\t\t\t\t\tdata-text=\"s:11,13,13,13;l:12,13,13,13;ls:2px;fw:700,500,500,500;\"\n\t\t\t\t\t\t\t\tdata-actions='o:click;a:simplelink;target:_self;url:https:\/\/www.hotel-turist.hr\/it\/alloggio\/;'\n\t\t\t\t\t\t\t\tdata-rsp_bd=\"off\"\n\t\t\t\t\t\t\t\tdata-padding=\"t:15;r:35;b:15;l:35;\"\n\t\t\t\t\t\t\t\tdata-border=\"bos:solid;boc:#ffffff;bow:2px,2px,2px,2px;\"\n\t\t\t\t\t\t\t\tdata-frame_0=\"sX:0.9;sY:0.9;\"\n\t\t\t\t\t\t\t\tdata-frame_1=\"e:power2.out;st:3850;sp:1500;sR:3850;\"\n\t\t\t\t\t\t\t\tdata-frame_999=\"x:0;y:0;z:0;sX:0.75;sY:0.75;o:0;rX:0;rY:0;rZ:0;skX:0;skY:0;e:power1.in;st:w;sp:500;sR:3650;\"\n\t\t\t\t\t\t\t\tdata-frame_hover=\"c:#fff;boc:#fff;bor:0px,0px,0px,0px;bos:solid;bow:2px,2px,2px,2px;oX:50;oY:50;e:power1.inOut;\"\n\t\t\t\t\t\t\t\tstyle=\"z-index:8;font-family:'Montserrat';cursor:pointer;\"\n\t\t\t\t\t\t\t>ALLOGIO \n\t\t\t\t\t\t\t<\/rs-layer><!--\n-->\t\t\t\t\t\t<\/rs-slide>\n\t\t\t\t\t\t<rs-slide style=\"position: absolute;\" data-key=\"rs-91\" data-title=\"slide\" data-anim=\"ms:2300;p:dark;\" data-in=\"o:0;\" data-out=\"o:0;\" data-p1=\"01\">\n\t\t\t\t\t\t\t<img decoding=\"async\" src=\"\/\/www.hotel-turist.hr\/wp-content\/plugins\/revslider\/public\/assets\/assets\/dummy.png\" title=\"poslovni klub (1)\" width=\"1920\" height=\"1280\" class=\"rev-slidebg tp-rs-img rs-lazyload\" data-lazyload=\"\/\/www.hotel-turist.hr\/wp-content\/uploads\/2025\/03\/poslovni-klub-1.jpg\" data-no-retina>\n<!--\n\t\t\t\t\t\t\t--><rs-layer\n\t\t\t\t\t\t\t\tid=\"slider-5-slide-91-layer-1\" \n\t\t\t\t\t\t\t\tclass=\"tp-shape tp-shapewrapper\"\n\t\t\t\t\t\t\t\tdata-type=\"shape\"\n\t\t\t\t\t\t\t\tdata-xy=\"x:c;y:m;\"\n\t\t\t\t\t\t\t\tdata-dim=\"w:100%;h:100%;\"\n\t\t\t\t\t\t\t\tdata-basealign=\"slide\"\n\t\t\t\t\t\t\t\tdata-rsp_o=\"off\"\n\t\t\t\t\t\t\t\tdata-rsp_bd=\"off\"\n\t\t\t\t\t\t\t\tdata-frame_1=\"e:power2.inOut;st:150;sp:1500;sR:150;\"\n\t\t\t\t\t\t\t\tdata-frame_999=\"o:0;e:power2.inOut;st:w;sp:1500;sR:7350;\"\n\t\t\t\t\t\t\t\tstyle=\"z-index:5;background-color:rgba(18,12,20,0.75);background:linear-gradient(to bottom, rgba(28,28,28,0.2) 0%,rgba(28,28,28,0.7) 100%);\"\n\t\t\t\t\t\t\t> \n\t\t\t\t\t\t\t<\/rs-layer><!--\n\n\t\t\t\t\t\t\t--><h1\n\t\t\t\t\t\t\t\tid=\"slider-5-slide-91-layer-2\" \n\t\t\t\t\t\t\t\tclass=\"rs-layer\"\n\t\t\t\t\t\t\t\tdata-type=\"text\"\n\t\t\t\t\t\t\t\tdata-color=\"rgba(255, 255, 255, 1)\"\n\t\t\t\t\t\t\t\tdata-rsp_ch=\"on\"\n\t\t\t\t\t\t\t\tdata-xy=\"x:c;y:m;yo:0,-10px,-10px,-10px;\"\n\t\t\t\t\t\t\t\tdata-text=\"s:70,55,44,28;l:90,70,55,45;a:center;\"\n\t\t\t\t\t\t\t\tdata-frame_0=\"y:50px;\"\n\t\t\t\t\t\t\t\tdata-frame_1=\"e:power3.out;st:2550;sp:1500;sR:2550;\"\n\t\t\t\t\t\t\t\tdata-frame_999=\"x:0;y:0;z:0;sX:0.9;sY:0.9;o:0;rX:0;rY:0;rZ:0;skX:0;skY:0;st:w;sp:1000;sR:4950;\"\n\t\t\t\t\t\t\t\tstyle=\"z-index:7;font-family:'Playfair Display';\"\n\t\t\t\t\t\t\t>Discrezione, eleganza e produttivit\u00e0 \n\t\t\t\t\t\t\t<\/h1><!--\n\n\t\t\t\t\t\t\t--><p\n\t\t\t\t\t\t\t\tid=\"slider-5-slide-91-layer-3\" \n\t\t\t\t\t\t\t\tclass=\"rs-layer\"\n\t\t\t\t\t\t\t\tdata-type=\"text\"\n\t\t\t\t\t\t\t\tdata-rsp_ch=\"on\"\n\t\t\t\t\t\t\t\tdata-xy=\"x:c;y:m;yo:-100px,-150px,-100px,-100px;\"\n\t\t\t\t\t\t\t\tdata-text=\"s:12,12,14,12;l:12,12,14,12;ls:2px;a:center;\"\n\t\t\t\t\t\t\t\tdata-frame_0=\"y:50px;\"\n\t\t\t\t\t\t\t\tdata-frame_1=\"e:power3.out;st:2350;sp:1500;sR:2350;\"\n\t\t\t\t\t\t\t\tdata-frame_999=\"x:0;y:0;z:0;sX:0.9;sY:0.9;o:0;rX:0;rY:0;rZ:0;skX:0;skY:0;st:w;sp:1000;sR:5150;\"\n\t\t\t\t\t\t\t\tstyle=\"z-index:6;font-family:'Montserrat';\"\n\t\t\t\t\t\t\t>HOTEL TURIST _ VARA\u017dDIN \n\t\t\t\t\t\t\t<\/p><!--\n\n\t\t\t\t\t\t\t--><rs-layer\n\t\t\t\t\t\t\t\tid=\"slider-5-slide-91-layer-6\" \n\t\t\t\t\t\t\t\tclass=\"rev-btn\"\n\t\t\t\t\t\t\t\tdata-type=\"button\"\n\t\t\t\t\t\t\t\tdata-xy=\"x:c;y:m;yo:100px,150px,100px,100px;\"\n\t\t\t\t\t\t\t\tdata-text=\"s:11,13,13,13;l:12,13,13,13;ls:2px;fw:700,500,500,500;\"\n\t\t\t\t\t\t\t\tdata-actions='o:click;a:simplelink;target:_self;url:https:\/\/www.hotel-turist.hr\/it\/alloggio\/;'\n\t\t\t\t\t\t\t\tdata-rsp_bd=\"off\"\n\t\t\t\t\t\t\t\tdata-padding=\"t:15;r:35;b:15;l:35;\"\n\t\t\t\t\t\t\t\tdata-border=\"bos:solid;boc:#ffffff;bow:2px,2px,2px,2px;\"\n\t\t\t\t\t\t\t\tdata-frame_0=\"sX:0.9;sY:0.9;\"\n\t\t\t\t\t\t\t\tdata-frame_1=\"e:power2.out;st:3850;sp:1500;sR:3850;\"\n\t\t\t\t\t\t\t\tdata-frame_999=\"x:0;y:0;z:0;sX:0.75;sY:0.75;o:0;rX:0;rY:0;rZ:0;skX:0;skY:0;e:power1.in;st:w;sp:500;sR:3650;\"\n\t\t\t\t\t\t\t\tdata-frame_hover=\"c:#fff;boc:#fff;bor:0px,0px,0px,0px;bos:solid;bow:2px,2px,2px,2px;oX:50;oY:50;e:power1.inOut;\"\n\t\t\t\t\t\t\t\tstyle=\"z-index:8;font-family:'Montserrat';cursor:pointer;\"\n\t\t\t\t\t\t\t>ALLOGIO \n\t\t\t\t\t\t\t<\/rs-layer><!--\n-->\t\t\t\t\t\t<\/rs-slide>\n\t\t\t\t\t\t<rs-slide style=\"position: absolute;\" data-key=\"rs-93\" data-title=\"slide\" data-anim=\"ms:2300;p:dark;\" data-in=\"o:0;\" data-out=\"o:0;\" data-p1=\"01\">\n\t\t\t\t\t\t\t<img decoding=\"async\" src=\"\/\/www.hotel-turist.hr\/wp-content\/plugins\/revslider\/public\/assets\/assets\/dummy.png\" title=\"soba\" width=\"1920\" height=\"1293\" class=\"rev-slidebg tp-rs-img rs-lazyload\" data-lazyload=\"\/\/www.hotel-turist.hr\/wp-content\/uploads\/2025\/03\/soba.jpg\" data-no-retina>\n<!--\n\t\t\t\t\t\t\t--><rs-layer\n\t\t\t\t\t\t\t\tid=\"slider-5-slide-93-layer-1\" \n\t\t\t\t\t\t\t\tclass=\"tp-shape tp-shapewrapper\"\n\t\t\t\t\t\t\t\tdata-type=\"shape\"\n\t\t\t\t\t\t\t\tdata-xy=\"x:c;y:m;\"\n\t\t\t\t\t\t\t\tdata-dim=\"w:100%;h:100%;\"\n\t\t\t\t\t\t\t\tdata-basealign=\"slide\"\n\t\t\t\t\t\t\t\tdata-rsp_o=\"off\"\n\t\t\t\t\t\t\t\tdata-rsp_bd=\"off\"\n\t\t\t\t\t\t\t\tdata-frame_1=\"e:power2.inOut;st:150;sp:1500;sR:150;\"\n\t\t\t\t\t\t\t\tdata-frame_999=\"o:0;e:power2.inOut;st:w;sp:1500;sR:7350;\"\n\t\t\t\t\t\t\t\tstyle=\"z-index:5;background-color:rgba(18,12,20,0.75);background:linear-gradient(to bottom, rgba(28,28,28,0.2) 0%,rgba(28,28,28,0.7) 100%);\"\n\t\t\t\t\t\t\t> \n\t\t\t\t\t\t\t<\/rs-layer><!--\n\n\t\t\t\t\t\t\t--><h1\n\t\t\t\t\t\t\t\tid=\"slider-5-slide-93-layer-2\" \n\t\t\t\t\t\t\t\tclass=\"rs-layer\"\n\t\t\t\t\t\t\t\tdata-type=\"text\"\n\t\t\t\t\t\t\t\tdata-color=\"rgba(255, 255, 255, 1)\"\n\t\t\t\t\t\t\t\tdata-rsp_ch=\"on\"\n\t\t\t\t\t\t\t\tdata-xy=\"x:c;y:m;yo:0,-10px,-10px,-10px;\"\n\t\t\t\t\t\t\t\tdata-text=\"s:70,70,50,40;l:90,70,55,45;a:center;\"\n\t\t\t\t\t\t\t\tdata-frame_0=\"y:50px;\"\n\t\t\t\t\t\t\t\tdata-frame_1=\"e:power3.out;st:2550;sp:1500;sR:2550;\"\n\t\t\t\t\t\t\t\tdata-frame_999=\"x:0;y:0;z:0;sX:0.9;sY:0.9;o:0;rX:0;rY:0;rZ:0;skX:0;skY:0;st:w;sp:1000;sR:4950;\"\n\t\t\t\t\t\t\t\tstyle=\"z-index:7;font-family:'Playfair Display';\"\n\t\t\t\t\t\t\t>Lusso e raffinatezza \n\t\t\t\t\t\t\t<\/h1><!--\n\n\t\t\t\t\t\t\t--><p\n\t\t\t\t\t\t\t\tid=\"slider-5-slide-93-layer-3\" \n\t\t\t\t\t\t\t\tclass=\"rs-layer\"\n\t\t\t\t\t\t\t\tdata-type=\"text\"\n\t\t\t\t\t\t\t\tdata-rsp_ch=\"on\"\n\t\t\t\t\t\t\t\tdata-xy=\"x:c;y:m;yo:-100px,-150px,-100px,-100px;\"\n\t\t\t\t\t\t\t\tdata-text=\"s:12,12,14,12;l:12,12,14,12;ls:2px;a:center;\"\n\t\t\t\t\t\t\t\tdata-frame_0=\"y:50px;\"\n\t\t\t\t\t\t\t\tdata-frame_1=\"e:power3.out;st:2350;sp:1500;sR:2350;\"\n\t\t\t\t\t\t\t\tdata-frame_999=\"x:0;y:0;z:0;sX:0.9;sY:0.9;o:0;rX:0;rY:0;rZ:0;skX:0;skY:0;st:w;sp:1000;sR:5150;\"\n\t\t\t\t\t\t\t\tstyle=\"z-index:6;font-family:'Montserrat';\"\n\t\t\t\t\t\t\t>HOTEL TURIST _ VARA\u017dDIN \n\t\t\t\t\t\t\t<\/p><!--\n\n\t\t\t\t\t\t\t--><rs-layer\n\t\t\t\t\t\t\t\tid=\"slider-5-slide-93-layer-6\" \n\t\t\t\t\t\t\t\tclass=\"rev-btn\"\n\t\t\t\t\t\t\t\tdata-type=\"button\"\n\t\t\t\t\t\t\t\tdata-xy=\"x:c;y:m;yo:100px,150px,100px,100px;\"\n\t\t\t\t\t\t\t\tdata-text=\"s:11,13,13,13;l:12,13,13,13;ls:2px;fw:700,500,500,500;\"\n\t\t\t\t\t\t\t\tdata-actions='o:click;a:simplelink;target:_self;url:https:\/\/www.hotel-turist.hr\/it\/alloggio\/;'\n\t\t\t\t\t\t\t\tdata-rsp_bd=\"off\"\n\t\t\t\t\t\t\t\tdata-padding=\"t:15;r:35;b:15;l:35;\"\n\t\t\t\t\t\t\t\tdata-border=\"bos:solid;boc:#ffffff;bow:2px,2px,2px,2px;\"\n\t\t\t\t\t\t\t\tdata-frame_0=\"sX:0.9;sY:0.9;\"\n\t\t\t\t\t\t\t\tdata-frame_1=\"e:power2.out;st:3850;sp:1500;sR:3850;\"\n\t\t\t\t\t\t\t\tdata-frame_999=\"x:0;y:0;z:0;sX:0.75;sY:0.75;o:0;rX:0;rY:0;rZ:0;skX:0;skY:0;e:power1.in;st:w;sp:500;sR:3650;\"\n\t\t\t\t\t\t\t\tdata-frame_hover=\"c:#fff;boc:#fff;bor:0px,0px,0px,0px;bos:solid;bow:2px,2px,2px,2px;oX:50;oY:50;e:power1.inOut;\"\n\t\t\t\t\t\t\t\tstyle=\"z-index:8;font-family:'Montserrat';cursor:pointer;\"\n\t\t\t\t\t\t\t>ALLOGIO \n\t\t\t\t\t\t\t<\/rs-layer><!--\n-->\t\t\t\t\t\t<\/rs-slide>\n\t\t\t\t\t<\/rs-slides>\n\t\t\t\t<\/rs-module>\n\t\t\t\t<script type=\"text\/javascript\">\n\t\t\t\t\tsetREVStartSize({c: 'rev_slider_5_1',rl:[1240,1024,778,480],el:[768,768,960,720],gw:[1240,1024,778,480],gh:[768,768,960,720],type:'standard',justify:'',layout:'fullwidth',mh:\"0\"});if (window.RS_MODULES!==undefined && window.RS_MODULES.modules!==undefined && window.RS_MODULES.modules[\"revslider51\"]!==undefined) {window.RS_MODULES.modules[\"revslider51\"].once = false;window.revapi5 = undefined;if (window.RS_MODULES.checkMinimal!==undefined) window.RS_MODULES.checkMinimal()}\n\t\t\t\t<\/script>\n\t\t\t<\/rs-module-wrap>\n\t\t\t<!-- END REVOLUTION SLIDER -->\n<div style=\"background-color:;height: 40px\" class=\"nicdark_section  \"><\/div> <h4 style=\"color:#ffffff;padding:px;text-align:;font-size:45px;line-height:25px;letter-spacing: px;font-weight:normal\" class=\"   nd_options_first_font \">Contattaci<\/h4> <div style=\"background-color:;height: 40px\" class=\"nicdark_section  \"><\/div>[vc_column_text css=&#8221;&#8221; el_class=&#8221;tamna-sekcija&#8221;]Richiedi un&#8217;offerta o inviaci una richiesta. Il nostro cordiale personale \u00e8 sempre disponibile per qualsiasi domanda.[\/vc_column_text]<div style=\"background-color:;height: 20px\" class=\"nicdark_section  \"><\/div>[vc_raw_html css=&#8221;&#8221;]JTVCY29udGFjdC1mb3JtLTclMjBpZCUzRCUyMmViNjQ3MTMlMjIlMjB0aXRsZSUzRCUyMk1vZHVsbyUyMGRpJTIwY29udGF0dG8lMjBpbiUyMGNyb2F0byUyMiU1RA==[\/vc_raw_html]<div style=\"background-color:;height: 100px\" class=\"nicdark_section  \"><\/div>[vc_row_inner el_class=&#8221;tamna-sekcija&#8221;][vc_column_inner width=&#8221;1\/2&#8243;] <h1 style=\"color:#ffffff;padding:px;text-align:;font-size:45px;line-height:45px;letter-spacing: 2px;font-weight:normal\" class=\"   nd_options_first_font \">Contatto<\/h1> <div style=\"background-color:#1c1c1c;height: 10px\" class=\"nicdark_section  \"><\/div>[vc_column_text css=&#8221;.vc_custom_1674560131370{margin-top: 15px !important;margin-bottom: 15px !important;}&#8221;]<\/p>\n<div style=\"vertical-align: middle;\">\n<p>Indirizzo:<\/p>\n<p>Via Principessa Zvonimir 1, 42 000 Vara\u017edin<\/p>\n<\/div>\n<p>[\/vc_column_text][vc_column_text css=&#8221;.vc_custom_1674559546457{margin-top: 15px !important;margin-bottom: 15px !important;}&#8221;]Telefono:<\/p>\n<p><a href=\"telefono: +385 %2042% 20395%20395\">+385 42 395 395<\/a>[\/vc_column_text][vc_column_text css=&#8221;.vc_custom_1689075988576{margin-top: 15px !important;margin-bottom: 15px !important;}&#8221;]E-mail:<\/p>\n<p><a href=\"mailto:info@hotel-turist.hr\">info@hotel-turist.hr<\/a><\/p>\n<p><a href=\"mailto:prodaja@hotel-turist.hr\">vendite@hotel-turist.hr<\/a>[\/vc_column_text]<div style=\"background-color:#1c1c1c;height: 10px\" class=\"nicdark_section  \"><\/div> <h1 style=\"color:#ffffff;padding:px;text-align:;font-size:45px;line-height:45px;letter-spacing: 2px;font-weight:normal\" class=\"   nd_options_first_font \">Vendite e marketing<\/h1> <div style=\"background-color:#1c1c1c;height: 10px\" class=\"nicdark_section  \"><\/div>[vc_column_text css=&#8221;.vc_custom_1775642597238{margin-top: 15px !important;margin-bottom: 15px !important;}&#8221;]<strong>Suzana Ak\u0161an, Responsabile delle vendite di alloggi<br \/>\n<\/strong><\/p>\n<p>(Sistemazione gruppi, congressi &#8211; eventi aziendali)<\/p>\n<p style=\"font-weight: 400;\"><a href=\"mailto:suzana.aksan@hotel-turist.hr\">suzana.aksan@hotel-turist.hr<\/a><\/p>\n<p>&nbsp;<\/p>\n<p><strong>Mateja Pozder, responsabile vendite (organizzazione e gestione di eventi, catering, cerimonie nuziali)<\/strong><\/p>\n<p><a href=\"mailto:mateja.pozder@hotel-turist.hr\">mateja.pozder@hotel-turist.hr<\/a><\/p>\n<p>&nbsp;<\/p>\n<p><strong>Ivana Huzjak, Responsabile vendite (ospitalit\u00e0 e sistemazione)<\/strong><\/p>\n<p><a href=\"mailto:ivana.huzjak@hotel-turist.hr\" target=\"_blank\" rel=\"noopener\">ivana.huzjak@hotel-turist.hr<\/a><\/p>\n<p>&nbsp;<\/p>\n<p><strong>Mia Ki\u0161i\u010dek Vidovi\u0107, Marketing e PR<br \/>\n<\/strong><\/p>\n<p>(Marketing e pubbliche relazioni, attivit\u00e0 promozionali, collaborazioni)<\/p>\n<p><a href=\"mailto:mia.kisicek@hotel-turist.hr\" target=\"_blank\" rel=\"noopener\">mia.kisicek@hotel-turist.hr<\/a>[\/vc_column_text][vc_column_text css=&#8221;.vc_custom_1726474962463{margin-top: 15px !important;margin-bottom: 15px !important;}&#8221;]Orario di lavoro:<\/p>\n<p>07:00 &#8211; 15:00 (Luned\u00ec-Venerd\u00ec)[\/vc_column_text][\/vc_column_inner][vc_column_inner width=&#8221;1\/2&#8243;][vc_goo_maps location=&#8221;Hotel Turist, Aleja kralja Zvonimira 1, 42000 Vara\u017edin&#8221; height=&#8221;600&#8243; zoom=&#8221;16&#8243; css_animation=&#8221;fadeInUp&#8221; css=&#8221;&#8221;] <h1 style=\"color:#ffffff;padding:px;text-align:;font-size:45px;line-height:45px;letter-spacing: 2px;font-weight:normal\" class=\"   nd_options_first_font \">Hotel Turist Vara\u017edin<\/h1> <div style=\"background-color:#1c1c1c;height: 30px\" class=\"nicdark_section  \"><\/div>[vc_column_text css=&#8221;.vc_custom_1757069503373{margin-top: 0px !important;margin-right: 0px !important;margin-bottom: 20px !important;margin-left: 0px !important;border-top-width: 0px !important;border-right-width: 0px !important;border-bottom-width: 0px !important;border-left-width: 0px !important;padding-top: 0px !important;padding-right: 0px !important;padding-bottom: 0px !important;padding-left: 0px !important;}&#8221;]L&#8217;Hotel Turist si trova nel centro di Vara\u017edin, a pochi minuti a piedi dal centro storico. \u00c8 facilmente raggiungibile in auto e di fronte all&#8217;hotel \u00e8 disponibile un parcheggio.[\/vc_column_text]<div style=\"background-color:#1c1c1c;height: 30px\" class=\"nicdark_section  \"><\/div>[\/vc_column_inner][\/vc_row_inner][\/vc_column][\/vc_row][vc_row][vc_column][\/vc_column][\/vc_row]<\/p>\n<\/div>","protected":false},"excerpt":{"rendered":"<p>[vc_row full_width=&#8221;stretch_row&#8221; content_placement=&#8221;middle&#8221; css=&#8221;.vc_custom_1739184873980{margin-top: 0px !important;margin-bottom: 0px !important;padding-top: 0px !important;padding-bottom: 0px !important;background-color: #1c1c1c !important;}&#8221;][vc_column css_animation=&#8221;fadeInUp&#8221; css=&#8221;.vc_custom_1739184751850{margin-top: 10px !important;margin-right: 10px !important;margin-bottom: 10px !important;margin-left: 10px !important;}&#8221;][vc_column_text css=&#8221;&#8221; el_class=&#8221;tamna-sekcija&#8221;]Richiedi un&#8217;offerta o inviaci una richiesta. Il nostro cordiale personale \u00e8 sempre disponibile per qualsiasi domanda.[\/vc_column_text][vc_raw_html css=&#8221;&#8221;]JTVCY29udGFjdC1mb3JtLTclMjBpZCUzRCUyMmViNjQ3MTMlMjIlMjB0aXRsZSUzRCUyMk1vZHVsbyUyMGRpJTIwY29udGF0dG8lMjBpbiUyMGNyb2F0byUyMiU1RA==[\/vc_raw_html][vc_row_inner el_class=&#8221;tamna-sekcija&#8221;][vc_column_inner width=&#8221;1\/2&#8243;][vc_column_text css=&#8221;.vc_custom_1674560131370{margin-top: 15px !important;margin-bottom: 15px !important;}&#8221;] Indirizzo: Via Principessa Zvonimir 1, 42 [&hellip;]<\/p>\n","protected":false},"author":16,"featured_media":0,"parent":0,"menu_order":0,"comment_status":"closed","ping_status":"closed","template":"","meta":{"footnotes":""},"class_list":["post-12553","page","type-page","status-publish","hentry"],"yoast_head":"<!-- This site is optimized with the Yoast SEO plugin v27.2 - https:\/\/yoast.com\/product\/yoast-seo-wordpress\/ -->\n<title>Contatto - Hotel Turist Vara\u017edin<\/title>\n<meta name=\"robots\" content=\"index, follow, max-snippet:-1, max-image-preview:large, max-video-preview:-1\" \/>\n<link rel=\"canonical\" href=\"https:\/\/www.hotel-turist.hr\/it\/contatto-3\/\" \/>\n<meta property=\"og:locale\" content=\"it_IT\" \/>\n<meta property=\"og:type\" content=\"article\" \/>\n<meta property=\"og:title\" content=\"Contatto - Hotel Turist Vara\u017edin\" \/>\n<meta property=\"og:description\" content=\"[vc_row full_width=&#8221;stretch_row&#8221; content_placement=&#8221;middle&#8221; css=&#8221;.vc_custom_1739184873980{margin-top: 0px !important;margin-bottom: 0px !important;padding-top: 0px !important;padding-bottom: 0px !important;background-color: #1c1c1c !important;}&#8221;][vc_column css_animation=&#8221;fadeInUp&#8221; css=&#8221;.vc_custom_1739184751850{margin-top: 10px !important;margin-right: 10px !important;margin-bottom: 10px !important;margin-left: 10px !important;}&#8221;][vc_column_text css=&#8221;&#8221; el_class=&#8221;tamna-sekcija&#8221;]Richiedi un&#8217;offerta o inviaci una richiesta. Il nostro cordiale personale \u00e8 sempre disponibile per qualsiasi domanda.[\/vc_column_text][vc_raw_html css=&#8221;&#8221;]JTVCY29udGFjdC1mb3JtLTclMjBpZCUzRCUyMmViNjQ3MTMlMjIlMjB0aXRsZSUzRCUyMk1vZHVsbyUyMGRpJTIwY29udGF0dG8lMjBpbiUyMGNyb2F0byUyMiU1RA==[\/vc_raw_html][vc_row_inner el_class=&#8221;tamna-sekcija&#8221;][vc_column_inner width=&#8221;1\/2&#8243;][vc_column_text css=&#8221;.vc_custom_1674560131370{margin-top: 15px !important;margin-bottom: 15px !important;}&#8221;] Indirizzo: Via Principessa Zvonimir 1, 42 [&hellip;]\" \/>\n<meta property=\"og:url\" content=\"https:\/\/www.hotel-turist.hr\/it\/contatto-3\/\" \/>\n<meta property=\"og:site_name\" content=\"Hotel Turist Vara\u017edin\" \/>\n<meta property=\"article:modified_time\" content=\"2026-04-22T17:28:53+00:00\" \/>\n<meta name=\"twitter:card\" content=\"summary_large_image\" \/>\n<meta name=\"twitter:label1\" content=\"Tempo di lettura stimato\" \/>\n\t<meta name=\"twitter:data1\" content=\"2 minuti\" \/>\n<script type=\"application\/ld+json\" class=\"yoast-schema-graph\">{\"@context\":\"https:\/\/schema.org\",\"@graph\":[{\"@type\":\"WebPage\",\"@id\":\"https:\/\/www.hotel-turist.hr\/it\/contatto-3\/\",\"url\":\"https:\/\/www.hotel-turist.hr\/it\/contatto-3\/\",\"name\":\"Contatto - Hotel Turist Vara\u017edin\",\"isPartOf\":{\"@id\":\"https:\/\/www.hotel-turist.hr\/it\/#website\"},\"datePublished\":\"2025-03-17T16:32:05+00:00\",\"dateModified\":\"2026-04-22T17:28:53+00:00\",\"breadcrumb\":{\"@id\":\"https:\/\/www.hotel-turist.hr\/it\/contatto-3\/#breadcrumb\"},\"inLanguage\":\"it-IT\",\"potentialAction\":[{\"@type\":\"ReadAction\",\"target\":[\"https:\/\/www.hotel-turist.hr\/it\/contatto-3\/\"]}]},{\"@type\":\"BreadcrumbList\",\"@id\":\"https:\/\/www.hotel-turist.hr\/it\/contatto-3\/#breadcrumb\",\"itemListElement\":[{\"@type\":\"ListItem\",\"position\":1,\"name\":\"Po\u010detna stranica\",\"item\":\"https:\/\/www.hotel-turist.hr\/it\/\"},{\"@type\":\"ListItem\",\"position\":2,\"name\":\"Contatto\"}]},{\"@type\":\"WebSite\",\"@id\":\"https:\/\/www.hotel-turist.hr\/it\/#website\",\"url\":\"https:\/\/www.hotel-turist.hr\/it\/\",\"name\":\"Hotel Turist Vara\u017edin\",\"description\":\"\",\"potentialAction\":[{\"@type\":\"SearchAction\",\"target\":{\"@type\":\"EntryPoint\",\"urlTemplate\":\"https:\/\/www.hotel-turist.hr\/it\/?s={search_term_string}\"},\"query-input\":{\"@type\":\"PropertyValueSpecification\",\"valueRequired\":true,\"valueName\":\"search_term_string\"}}],\"inLanguage\":\"it-IT\"}]}<\/script>\n<!-- \/ Yoast SEO plugin. -->","yoast_head_json":{"title":"Contatto - Hotel Turist Vara\u017edin","robots":{"index":"index","follow":"follow","max-snippet":"max-snippet:-1","max-image-preview":"max-image-preview:large","max-video-preview":"max-video-preview:-1"},"canonical":"https:\/\/www.hotel-turist.hr\/it\/contatto-3\/","og_locale":"it_IT","og_type":"article","og_title":"Contatto - Hotel Turist Vara\u017edin","og_description":"[vc_row full_width=&#8221;stretch_row&#8221; content_placement=&#8221;middle&#8221; css=&#8221;.vc_custom_1739184873980{margin-top: 0px !important;margin-bottom: 0px !important;padding-top: 0px !important;padding-bottom: 0px !important;background-color: #1c1c1c !important;}&#8221;][vc_column css_animation=&#8221;fadeInUp&#8221; css=&#8221;.vc_custom_1739184751850{margin-top: 10px !important;margin-right: 10px !important;margin-bottom: 10px !important;margin-left: 10px !important;}&#8221;][vc_column_text css=&#8221;&#8221; el_class=&#8221;tamna-sekcija&#8221;]Richiedi un&#8217;offerta o inviaci una richiesta. Il nostro cordiale personale \u00e8 sempre disponibile per qualsiasi domanda.[\/vc_column_text][vc_raw_html css=&#8221;&#8221;]JTVCY29udGFjdC1mb3JtLTclMjBpZCUzRCUyMmViNjQ3MTMlMjIlMjB0aXRsZSUzRCUyMk1vZHVsbyUyMGRpJTIwY29udGF0dG8lMjBpbiUyMGNyb2F0byUyMiU1RA==[\/vc_raw_html][vc_row_inner el_class=&#8221;tamna-sekcija&#8221;][vc_column_inner width=&#8221;1\/2&#8243;][vc_column_text css=&#8221;.vc_custom_1674560131370{margin-top: 15px !important;margin-bottom: 15px !important;}&#8221;] Indirizzo: Via Principessa Zvonimir 1, 42 [&hellip;]","og_url":"https:\/\/www.hotel-turist.hr\/it\/contatto-3\/","og_site_name":"Hotel Turist Vara\u017edin","article_modified_time":"2026-04-22T17:28:53+00:00","twitter_card":"summary_large_image","twitter_misc":{"Tempo di lettura stimato":"2 minuti"},"schema":{"@context":"https:\/\/schema.org","@graph":[{"@type":"WebPage","@id":"https:\/\/www.hotel-turist.hr\/it\/contatto-3\/","url":"https:\/\/www.hotel-turist.hr\/it\/contatto-3\/","name":"Contatto - Hotel Turist Vara\u017edin","isPartOf":{"@id":"https:\/\/www.hotel-turist.hr\/it\/#website"},"datePublished":"2025-03-17T16:32:05+00:00","dateModified":"2026-04-22T17:28:53+00:00","breadcrumb":{"@id":"https:\/\/www.hotel-turist.hr\/it\/contatto-3\/#breadcrumb"},"inLanguage":"it-IT","potentialAction":[{"@type":"ReadAction","target":["https:\/\/www.hotel-turist.hr\/it\/contatto-3\/"]}]},{"@type":"BreadcrumbList","@id":"https:\/\/www.hotel-turist.hr\/it\/contatto-3\/#breadcrumb","itemListElement":[{"@type":"ListItem","position":1,"name":"Po\u010detna stranica","item":"https:\/\/www.hotel-turist.hr\/it\/"},{"@type":"ListItem","position":2,"name":"Contatto"}]},{"@type":"WebSite","@id":"https:\/\/www.hotel-turist.hr\/it\/#website","url":"https:\/\/www.hotel-turist.hr\/it\/","name":"Hotel Turist Vara\u017edin","description":"","potentialAction":[{"@type":"SearchAction","target":{"@type":"EntryPoint","urlTemplate":"https:\/\/www.hotel-turist.hr\/it\/?s={search_term_string}"},"query-input":{"@type":"PropertyValueSpecification","valueRequired":true,"valueName":"search_term_string"}}],"inLanguage":"it-IT"}]}},"_links":{"self":[{"href":"https:\/\/www.hotel-turist.hr\/it\/wp-json\/wp\/v2\/pages\/12553","targetHints":{"allow":["GET"]}}],"collection":[{"href":"https:\/\/www.hotel-turist.hr\/it\/wp-json\/wp\/v2\/pages"}],"about":[{"href":"https:\/\/www.hotel-turist.hr\/it\/wp-json\/wp\/v2\/types\/page"}],"author":[{"embeddable":true,"href":"https:\/\/www.hotel-turist.hr\/it\/wp-json\/wp\/v2\/users\/16"}],"replies":[{"embeddable":true,"href":"https:\/\/www.hotel-turist.hr\/it\/wp-json\/wp\/v2\/comments?post=12553"}],"version-history":[{"count":13,"href":"https:\/\/www.hotel-turist.hr\/it\/wp-json\/wp\/v2\/pages\/12553\/revisions"}],"predecessor-version":[{"id":14400,"href":"https:\/\/www.hotel-turist.hr\/it\/wp-json\/wp\/v2\/pages\/12553\/revisions\/14400"}],"wp:attachment":[{"href":"https:\/\/www.hotel-turist.hr\/it\/wp-json\/wp\/v2\/media?parent=12553"}],"curies":[{"name":"wp","href":"https:\/\/api.w.org\/{rel}","templated":true}]}}