{"id":13062,"date":"2025-06-06T08:18:46","date_gmt":"2025-06-06T07:18:46","guid":{"rendered":"https:\/\/www.hotel-turist.hr\/sicurezza-dei-pagamenti-online\/"},"modified":"2025-07-15T08:27:58","modified_gmt":"2025-07-15T07:27:58","slug":"sicurezza-dei-pagamenti-online","status":"publish","type":"page","link":"https:\/\/www.hotel-turist.hr\/it\/sicurezza-dei-pagamenti-online\/","title":{"rendered":"Sicurezza dei pagamenti online"},"content":{"rendered":"<div class=\"wpb-content-wrapper\"><p>[vc_row][vc_column][vc_column_text css=&#8221;&#8221;]<\/p>\n<h1><\/h1>\n<p>&nbsp;<\/p>\n<div class=\"info-note\">\n<h1 id=\"zastita-podataka\" style=\"text-align: center;\">Descrizione dei metodi per la protezione dei dati riservati<\/h1>\n<p>&nbsp;<\/p>\n<p>Hotel Turist si impegna a proteggere i dati personali dei clienti, raccogliendo solo i dati di base necessari sui clienti\/utenti, necessari per adempiere ai nostri obblighi; informando i clienti sull&#8217;utilizzo dei dati raccolti e offrendo regolarmente ai clienti la possibilit\u00e0 di scegliere come verranno utilizzati i loro dati, inclusa la possibilit\u00e0 di decidere se desiderano o meno che il loro nome venga rimosso dagli elenchi utilizzati per le campagne di marketing. Tutti i dati degli utenti sono conservati con la massima cura e sono accessibili solo ai dipendenti che ne hanno bisogno per svolgere il proprio lavoro. Tutti i dipendenti di Hotel Turist e i partner commerciali sono tenuti a rispettare i principi di tutela della privacy.  <\/p>\n<p>&nbsp;<\/p>\n<h1 data-start=\"67\" data-end=\"120\"><strong data-start=\"67\" data-end=\"120\">Informazioni sul punto vendita &#8211; Hotel Turist Vara\u017edin<\/strong><\/h1>\n<p data-start=\"122\" data-end=\"217\"><strong data-start=\"122\" data-end=\"144\">Nome completo dell&#8217;azienda:<\/strong><br data-start=\"144\" data-end=\"147\"> TURIST societ\u00e0 a responsabilit\u00e0 limitata per l&#8217;ospitalit\u00e0 e il commercio<\/p>\n<p data-start=\"219\" data-end=\"247\"><strong data-start=\"219\" data-end=\"236\">Numero di registrazione:<\/strong><br data-start=\"236\" data-end=\"239\"> 03672751<\/p>\n<p data-start=\"249\" data-end=\"286\"><strong data-start=\"249\" data-end=\"272\">OIB (codice fiscale):<\/strong><\/p>\n<p>21819941955<\/p>\n<p><strong>Persone autorizzate a rappresentare:<\/strong><br \/> Darko Ki\u0161i\u010dek, regista<\/p>\n<p><strong>Capitale sociale:<\/strong><\/p>\n<p>3.702.940 EUR (euro)<\/p>\n<p data-start=\"288\" data-end=\"361\"><strong data-start=\"288\" data-end=\"305\">Registrazione:<\/strong><br data-start=\"305\" data-end=\"308\">Iscritto nel registro del tribunale commerciale di Vara\u017edin<\/p>\n<p data-start=\"363\" data-end=\"455\"><strong data-start=\"363\" data-end=\"402\">Indirizzo della sede centrale e del punto vendita:<\/strong><br data-start=\"402\" data-end=\"405\">Aleja kralja Zvonimir 1, 42000 Vara\u017edin, Croazia<\/p>\n<p data-start=\"457\" data-end=\"487\"><strong data-start=\"457\" data-end=\"469\">Telefono:<\/strong><br data-start=\"469\" data-end=\"472\">+385 42 395 395<\/p>\n<p data-start=\"489\" data-end=\"520\"><strong data-start=\"489\" data-end=\"502\">Fax:<\/strong><br data-start=\"502\" data-end=\"505\">+385 42 215 028<\/p>\n<p data-start=\"522\" data-end=\"589\"><strong data-start=\"522\" data-end=\"540\">Indirizzi email:<\/strong><br data-start=\"540\" data-end=\"543\"><a class=\"cursor-pointer\" rel=\"noopener\" data-start=\"543\" data-end=\"563\">info@hotel-turist.hr<\/a><br data-start=\"563\" data-end=\"566\"><a class=\"cursor-pointer\" rel=\"noopener\" data-start=\"566\" data-end=\"589\">sales@hotel-turist.hr<\/a><\/p>\n<p data-start=\"591\" data-end=\"647\"><strong data-start=\"591\" data-end=\"619\">Orari di apertura della reception:<\/strong><br data-start=\"619\" data-end=\"622\">00:00 \u2013 24:00 (tutti i giorni)<\/p>\n<\/div>\n<p>&nbsp;<\/p>\n<p>&nbsp;<\/p>\n<h3>Dichiarazione sull&#8217;utilizzo di Monri WSPay<\/h3>\n<div class=\"info-note\">\n<p>Hotel Turist utilizza Monri WSPay per i pagamenti online.<\/p>\n<p>Monri WSPay \u00e8 un sistema di pagamento online sicuro, in tempo reale, con carte di credito e di debito e altri metodi di pagamento. Monri WSPay garantisce all&#8217;acquirente e al commerciante l&#8217;inserimento e la trasmissione sicuri dei dati della carta inseriti, come confermato dal certificato PCI DSS di cui Monri WSPay \u00e8 in possesso. Monri WSPay utilizza un certificato SSL a 256 bit e il protocollo crittografico TLS 1.2, i massimi livelli di protezione per l&#8217;inserimento e la trasmissione dei dati.  <\/p>\n<p>&nbsp;<\/p>\n<\/div>\n<h3>Dichiarazione sulla protezione del trasferimento dei dati personali<\/h3>\n<p>La protezione dei dati personali \u00e8 conforme al Regolamento generale sulla protezione dei dati del Parlamento europeo e del Consiglio n. 2016\/679 e all&#8217;attuazione del Regolamento generale sulla protezione dei dati.<\/p>\n<p>Monri WSPay, in qualit\u00e0 di responsabile dell \u201cautorizzazione e della riscossione delle carte di credito, tratta i dati personali in qualit\u00e0 di responsabile del trattamento e li tratta in conformit\u00e0 al Regolamento generale sulla protezione dei dati del Parlamento europeo e del Consiglio n. 2016\/679 e alle rigide norme del Regolamento PCI DSS L1 sulla protezione dell\u201d inserimento e della trasmissione dei dati.<\/p>\n<p>I dati personali utilizzati ai fini dell \u201cautorizzazione e della fatturazione, vale a dire nell\u201d esecuzione degli obblighi derivanti dal Contratto o sulla base del Contratto, sono considerati dati riservati.<\/p>\n<p>Per l&#8217;esecuzione del Contratto (autorizzazione e pagamento) sono necessari i seguenti dati personali del cliente:<\/p>\n<p>Nome e cognome<br \/> E-mail<br \/> Telefono<br \/> Indirizzo<br \/> Posto<br \/> Cap<br \/> Stato<br \/> Tipo di carta<br \/> Numero della carta<br \/> Periodo di validit\u00e0 della carta<br \/> Codice CVV della carta<\/p>\n<p>WSPay non elabora n\u00e9 utilizza questi dati personali se non allo scopo di eseguire il contratto di autorizzazione e di fatturazione.<\/p>\n<p>WSPay garantisce il rispetto di tutte le condizioni stabilite dalla normativa vigente in materia di protezione dei dati personali per i soggetti che trattano dati personali e, in particolare, l&#8217;adozione di tutte le misure tecniche, organizzative e di sicurezza necessarie, come confermato in particolare dal certificato PCI DSS L1.<\/p>\n<p>&nbsp;<\/p>\n<p>&nbsp;<\/p>\n<h3 data-start=\"25\" data-end=\"61\"><strong data-start=\"25\" data-end=\"61\">Reclami e risoluzione delle controversie<\/strong><\/h3>\n<p data-start=\"63\" data-end=\"296\">I reclami vengono ricevuti via e-mail o per posta all&#8217;indirizzo dell&#8217;azienda.<br data-start=\"130\" data-end=\"133\"> Le controversie possono essere risolte anche tramite la piattaforma di risoluzione delle controversie online (ORS):<br data-start=\"218\" data-end=\"221\"> <a class=\"\" href=\"https:\/\/ec.europa.eu\/consumers\/odr\" target=\"_new\" rel=\"noopener\" data-start=\"224\" data-end=\"296\">https:\/\/ec.europa.eu\/consumers\/odr<\/a><\/p>\n<div class=\"info-note\">\n<p>&nbsp;<\/p>\n<\/div>\n<p>&nbsp;<\/p>\n<p>&nbsp;<\/p>\n<h3 id=\"wspay-oznake\" style=\"text-align: center;\">Monri WSPay<\/h3>\n<p><a title=\"Monri WSpay - Gateway di pagamento sicuro sul Web\" href=\"http:\/\/www.wspay.info\" target=\"_blank\" rel=\"noopener\"><img decoding=\"async\" class=\"aligncenter\" src=\"https:\/\/www.wspay.info\/payment-info\/wsPayWebSecureLogo-118x50-transparent.png\" alt=\"Monri WSpay - Gateway di pagamento sicuro sul Web\" border=\"0\"><\/a><\/p>\n<h3 style=\"text-align: center;\">Pagamento con carte del sistema Monri WSPay<\/h3>\n<div class=\"logo-list\" style=\"text-align: center;\"><a title=\"Controllo identit\u00e0 Mastercard\u00ae\u2122\" href=\"https:\/\/www.wspay.info\/mastercard-securecode.html\" target=\"_blank\" rel=\"noopener\"><img decoding=\"async\" src=\"https:\/\/www.wspay.info\/payment-info\/mastercard-identity-check.png\" alt=\"Controllo identit\u00e0 Mastercard\u00ae\u2122\" border=\"0\"><\/a>&nbsp;<a title=\"Visa Secure\" href=\"https:\/\/www.wspay.info\/verified-by-visa.html\" target=\"_blank\" rel=\"noopener\"><img decoding=\"async\" src=\"https:\/\/www.wspay.info\/payment-info\/visa-secure.png\" alt=\"Visa Secure\" border=\"0\"><\/a>&nbsp;<a title=\"American Express\" href=\"http:\/\/www.americanexpress.hr\/\" target=\"_blank\" rel=\"noopener\"><img decoding=\"async\" src=\"https:\/\/www.wspay.info\/payment-info\/AmericanExpress50.jpg\" alt=\"American Express\" border=\"0\"><\/a>&nbsp;<a title=\"Diners Club International\" href=\"http:\/\/www.diners.com.hr\/\" target=\"_blank\" rel=\"noopener\"><img decoding=\"async\" src=\"https:\/\/www.wspay.info\/payment-info\/diners_50.gif\" alt=\"Diners Club International\" border=\"0\"><\/a>&nbsp;<a title=\"Visa\" href=\"http:\/\/www.visa.com.hr\/\" target=\"_blank\" rel=\"noopener\"><img decoding=\"async\" src=\"https:\/\/www.wspay.info\/payment-info\/Visa50.gif\" alt=\"Visa\" border=\"0\"><\/a><\/div>\n<div class=\"logo-list\" style=\"text-align: center;\"><a title=\"MasterCard\" href=\"https:\/\/www.mastercard.com\/hr\/\" target=\"_blank\" rel=\"noopener\"><img decoding=\"async\" src=\"https:\/\/www.wspay.info\/payment-info\/MasterCard50.gif\" alt=\"MasterCard\" border=\"0\"><\/a>&nbsp;<a title=\"Maestro\" href=\"https:\/\/www.mastercard.com\/hr\/\" target=\"_blank\" rel=\"noopener\"><img decoding=\"async\" src=\"https:\/\/www.wspay.info\/payment-info\/maestro50.gif\" alt=\"Maestro\" border=\"0\"><\/a>&nbsp;<a title=\"Scoprire\" href=\"https:\/\/www.discover.com\/\" target=\"_blank\" rel=\"noopener\"><img decoding=\"async\" src=\"https:\/\/www.wspay.info\/payment-info\/discover_50.gif\" alt=\"Scoprire\" border=\"0\"><\/a>&nbsp;<a title=\"Dinacard\" href=\"http:\/\/www.diners.com.hr\/\" target=\"_blank\" rel=\"noopener\"><img decoding=\"async\" src=\"https:\/\/www.wspay.info\/payment-info\/dinacard50.png\" alt=\"Dinacard\" border=\"0\"><\/a><\/div>\n<div style=\"text-align: center;\"><\/div>\n<h3 style=\"text-align: center;\">Metodi di pagamento aggiuntivi<a title=\"Aircash\" href=\"https:\/\/aircash.eu\/\" target=\"_blank\" rel=\"noopener\"><img decoding=\"async\" class=\"aligncenter\" src=\"https:\/\/www.wspay.info\/payment-info\/AircashLogo.png\" alt=\"Aircash\"><\/a>&nbsp;<a title=\"Google Pay\" href=\"https:\/\/pay.google.com\/about\/\" target=\"_blank\" rel=\"noopener\"><img decoding=\"async\" class=\"aligncenter\" src=\"https:\/\/www.wspay.info\/payment-info\/GPay-logo.png\" alt=\"Google Pay\"><\/a>&nbsp;<a title=\"Pagamento KEKS\" href=\"https:\/\/www.kekspay.hr\/\" target=\"_blank\" rel=\"noopener\"><img decoding=\"async\" class=\"aligncenter\" src=\"https:\/\/www.wspay.info\/payment-info\/KeksPayLogo.png\" alt=\"Pagamento KEKS\"><\/a><\/h3>\n<p>[\/vc_column_text][\/vc_column][\/vc_row]<\/p>\n<\/div>","protected":false},"excerpt":{"rendered":"<p>[vc_row][vc_column][vc_column_text css=&#8221;&#8221;] &nbsp; Descrizione dei metodi per la protezione dei dati riservati &nbsp; Hotel Turist si impegna a proteggere i dati personali dei clienti, raccogliendo solo i dati di base necessari sui clienti\/utenti, necessari per adempiere ai nostri obblighi; informando i clienti sull&#8217;utilizzo dei dati raccolti e offrendo regolarmente ai clienti la possibilit\u00e0 di scegliere [&hellip;]<\/p>\n","protected":false},"author":16,"featured_media":0,"parent":0,"menu_order":0,"comment_status":"closed","ping_status":"closed","template":"","meta":{"footnotes":""},"class_list":["post-13062","page","type-page","status-publish","hentry"],"yoast_head":"<!-- This site is optimized with the Yoast SEO plugin v27.2 - https:\/\/yoast.com\/product\/yoast-seo-wordpress\/ -->\n<title>Sicurezza dei pagamenti online - Hotel Turist Vara\u017edin<\/title>\n<meta name=\"robots\" content=\"index, follow, max-snippet:-1, max-image-preview:large, max-video-preview:-1\" \/>\n<link rel=\"canonical\" href=\"https:\/\/www.hotel-turist.hr\/it\/sicurezza-dei-pagamenti-online\/\" \/>\n<meta property=\"og:locale\" content=\"it_IT\" \/>\n<meta property=\"og:type\" content=\"article\" \/>\n<meta property=\"og:title\" content=\"Sicurezza dei pagamenti online - Hotel Turist Vara\u017edin\" \/>\n<meta property=\"og:description\" content=\"[vc_row][vc_column][vc_column_text css=&#8221;&#8221;] &nbsp; Descrizione dei metodi per la protezione dei dati riservati &nbsp; Hotel Turist si impegna a proteggere i dati personali dei clienti, raccogliendo solo i dati di base necessari sui clienti\/utenti, necessari per adempiere ai nostri obblighi; informando i clienti sull&#8217;utilizzo dei dati raccolti e offrendo regolarmente ai clienti la possibilit\u00e0 di scegliere [&hellip;]\" \/>\n<meta property=\"og:url\" content=\"https:\/\/www.hotel-turist.hr\/it\/sicurezza-dei-pagamenti-online\/\" \/>\n<meta property=\"og:site_name\" content=\"Hotel Turist Vara\u017edin\" \/>\n<meta property=\"article:modified_time\" content=\"2025-07-15T07:27:58+00:00\" \/>\n<meta property=\"og:image\" content=\"https:\/\/www.wspay.info\/payment-info\/wsPayWebSecureLogo-118x50-transparent.png\" \/>\n<meta name=\"twitter:card\" content=\"summary_large_image\" \/>\n<meta name=\"twitter:label1\" content=\"Tempo di lettura stimato\" \/>\n\t<meta name=\"twitter:data1\" content=\"3 minuti\" \/>\n<script type=\"application\/ld+json\" class=\"yoast-schema-graph\">{\"@context\":\"https:\/\/schema.org\",\"@graph\":[{\"@type\":\"WebPage\",\"@id\":\"https:\/\/www.hotel-turist.hr\/it\/sicurezza-dei-pagamenti-online\/\",\"url\":\"https:\/\/www.hotel-turist.hr\/it\/sicurezza-dei-pagamenti-online\/\",\"name\":\"Sicurezza dei pagamenti online - Hotel Turist Vara\u017edin\",\"isPartOf\":{\"@id\":\"https:\/\/www.hotel-turist.hr\/it\/#website\"},\"primaryImageOfPage\":{\"@id\":\"https:\/\/www.hotel-turist.hr\/it\/sicurezza-dei-pagamenti-online\/#primaryimage\"},\"image\":{\"@id\":\"https:\/\/www.hotel-turist.hr\/it\/sicurezza-dei-pagamenti-online\/#primaryimage\"},\"thumbnailUrl\":\"https:\/\/www.wspay.info\/payment-info\/wsPayWebSecureLogo-118x50-transparent.png\",\"datePublished\":\"2025-06-06T07:18:46+00:00\",\"dateModified\":\"2025-07-15T07:27:58+00:00\",\"breadcrumb\":{\"@id\":\"https:\/\/www.hotel-turist.hr\/it\/sicurezza-dei-pagamenti-online\/#breadcrumb\"},\"inLanguage\":\"it-IT\",\"potentialAction\":[{\"@type\":\"ReadAction\",\"target\":[\"https:\/\/www.hotel-turist.hr\/it\/sicurezza-dei-pagamenti-online\/\"]}]},{\"@type\":\"ImageObject\",\"inLanguage\":\"it-IT\",\"@id\":\"https:\/\/www.hotel-turist.hr\/it\/sicurezza-dei-pagamenti-online\/#primaryimage\",\"url\":\"https:\/\/www.wspay.info\/payment-info\/wsPayWebSecureLogo-118x50-transparent.png\",\"contentUrl\":\"https:\/\/www.wspay.info\/payment-info\/wsPayWebSecureLogo-118x50-transparent.png\"},{\"@type\":\"BreadcrumbList\",\"@id\":\"https:\/\/www.hotel-turist.hr\/it\/sicurezza-dei-pagamenti-online\/#breadcrumb\",\"itemListElement\":[{\"@type\":\"ListItem\",\"position\":1,\"name\":\"Po\u010detna stranica\",\"item\":\"https:\/\/www.hotel-turist.hr\/it\/\"},{\"@type\":\"ListItem\",\"position\":2,\"name\":\"Sicurezza dei pagamenti online\"}]},{\"@type\":\"WebSite\",\"@id\":\"https:\/\/www.hotel-turist.hr\/it\/#website\",\"url\":\"https:\/\/www.hotel-turist.hr\/it\/\",\"name\":\"Hotel Turist Vara\u017edin\",\"description\":\"\",\"potentialAction\":[{\"@type\":\"SearchAction\",\"target\":{\"@type\":\"EntryPoint\",\"urlTemplate\":\"https:\/\/www.hotel-turist.hr\/it\/?s={search_term_string}\"},\"query-input\":{\"@type\":\"PropertyValueSpecification\",\"valueRequired\":true,\"valueName\":\"search_term_string\"}}],\"inLanguage\":\"it-IT\"}]}<\/script>\n<!-- \/ Yoast SEO plugin. -->","yoast_head_json":{"title":"Sicurezza dei pagamenti online - Hotel Turist Vara\u017edin","robots":{"index":"index","follow":"follow","max-snippet":"max-snippet:-1","max-image-preview":"max-image-preview:large","max-video-preview":"max-video-preview:-1"},"canonical":"https:\/\/www.hotel-turist.hr\/it\/sicurezza-dei-pagamenti-online\/","og_locale":"it_IT","og_type":"article","og_title":"Sicurezza dei pagamenti online - Hotel Turist Vara\u017edin","og_description":"[vc_row][vc_column][vc_column_text css=&#8221;&#8221;] &nbsp; Descrizione dei metodi per la protezione dei dati riservati &nbsp; Hotel Turist si impegna a proteggere i dati personali dei clienti, raccogliendo solo i dati di base necessari sui clienti\/utenti, necessari per adempiere ai nostri obblighi; informando i clienti sull&#8217;utilizzo dei dati raccolti e offrendo regolarmente ai clienti la possibilit\u00e0 di scegliere [&hellip;]","og_url":"https:\/\/www.hotel-turist.hr\/it\/sicurezza-dei-pagamenti-online\/","og_site_name":"Hotel Turist Vara\u017edin","article_modified_time":"2025-07-15T07:27:58+00:00","og_image":[{"url":"https:\/\/www.wspay.info\/payment-info\/wsPayWebSecureLogo-118x50-transparent.png","type":"","width":"","height":""}],"twitter_card":"summary_large_image","twitter_misc":{"Tempo di lettura stimato":"3 minuti"},"schema":{"@context":"https:\/\/schema.org","@graph":[{"@type":"WebPage","@id":"https:\/\/www.hotel-turist.hr\/it\/sicurezza-dei-pagamenti-online\/","url":"https:\/\/www.hotel-turist.hr\/it\/sicurezza-dei-pagamenti-online\/","name":"Sicurezza dei pagamenti online - Hotel Turist Vara\u017edin","isPartOf":{"@id":"https:\/\/www.hotel-turist.hr\/it\/#website"},"primaryImageOfPage":{"@id":"https:\/\/www.hotel-turist.hr\/it\/sicurezza-dei-pagamenti-online\/#primaryimage"},"image":{"@id":"https:\/\/www.hotel-turist.hr\/it\/sicurezza-dei-pagamenti-online\/#primaryimage"},"thumbnailUrl":"https:\/\/www.wspay.info\/payment-info\/wsPayWebSecureLogo-118x50-transparent.png","datePublished":"2025-06-06T07:18:46+00:00","dateModified":"2025-07-15T07:27:58+00:00","breadcrumb":{"@id":"https:\/\/www.hotel-turist.hr\/it\/sicurezza-dei-pagamenti-online\/#breadcrumb"},"inLanguage":"it-IT","potentialAction":[{"@type":"ReadAction","target":["https:\/\/www.hotel-turist.hr\/it\/sicurezza-dei-pagamenti-online\/"]}]},{"@type":"ImageObject","inLanguage":"it-IT","@id":"https:\/\/www.hotel-turist.hr\/it\/sicurezza-dei-pagamenti-online\/#primaryimage","url":"https:\/\/www.wspay.info\/payment-info\/wsPayWebSecureLogo-118x50-transparent.png","contentUrl":"https:\/\/www.wspay.info\/payment-info\/wsPayWebSecureLogo-118x50-transparent.png"},{"@type":"BreadcrumbList","@id":"https:\/\/www.hotel-turist.hr\/it\/sicurezza-dei-pagamenti-online\/#breadcrumb","itemListElement":[{"@type":"ListItem","position":1,"name":"Po\u010detna stranica","item":"https:\/\/www.hotel-turist.hr\/it\/"},{"@type":"ListItem","position":2,"name":"Sicurezza dei pagamenti online"}]},{"@type":"WebSite","@id":"https:\/\/www.hotel-turist.hr\/it\/#website","url":"https:\/\/www.hotel-turist.hr\/it\/","name":"Hotel Turist Vara\u017edin","description":"","potentialAction":[{"@type":"SearchAction","target":{"@type":"EntryPoint","urlTemplate":"https:\/\/www.hotel-turist.hr\/it\/?s={search_term_string}"},"query-input":{"@type":"PropertyValueSpecification","valueRequired":true,"valueName":"search_term_string"}}],"inLanguage":"it-IT"}]}},"_links":{"self":[{"href":"https:\/\/www.hotel-turist.hr\/it\/wp-json\/wp\/v2\/pages\/13062","targetHints":{"allow":["GET"]}}],"collection":[{"href":"https:\/\/www.hotel-turist.hr\/it\/wp-json\/wp\/v2\/pages"}],"about":[{"href":"https:\/\/www.hotel-turist.hr\/it\/wp-json\/wp\/v2\/types\/page"}],"author":[{"embeddable":true,"href":"https:\/\/www.hotel-turist.hr\/it\/wp-json\/wp\/v2\/users\/16"}],"replies":[{"embeddable":true,"href":"https:\/\/www.hotel-turist.hr\/it\/wp-json\/wp\/v2\/comments?post=13062"}],"version-history":[{"count":11,"href":"https:\/\/www.hotel-turist.hr\/it\/wp-json\/wp\/v2\/pages\/13062\/revisions"}],"predecessor-version":[{"id":13222,"href":"https:\/\/www.hotel-turist.hr\/it\/wp-json\/wp\/v2\/pages\/13062\/revisions\/13222"}],"wp:attachment":[{"href":"https:\/\/www.hotel-turist.hr\/it\/wp-json\/wp\/v2\/media?parent=13062"}],"curies":[{"name":"wp","href":"https:\/\/api.w.org\/{rel}","templated":true}]}}