{"id":13068,"date":"2025-06-06T08:19:14","date_gmt":"2025-06-06T07:19:14","guid":{"rendered":"https:\/\/www.hotel-turist.hr\/informazioni-generali\/"},"modified":"2025-07-15T08:27:22","modified_gmt":"2025-07-15T07:27:22","slug":"informazioni-generali","status":"publish","type":"page","link":"https:\/\/www.hotel-turist.hr\/it\/informazioni-generali\/","title":{"rendered":"informazioni generali"},"content":{"rendered":"<div class=\"wpb-content-wrapper\"><p>[vc_row][vc_column][vc_column_text css_animation=&#8221;fadeInDown&#8221; css=&#8221;.vc_custom_1752560430742{padding-top: 35px !important;padding-bottom: 35px !important;}&#8221;]<\/p>\n<h2 style=\"text-align: center;\" data-start=\"67\" data-end=\"120\"><strong data-start=\"67\" data-end=\"120\">INFORMAZIONI SUL PUNTO VENDITA \u2013 HOTEL TURIST VARA\u017dDIN<\/strong><\/h2>\n<p>[\/vc_column_text][vc_column_text css=&#8221;.vc_custom_1752560391550{margin-top: 35px !important;}&#8221;]<\/p>\n<h2 style=\"text-align: center;\" data-start=\"67\" data-end=\"120\"><\/h2>\n<p data-start=\"122\" data-end=\"217\"><strong data-start=\"122\" data-end=\"144\">Nome completo dell&#8217;azienda:<\/strong><br data-start=\"144\" data-end=\"147\"> TURIST societ\u00e0 a responsabilit\u00e0 limitata per l&#8217;ospitalit\u00e0 e il commercio<\/p>\n<p data-start=\"219\" data-end=\"247\"><strong data-start=\"219\" data-end=\"236\">Numero di registrazione:<\/strong><br data-start=\"236\" data-end=\"239\"> 03672751<\/p>\n<p data-start=\"249\" data-end=\"286\"><strong data-start=\"249\" data-end=\"272\">OIB (codice fiscale):<\/strong><br data-start=\"272\" data-end=\"275\"> 21819941955<\/p>\n<p data-start=\"288\" data-end=\"361\"><strong data-start=\"288\" data-end=\"305\">Registrazione:<\/strong><br data-start=\"305\" data-end=\"308\"> Iscritto nel registro del tribunale commerciale di Vara\u017edin<\/p>\n<p data-start=\"363\" data-end=\"455\"><strong data-start=\"363\" data-end=\"402\">Indirizzo della sede centrale e del punto vendita:<\/strong><br data-start=\"402\" data-end=\"405\"> Aleja kralja Zvonimir 1, 42000 Vara\u017edin, Croazia<\/p>\n<p><strong>Persone autorizzate a rappresentare:<\/strong><br \/> Darko Ki\u0161i\u010dek, regista<\/p>\n<p><strong>Capitale sociale:<\/strong><\/p>\n<p>3.702.940 EUR (euro)<\/p>\n<p data-start=\"457\" data-end=\"487\"><strong data-start=\"457\" data-end=\"469\">Telefono:<\/strong><br data-start=\"469\" data-end=\"472\"> +385 42 395 395<\/p>\n<p data-start=\"489\" data-end=\"520\"><strong data-start=\"489\" data-end=\"502\">Fax:<\/strong><br data-start=\"502\" data-end=\"505\"> +385 42 215 028<\/p>\n<p data-start=\"522\" data-end=\"589\"><strong data-start=\"522\" data-end=\"540\">Indirizzi email:<\/strong><br data-start=\"540\" data-end=\"543\"> <a class=\"cursor-pointer\" rel=\"noopener\" data-start=\"543\" data-end=\"563\">info@hotel-turist.hr<\/a><br data-start=\"563\" data-end=\"566\"> <a class=\"cursor-pointer\" rel=\"noopener\" data-start=\"566\" data-end=\"589\">sales@hotel-turist.hr<\/a><\/p>\n<p data-start=\"591\" data-end=\"647\"><strong data-start=\"591\" data-end=\"619\">Orari di apertura della reception:<\/strong><br data-start=\"619\" data-end=\"622\"> 00:00 \u2013 24:00 (tutti i giorni)<\/p>\n<p>[\/vc_column_text][vc_column_text css_animation=&#8221;fadeInDown&#8221; css=&#8221;.vc_custom_1752560468919{padding-top: 35px !important;padding-bottom: 35px !important;}&#8221;]<\/p>\n<h2 style=\"text-align: center;\" data-start=\"67\" data-end=\"120\"><strong data-start=\"67\" data-end=\"120\">DIRITTO E MODALIT\u00c0 DI PRESENTAZIONE DEL RECLAMO<\/strong><\/h2>\n<p>[\/vc_column_text][vc_column_text css=&#8221;.vc_custom_1752560657587{margin-top: 35px !important;}&#8221;]<\/p>\n<div class=\"nd_options_container nd_options_padding_0_15 nd_options_box_sizing_border_box nd_options_clearfix\">\n<div id=\"post-13150\" class=\"post-13150 page type-page status-draft hentry\">\n<p data-start=\"256\" data-end=\"638\">In conformit\u00e0 con le disposizioni dell&#8217;articolo 10 della Legge sulla tutela dei consumatori e dell&#8217;articolo 10 della Legge sull&#8217;ospitalit\u00e0, <strong data-start=\"363\" data-end=\"409\">TURIST doo per l&#8217;ospitalit\u00e0 e il commercio<\/strong> , Aleja kralja Zvonimira 1, 42000 Vara\u017edin, OIB: 21819941955 (di seguito: noi), in qualit\u00e0 di commerciante e fornitore di servizi di ospitalit\u00e0, con la presente La informa sulla modalit\u00e0 di presentazione di un reclamo scritto in merito al servizio fornito o alla merce acquistata.  <\/p>\n<h4 data-start=\"640\" data-end=\"682\"><\/h4>\n<h4 data-start=\"640\" data-end=\"682\"><strong data-start=\"645\" data-end=\"682\">Puoi presentare un reclamo scritto:<\/strong><\/h4>\n<ul data-start=\"684\" data-end=\"955\">\n<li data-start=\"684\" data-end=\"781\">\n<p data-start=\"686\" data-end=\"781\"><strong data-start=\"686\" data-end=\"696\">di persona<\/strong> presso la nostra sede commerciale in Aleja kralja Zvonimira 1, 42000 Vara\u017edin,<\/p>\n<\/li>\n<li data-start=\"782\" data-end=\"888\">\n<p data-start=\"784\" data-end=\"888\"><strong data-start=\"784\" data-end=\"799\">per posta<\/strong> all&#8217;indirizzo: <br data-start=\"810\" data-end=\"813\"> Tourist doo <br data-start=\"828\" data-end=\"831\"> Vicolo Re Zvonimir 1 <br data-start=\"857\" data-end=\"860\"> 42000 Vara\u017edin, Croazia<\/p>\n<\/li>\n<li data-start=\"889\" data-end=\"955\">\n<p data-start=\"891\" data-end=\"955\"><strong data-start=\"891\" data-end=\"919\">via e-mail<\/strong> all&#8217;indirizzo: <a class=\"cursor-pointer\" rel=\"noopener\" data-start=\"931\" data-end=\"955\">info@hotel-turist.hr<\/a><\/p>\n<\/li>\n<li data-start=\"889\" data-end=\"955\">tramite il modulo di contatto sul nostro sito web: <a href=\"https:\/\/www.hotel-turist.hr\/kontakt\/\">www.hotel-turist.hr\/kontakt<\/a><\/li>\n<\/ul>\n<p data-start=\"957\" data-end=\"1017\">Si prega di fornire le seguenti informazioni nel reclamo:<\/p>\n<ul data-start=\"1019\" data-end=\"1305\">\n<li data-start=\"1019\" data-end=\"1036\">\n<p data-start=\"1021\" data-end=\"1036\">nome e cognome<\/p>\n<\/li>\n<li data-start=\"1037\" data-end=\"1151\">\n<p data-start=\"1039\" data-end=\"1151\">l&#8217;indirizzo email o l&#8217;indirizzo postale a cui desideri ricevere la conferma di ricezione e una risposta al reclamo<\/p>\n<\/li>\n<li data-start=\"1152\" data-end=\"1273\">\n<p data-start=\"1154\" data-end=\"1273\">contenuto del reclamo (descrizione delle circostanze per le quali si presenta il reclamo, data in cui si sono verificate e a quale servizio si riferiscono)<\/p>\n<\/li>\n<li data-start=\"1274\" data-end=\"1305\">\n<p data-start=\"1276\" data-end=\"1305\">data di presentazione del reclamo.<\/p>\n<\/li>\n<\/ul>\n<p data-start=\"1307\" data-end=\"1522\">Risponderemo al tuo reclamo entro il termine legale di 15 giorni dalla data di ricezione, inviando una risposta all&#8217;indirizzo postale o elettronico fornito nel reclamo o all&#8217;indirizzo dal quale lo abbiamo ricevuto.<\/p>\n<\/div>\n<\/div>\n<div id=\"nd_options_footer_4\" class=\"nd_options_section\"><\/div>\n<p>[\/vc_column_text][vc_column_text css_animation=&#8221;fadeInDown&#8221; css=&#8221;.vc_custom_1752560519427{padding-top: 35px !important;padding-bottom: 35px !important;}&#8221;]<\/p>\n<h2 style=\"text-align: center;\" data-start=\"67\" data-end=\"120\"><strong data-start=\"67\" data-end=\"120\">DIRITTO DI RESO \/ RECLAMO<\/strong><\/h2>\n<p>[\/vc_column_text][vc_column_text css=&#8221;.vc_custom_1752560883934{margin-top: 35px !important;}&#8221;]<\/p>\n<div class=\"nd_options_container nd_options_padding_0_15 nd_options_box_sizing_border_box nd_options_clearfix\">\n<div id=\"post-13150\" class=\"post-13150 page type-page status-draft hentry\">\n<p data-start=\"216\" data-end=\"540\">In caso di insoddisfazione per il prodotto acquistato o per il servizio fornito, vi preghiamo di contattare il nostro personale dell&#8217;hotel il prima possibile, in modo da poter trovare una soluzione rapida ed efficace sul posto. \u00c8 nell&#8217;interesse dell&#8217;ospite segnalare tempestivamente eventuali irregolarit\u00e0 durante il soggiorno, in modo che possano essere tempestivamente corrette. <\/p>\n<p data-start=\"542\" data-end=\"756\">Se il reclamo non pu\u00f2 essere risolto immediatamente, l&#8217;ospite pu\u00f2 richiedere una conferma scritta da cui risulti chiaramente che il servizio non \u00e8 stato fornito o non \u00e8 stato fornito in conformit\u00e0 al contratto. L&#8217;ospite \u00e8 tenuto ad allegare tale conferma al reclamo scritto. <\/p>\n<p data-start=\"758\" data-end=\"925\"><strong data-start=\"758\" data-end=\"801\">Il termine per la presentazione di un reclamo \u00e8 di 8 giorni<\/strong> dalla data di completamento del servizio. I reclami pervenuti dopo la scadenza del termine specificato <strong data-start=\"891\" data-end=\"924\">non saranno presi in considerazione<\/strong> . <\/p>\n<p data-start=\"927\" data-end=\"1130\">L&#8217;Hotel Turist Vara\u017edin si impegna a fornire una risposta scritta al reclamo ricevuto entro il termine legale di 15 giorni. Saranno presi in considerazione solo i reclami che non possono essere risolti sul posto. <\/p>\n<p data-start=\"1132\" data-end=\"1359\">Durante la procedura di risoluzione dei reclami, l&#8217;ospite rinuncia al diritto di mediare con terzi, di comparire in pubblico o di avviare qualsiasi procedura tramite i media, nonch\u00e9 di intentare cause legali fino alla conclusione della procedura ufficiale.<\/p>\n<p data-start=\"1361\" data-end=\"1577\"><strong data-start=\"1361\" data-end=\"1393\">L&#8217;importo massimo di risarcimento possibile<\/strong> per singolo reclamo pu\u00f2 essere pari al valore massimo della parte contestata del servizio, mentre <strong data-start=\"1486\" data-end=\"1577\">non saranno accettati reclami per servizi gi\u00e0 utilizzati o per l&#8217;intero importo del servizio.<\/strong><\/p>\n<p data-start=\"1579\" data-end=\"1737\">In caso di controversia che non possa essere risolta amichevolmente, si concorda la competenza del tribunale con giurisdizione effettiva a Vara\u017edin. La legge applicabile \u00e8 quella della Repubblica di Croazia. <\/p>\n<\/div>\n<h3 data-start=\"1744\" data-end=\"1802\"><strong data-start=\"1748\" data-end=\"1802\">Piattaforma per la risoluzione online delle controversie dei consumatori<\/strong><\/h3>\n<p data-start=\"1804\" data-end=\"2078\">Ai sensi dell&#8217;articolo 14(1) del regolamento (UE) n. 524\/2013, i consumatori possono presentare un reclamo anche tramite <strong data-start=\"1902\" data-end=\"1967\">la piattaforma di risoluzione delle controversie online (ODR)<\/strong> , disponibile al seguente link:   <br data-start=\"2001\" data-end=\"2004\"><a class=\"\" href=\"https:\/\/ec.europa.eu\/consumers\/odr\/\" target=\"_new\" rel=\"noopener\" data-start=\"2004\" data-end=\"2078\">https:\/\/ec.europa.eu\/consumers\/odr\/<\/a><\/p>\n<\/div>\n<p>[\/vc_column_text][vc_column_text css_animation=&#8221;fadeInDown&#8221; css=&#8221;.vc_custom_1752562011406{padding-top: 35px !important;padding-bottom: 35px !important;}&#8221;]<\/p>\n<h2 style=\"text-align: center;\" data-start=\"67\" data-end=\"120\"><strong data-start=\"67\" data-end=\"120\">METODI DI PAGAMENTO<\/strong><\/h2>\n<p>[\/vc_column_text][vc_column_text css=&#8221;.vc_custom_1752562912121{margin-top: 35px !important;}&#8221;]<\/p>\n<h3><strong>1. Pagamenti dalla Croazia al conto bancario dell&#8217;azienda<\/strong><\/h3>\n<p>Gli ospiti provenienti dalla Croazia possono effettuare un pagamento tramite ordine di pagamento generale o internet banking sul conto bancario:<\/p>\n<p>Tourist doo<br \/> Aleja kralja Zvonimir 1, HR-42000 Vara\u017edin, Croazia<br \/> Codice IBAN: <span class=\"text-success\">HR4223600001101790895<\/span><\/p>\n<p>CODICE SWIFT: ZABAHR2X<\/p>\n<p>Banca: Zagreba\u010dka Banka dd<\/p>\n<p>Numero di chiamata: secondo offerta\/prenotazione<\/p>\n<h3><strong>2. Con carta di credito \u2013 pagamento online<\/strong><\/h3>\n<p>Gli ospiti possono effettuare pagamenti con carta di credito tramite il nostro sistema di prenotazione online sicuro. Il sistema utilizza un certificato SSL e consente l&#8217;autorizzazione della carta. <\/p>\n<h3><strong>3. Con carta di credito \u2013 pagamento offline<\/strong><\/h3>\n<p>Se scegli di pagare offline con carta, ti invieremo un modulo di autorizzazione che dovrai compilare, firmare e restituire via e-mail o fax. Con questo modulo, autorizzi Hotel Turist ad addebitare l&#8217;importo concordato per la tua prenotazione. <\/p>\n<h3><strong>4. Pagamento in contanti<\/strong><\/h3>\n<p>Il pagamento dei servizi \u00e8 possibile anche in contanti presso la reception dell&#8217;hotel, all&#8217;arrivo o al momento del check-out, a seconda delle condizioni di prenotazione.<\/p>\n<div class=\"nd_options_container nd_options_padding_0_15 nd_options_box_sizing_border_box nd_options_clearfix\">\n<div id=\"post-13150\" class=\"post-13150 page type-page status-draft hentry\">\n<div class=\"desc-bottom-galleria\">\n<p>&nbsp;<\/p>\n<\/div>\n<h3 id=\"wspay-oznake\" style=\"text-align: center;\">Monri WSPay<\/h3>\n<p><a title=\"Monri WSpay - Gateway di pagamento sicuro sul Web\" href=\"http:\/\/www.wspay.info\" target=\"_blank\" rel=\"noopener\"><img decoding=\"async\" class=\"aligncenter\" src=\"https:\/\/www.wspay.info\/payment-info\/wsPayWebSecureLogo-118x50-transparent.png\" alt=\"Monri WSpay - Gateway di pagamento sicuro sul Web\" border=\"0\"><\/a><\/p>\n<h3><\/h3>\n<h3 style=\"text-align: center;\">Pagamento con carte del sistema Monri WSPay<\/h3>\n<div class=\"logo-list\" style=\"text-align: center;\"><a title=\"Controllo identit\u00e0 Mastercard\u00ae\u2122\" href=\"https:\/\/www.wspay.info\/mastercard-securecode.html\" target=\"_blank\" rel=\"noopener\"><img decoding=\"async\" src=\"https:\/\/www.wspay.info\/payment-info\/mastercard-identity-check.png\" alt=\"Controllo identit\u00e0 Mastercard\u00ae\u2122\" border=\"0\"><\/a>&nbsp;<a title=\"Visa Secure\" href=\"https:\/\/www.wspay.info\/verified-by-visa.html\" target=\"_blank\" rel=\"noopener\"><img decoding=\"async\" src=\"https:\/\/www.wspay.info\/payment-info\/visa-secure.png\" alt=\"Visa Secure\" border=\"0\"><\/a>&nbsp;<a title=\"American Express\" href=\"http:\/\/www.americanexpress.hr\/\" target=\"_blank\" rel=\"noopener\"><img decoding=\"async\" src=\"https:\/\/www.wspay.info\/payment-info\/AmericanExpress50.jpg\" alt=\"American Express\" border=\"0\"><\/a>&nbsp;<a title=\"Diners Club International\" href=\"http:\/\/www.diners.com.hr\/\" target=\"_blank\" rel=\"noopener\"><img decoding=\"async\" src=\"https:\/\/www.wspay.info\/payment-info\/diners_50.gif\" alt=\"Diners Club International\" border=\"0\"><\/a>&nbsp;<a title=\"Visa\" href=\"http:\/\/www.visa.com.hr\/\" target=\"_blank\" rel=\"noopener\"><img decoding=\"async\" src=\"https:\/\/www.wspay.info\/payment-info\/Visa50.gif\" alt=\"Visa\" border=\"0\"><\/a><\/div>\n<div class=\"logo-list\" style=\"text-align: center;\"><a title=\"MasterCard\" href=\"https:\/\/www.mastercard.com\/hr\/\" target=\"_blank\" rel=\"noopener\"><img decoding=\"async\" src=\"https:\/\/www.wspay.info\/payment-info\/MasterCard50.gif\" alt=\"MasterCard\" border=\"0\"><\/a>&nbsp;<a title=\"Maestro\" href=\"https:\/\/www.mastercard.com\/hr\/\" target=\"_blank\" rel=\"noopener\"><img decoding=\"async\" src=\"https:\/\/www.wspay.info\/payment-info\/maestro50.gif\" alt=\"Maestro\" border=\"0\"><\/a>&nbsp;<a title=\"Scoprire\" href=\"https:\/\/www.discover.com\/\" target=\"_blank\" rel=\"noopener\"><img decoding=\"async\" src=\"https:\/\/www.wspay.info\/payment-info\/discover_50.gif\" alt=\"Scoprire\" border=\"0\"><\/a>&nbsp;<a title=\"Dinacard\" href=\"http:\/\/www.diners.com.hr\/\" target=\"_blank\" rel=\"noopener\"><img decoding=\"async\" src=\"https:\/\/www.wspay.info\/payment-info\/dinacard50.png\" alt=\"Dinacard\" border=\"0\"><\/a><\/div>\n<div style=\"text-align: center;\"><\/div>\n<h3><\/h3>\n<\/div>\n<\/div>\n<p>[\/vc_column_text][vc_column_text css=&#8221;.vc_custom_1752564410654{margin-top: 35px !important;}&#8221;]<\/p>\n<div class=\"nd_options_container nd_options_padding_0_15 nd_options_box_sizing_border_box nd_options_clearfix\">\n<div id=\"post-13150\" class=\"post-13150 page type-page status-draft hentry\">\n<h3><\/h3>\n<h3 style=\"text-align: center;\">Metodi di pagamento aggiuntivi<a title=\"Aircash\" href=\"https:\/\/aircash.eu\/\" target=\"_blank\" rel=\"noopener\"><img decoding=\"async\" class=\"aligncenter\" src=\"https:\/\/www.wspay.info\/payment-info\/AircashLogo.png\" alt=\"Aircash\"><\/a>&nbsp;<a title=\"Google Pay\" href=\"https:\/\/pay.google.com\/about\/\" target=\"_blank\" rel=\"noopener\"><img decoding=\"async\" class=\"aligncenter\" src=\"https:\/\/www.wspay.info\/payment-info\/GPay-logo.png\" alt=\"Google Pay\"><\/a>&nbsp;<a title=\"Pagamento KEKS\" href=\"https:\/\/www.kekspay.hr\/\" target=\"_blank\" rel=\"noopener\"><img decoding=\"async\" class=\"aligncenter\" src=\"https:\/\/www.wspay.info\/payment-info\/KeksPayLogo.png\" alt=\"Pagamento KEKS\"><\/a><\/h3>\n<\/div>\n<\/div>\n<p>[\/vc_column_text][\/vc_column][\/vc_row]<\/p>\n<\/div>","protected":false},"excerpt":{"rendered":"<p>[vc_row][vc_column][vc_column_text css_animation=&#8221;fadeInDown&#8221; css=&#8221;.vc_custom_1752560430742{padding-top: 35px !important;padding-bottom: 35px !important;}&#8221;] INFORMAZIONI SUL PUNTO VENDITA \u2013 HOTEL TURIST VARA\u017dDIN [\/vc_column_text][vc_column_text css=&#8221;.vc_custom_1752560391550{margin-top: 35px !important;}&#8221;] Nome completo dell&#8217;azienda: TURIST societ\u00e0 a responsabilit\u00e0 limitata per l&#8217;ospitalit\u00e0 e il commercio Numero di registrazione: 03672751 OIB (codice fiscale): 21819941955 Registrazione: Iscritto nel registro del tribunale commerciale di Vara\u017edin Indirizzo della sede centrale e del [&hellip;]<\/p>\n","protected":false},"author":16,"featured_media":0,"parent":0,"menu_order":0,"comment_status":"closed","ping_status":"closed","template":"","meta":{"footnotes":""},"class_list":["post-13068","page","type-page","status-publish","hentry"],"yoast_head":"<!-- This site is optimized with the Yoast SEO plugin v27.2 - https:\/\/yoast.com\/product\/yoast-seo-wordpress\/ -->\n<title>informazioni generali - Hotel Turist Vara\u017edin<\/title>\n<meta name=\"robots\" content=\"index, follow, max-snippet:-1, max-image-preview:large, max-video-preview:-1\" \/>\n<link rel=\"canonical\" href=\"https:\/\/www.hotel-turist.hr\/it\/informazioni-generali\/\" \/>\n<meta property=\"og:locale\" content=\"it_IT\" \/>\n<meta property=\"og:type\" content=\"article\" \/>\n<meta property=\"og:title\" content=\"informazioni generali - Hotel Turist Vara\u017edin\" \/>\n<meta property=\"og:description\" content=\"[vc_row][vc_column][vc_column_text css_animation=&#8221;fadeInDown&#8221; css=&#8221;.vc_custom_1752560430742{padding-top: 35px !important;padding-bottom: 35px !important;}&#8221;] INFORMAZIONI SUL PUNTO VENDITA \u2013 HOTEL TURIST VARA\u017dDIN [\/vc_column_text][vc_column_text css=&#8221;.vc_custom_1752560391550{margin-top: 35px !important;}&#8221;] Nome completo dell&#8217;azienda: TURIST societ\u00e0 a responsabilit\u00e0 limitata per l&#8217;ospitalit\u00e0 e il commercio Numero di registrazione: 03672751 OIB (codice fiscale): 21819941955 Registrazione: Iscritto nel registro del tribunale commerciale di Vara\u017edin Indirizzo della sede centrale e del [&hellip;]\" \/>\n<meta property=\"og:url\" content=\"https:\/\/www.hotel-turist.hr\/it\/informazioni-generali\/\" \/>\n<meta property=\"og:site_name\" content=\"Hotel Turist Vara\u017edin\" \/>\n<meta property=\"article:modified_time\" content=\"2025-07-15T07:27:22+00:00\" \/>\n<meta property=\"og:image\" content=\"https:\/\/www.wspay.info\/payment-info\/wsPayWebSecureLogo-118x50-transparent.png\" \/>\n<meta name=\"twitter:card\" content=\"summary_large_image\" \/>\n<meta name=\"twitter:label1\" content=\"Tempo di lettura stimato\" \/>\n\t<meta name=\"twitter:data1\" content=\"5 minuti\" \/>\n<script type=\"application\/ld+json\" class=\"yoast-schema-graph\">{\"@context\":\"https:\/\/schema.org\",\"@graph\":[{\"@type\":\"WebPage\",\"@id\":\"https:\/\/www.hotel-turist.hr\/it\/informazioni-generali\/\",\"url\":\"https:\/\/www.hotel-turist.hr\/it\/informazioni-generali\/\",\"name\":\"informazioni generali - Hotel Turist Vara\u017edin\",\"isPartOf\":{\"@id\":\"https:\/\/www.hotel-turist.hr\/it\/#website\"},\"primaryImageOfPage\":{\"@id\":\"https:\/\/www.hotel-turist.hr\/it\/informazioni-generali\/#primaryimage\"},\"image\":{\"@id\":\"https:\/\/www.hotel-turist.hr\/it\/informazioni-generali\/#primaryimage\"},\"thumbnailUrl\":\"https:\/\/www.wspay.info\/payment-info\/wsPayWebSecureLogo-118x50-transparent.png\",\"datePublished\":\"2025-06-06T07:19:14+00:00\",\"dateModified\":\"2025-07-15T07:27:22+00:00\",\"breadcrumb\":{\"@id\":\"https:\/\/www.hotel-turist.hr\/it\/informazioni-generali\/#breadcrumb\"},\"inLanguage\":\"it-IT\",\"potentialAction\":[{\"@type\":\"ReadAction\",\"target\":[\"https:\/\/www.hotel-turist.hr\/it\/informazioni-generali\/\"]}]},{\"@type\":\"ImageObject\",\"inLanguage\":\"it-IT\",\"@id\":\"https:\/\/www.hotel-turist.hr\/it\/informazioni-generali\/#primaryimage\",\"url\":\"https:\/\/www.wspay.info\/payment-info\/wsPayWebSecureLogo-118x50-transparent.png\",\"contentUrl\":\"https:\/\/www.wspay.info\/payment-info\/wsPayWebSecureLogo-118x50-transparent.png\"},{\"@type\":\"BreadcrumbList\",\"@id\":\"https:\/\/www.hotel-turist.hr\/it\/informazioni-generali\/#breadcrumb\",\"itemListElement\":[{\"@type\":\"ListItem\",\"position\":1,\"name\":\"Po\u010detna stranica\",\"item\":\"https:\/\/www.hotel-turist.hr\/it\/\"},{\"@type\":\"ListItem\",\"position\":2,\"name\":\"informazioni generali\"}]},{\"@type\":\"WebSite\",\"@id\":\"https:\/\/www.hotel-turist.hr\/it\/#website\",\"url\":\"https:\/\/www.hotel-turist.hr\/it\/\",\"name\":\"Hotel Turist Vara\u017edin\",\"description\":\"\",\"potentialAction\":[{\"@type\":\"SearchAction\",\"target\":{\"@type\":\"EntryPoint\",\"urlTemplate\":\"https:\/\/www.hotel-turist.hr\/it\/?s={search_term_string}\"},\"query-input\":{\"@type\":\"PropertyValueSpecification\",\"valueRequired\":true,\"valueName\":\"search_term_string\"}}],\"inLanguage\":\"it-IT\"}]}<\/script>\n<!-- \/ Yoast SEO plugin. -->","yoast_head_json":{"title":"informazioni generali - Hotel Turist Vara\u017edin","robots":{"index":"index","follow":"follow","max-snippet":"max-snippet:-1","max-image-preview":"max-image-preview:large","max-video-preview":"max-video-preview:-1"},"canonical":"https:\/\/www.hotel-turist.hr\/it\/informazioni-generali\/","og_locale":"it_IT","og_type":"article","og_title":"informazioni generali - Hotel Turist Vara\u017edin","og_description":"[vc_row][vc_column][vc_column_text css_animation=&#8221;fadeInDown&#8221; css=&#8221;.vc_custom_1752560430742{padding-top: 35px !important;padding-bottom: 35px !important;}&#8221;] INFORMAZIONI SUL PUNTO VENDITA \u2013 HOTEL TURIST VARA\u017dDIN [\/vc_column_text][vc_column_text css=&#8221;.vc_custom_1752560391550{margin-top: 35px !important;}&#8221;] Nome completo dell&#8217;azienda: TURIST societ\u00e0 a responsabilit\u00e0 limitata per l&#8217;ospitalit\u00e0 e il commercio Numero di registrazione: 03672751 OIB (codice fiscale): 21819941955 Registrazione: Iscritto nel registro del tribunale commerciale di Vara\u017edin Indirizzo della sede centrale e del [&hellip;]","og_url":"https:\/\/www.hotel-turist.hr\/it\/informazioni-generali\/","og_site_name":"Hotel Turist Vara\u017edin","article_modified_time":"2025-07-15T07:27:22+00:00","og_image":[{"url":"https:\/\/www.wspay.info\/payment-info\/wsPayWebSecureLogo-118x50-transparent.png","type":"","width":"","height":""}],"twitter_card":"summary_large_image","twitter_misc":{"Tempo di lettura stimato":"5 minuti"},"schema":{"@context":"https:\/\/schema.org","@graph":[{"@type":"WebPage","@id":"https:\/\/www.hotel-turist.hr\/it\/informazioni-generali\/","url":"https:\/\/www.hotel-turist.hr\/it\/informazioni-generali\/","name":"informazioni generali - Hotel Turist Vara\u017edin","isPartOf":{"@id":"https:\/\/www.hotel-turist.hr\/it\/#website"},"primaryImageOfPage":{"@id":"https:\/\/www.hotel-turist.hr\/it\/informazioni-generali\/#primaryimage"},"image":{"@id":"https:\/\/www.hotel-turist.hr\/it\/informazioni-generali\/#primaryimage"},"thumbnailUrl":"https:\/\/www.wspay.info\/payment-info\/wsPayWebSecureLogo-118x50-transparent.png","datePublished":"2025-06-06T07:19:14+00:00","dateModified":"2025-07-15T07:27:22+00:00","breadcrumb":{"@id":"https:\/\/www.hotel-turist.hr\/it\/informazioni-generali\/#breadcrumb"},"inLanguage":"it-IT","potentialAction":[{"@type":"ReadAction","target":["https:\/\/www.hotel-turist.hr\/it\/informazioni-generali\/"]}]},{"@type":"ImageObject","inLanguage":"it-IT","@id":"https:\/\/www.hotel-turist.hr\/it\/informazioni-generali\/#primaryimage","url":"https:\/\/www.wspay.info\/payment-info\/wsPayWebSecureLogo-118x50-transparent.png","contentUrl":"https:\/\/www.wspay.info\/payment-info\/wsPayWebSecureLogo-118x50-transparent.png"},{"@type":"BreadcrumbList","@id":"https:\/\/www.hotel-turist.hr\/it\/informazioni-generali\/#breadcrumb","itemListElement":[{"@type":"ListItem","position":1,"name":"Po\u010detna stranica","item":"https:\/\/www.hotel-turist.hr\/it\/"},{"@type":"ListItem","position":2,"name":"informazioni generali"}]},{"@type":"WebSite","@id":"https:\/\/www.hotel-turist.hr\/it\/#website","url":"https:\/\/www.hotel-turist.hr\/it\/","name":"Hotel Turist Vara\u017edin","description":"","potentialAction":[{"@type":"SearchAction","target":{"@type":"EntryPoint","urlTemplate":"https:\/\/www.hotel-turist.hr\/it\/?s={search_term_string}"},"query-input":{"@type":"PropertyValueSpecification","valueRequired":true,"valueName":"search_term_string"}}],"inLanguage":"it-IT"}]}},"_links":{"self":[{"href":"https:\/\/www.hotel-turist.hr\/it\/wp-json\/wp\/v2\/pages\/13068","targetHints":{"allow":["GET"]}}],"collection":[{"href":"https:\/\/www.hotel-turist.hr\/it\/wp-json\/wp\/v2\/pages"}],"about":[{"href":"https:\/\/www.hotel-turist.hr\/it\/wp-json\/wp\/v2\/types\/page"}],"author":[{"embeddable":true,"href":"https:\/\/www.hotel-turist.hr\/it\/wp-json\/wp\/v2\/users\/16"}],"replies":[{"embeddable":true,"href":"https:\/\/www.hotel-turist.hr\/it\/wp-json\/wp\/v2\/comments?post=13068"}],"version-history":[{"count":15,"href":"https:\/\/www.hotel-turist.hr\/it\/wp-json\/wp\/v2\/pages\/13068\/revisions"}],"predecessor-version":[{"id":13218,"href":"https:\/\/www.hotel-turist.hr\/it\/wp-json\/wp\/v2\/pages\/13068\/revisions\/13218"}],"wp:attachment":[{"href":"https:\/\/www.hotel-turist.hr\/it\/wp-json\/wp\/v2\/media?parent=13068"}],"curies":[{"name":"wp","href":"https:\/\/api.w.org\/{rel}","templated":true}]}}