{"id":2667,"date":"2021-12-21T19:15:58","date_gmt":"2021-12-21T19:15:58","guid":{"rendered":"https:\/\/www.hotel-turist.hr\/congresso\/"},"modified":"2022-02-21T10:57:05","modified_gmt":"2022-02-21T10:57:05","slug":"congresso","status":"publish","type":"page","link":"https:\/\/www.hotel-turist.hr\/it\/congresso\/","title":{"rendered":"Eventi"},"content":{"rendered":"<div class=\"wpb-content-wrapper\"><p>[vc_row full_width=&#8221;stretch_row_content&#8221; equal_height=&#8221;yes&#8221; content_placement=&#8221;middle&#8221; css=&#8221;.vc_custom_1644859235101{background-color: #1c1c1c !important;}&#8221;][vc_column css_animation=&#8221;fadeInDown&#8221; width=&#8221;1\/2&#8243; css=&#8221;.vc_custom_1644857838268{padding-top: 0px !important;padding-right: 0px !important;padding-bottom: 0px !important;padding-left: 0px !important;}&#8221;][vc_single_image image=&#8221;1611&#8243; img_size=&#8221;full&#8221; alignment=&#8221;center&#8221;][\/vc_column][vc_column css_animation=&#8221;fadeInUp&#8221; width=&#8221;1\/2&#8243; css=&#8221;.vc_custom_1644857856757{padding-top: 50px !important;padding-right: 50px !important;padding-bottom: 50px !important;padding-left: 50px !important;}&#8221;] <h1 style=\"color:#ffffff;padding:px;text-align:;font-size:45px;line-height:45px;letter-spacing: px;font-weight:normal\" class=\"   nd_options_first_font \">Matrimoni<\/h1> <div style=\"background-color:;height: 40px\" class=\"nicdark_section  \"><\/div>[vc_column_text]Per il giorno pi\u00f9 importante della tua vita siamo sicuri di avere il posto e il servizio perfetti. Nel pieno centro di Vara\u017edin, con uno stile minimalista contemporaneo, cibo di alta qualit\u00e0 e camere modernamente attrezzate e una suite per gli sposi novelli, se scegli il nostro servizio, assicurati che solo il meglio ti aspetti. Il servizio completo e la cura dei dettagli sono garanzia di soddisfazione per ogni giovane coppia. Il nostro team di professionisti per l&#8217;organizzazione di matrimoni \u00e8 al tuo servizio per aiutarti nella scelta di un fotografo professionista, servizi di accompagnamento, addobbi e fiori, realizzazione menu, biglietti da visita, illuminazione speciale. Mettiti nelle nostre mani e, invece di preoccuparti, goditi la sensazione che offre il giorno del matrimonio e crea con noi ricordi indimenticabili.[\/vc_column_text][\/vc_column][\/vc_row][vc_row full_width=&#8221;stretch_row_content&#8221; equal_height=&#8221;yes&#8221; content_placement=&#8221;middle&#8221; css=&#8221;.vc_custom_1644859247130{margin-top: -35px !important;background-color: #1c1c1c !important;}&#8221;][vc_column css_animation=&#8221;fadeInUp&#8221; width=&#8221;1\/2&#8243; css=&#8221;.vc_custom_1644858827193{padding-top: 50px !important;padding-right: 50px !important;padding-bottom: 50px !important;padding-left: 50px !important;}&#8221;][vc_column_text]L&#8217;Aria Hall vanta una posizione perfetta nell&#8217;hotel, da un lato \u00e8 inondata di luce naturale che arriva attraverso le alte finestre. \u00c8 ideale per feste sontuose fino a 250 ospiti. Con un po&#8217; di raffinatezza, il nostro team di esperti pu\u00f2 trasformare questo spazio polivalente per eventi in una lussuosa sala per matrimoni.[\/vc_column_text]<div style=\"background-color:;height: 15px\" class=\"nicdark_section  \"><\/div>\n\t\n\t<a style=\"border: 2px solid #bc9a3b;border-radius:px;letter-spacing:2px;line-height:11px;font-size:11px;background-color:;padding:15px 35px;margin:;color:#bc9a3b\" rel=\"\" href=\"https:\/\/www.hotel-turist.hr\/wp-content\/uploads\/2021\/12\/Hotel-Turist_broc\u0327ura01.pdf\" class=\"nicdark_display_inline_block nd_options_float_left nd_options_font_weight_bold nd_options_second_font  \">BROCHURE DI MATRIMONIO<\/a>\n\t\n[\/vc_column][vc_column css_animation=&#8221;fadeInDown&#8221; width=&#8221;1\/2&#8243; css=&#8221;.vc_custom_1644857821316{padding-top: 0px !important;padding-right: 0px !important;padding-bottom: 0px !important;padding-left: 0px !important;}&#8221;][vc_single_image image=&#8221;1613&#8243; img_size=&#8221;full&#8221; alignment=&#8221;center&#8221;][\/vc_column][\/vc_row][vc_row full_width=&#8221;stretch_row_content&#8221; equal_height=&#8221;yes&#8221; content_placement=&#8221;middle&#8221; css=&#8221;.vc_custom_1645388982897{margin-top: -35px !important;background-color: #1c1c1c !important;}&#8221;][vc_column css_animation=&#8221;fadeInDown&#8221; width=&#8221;1\/2&#8243; css=&#8221;.vc_custom_1644857838268{padding-top: 0px !important;padding-right: 0px !important;padding-bottom: 0px !important;padding-left: 0px !important;}&#8221;][vc_single_image image=&#8221;3506&#8243; img_size=&#8221;full&#8221; alignment=&#8221;center&#8221;][\/vc_column][vc_column css_animation=&#8221;fadeInUp&#8221; width=&#8221;1\/2&#8243; css=&#8221;.vc_custom_1644857856757{padding-top: 50px !important;padding-right: 50px !important;padding-bottom: 50px !important;padding-left: 50px !important;}&#8221;] <h1 style=\"color:#ffffff;padding:px;text-align:;font-size:45px;line-height:45px;letter-spacing: px;font-weight:normal\" class=\"   nd_options_first_font \">Congressi ed eventi aziendali<\/h1> <div style=\"background-color:;height: 40px\" class=\"nicdark_section  \"><\/div>[vc_column_text]<\/p>\n<p class=\"p1\">L&#8217;Hotel Turist \u00e8 conosciuto come il centro congressi della Croazia continentale, che negli ultimi dieci anni ha ospitato e organizzato numerosi seminari, congressi, raduni e raduni di varie aziende nazionali ed estere, e ha soddisfatto e soddisfatto le aspettative dei suoi clienti. Per lo svolgimento di seminari, conferenze, presentazioni, riunioni di lavoro e congressi, sono disponibili due sale separate che possono formare uno spazio comune, con una capienza fino a 250 persone. Dal momento che sono separati da una parete divisoria mobile, in un batter d&#8217;occhio, secondo i vostri desideri, lo spazio \u00e8 suddiviso in due salette pi\u00f9 piccole e intime, una con una capienza per gli ospiti e l&#8217;altra per gli ospiti.<\/p>\n<p>&nbsp;<\/p>\n<p class=\"p1\">[\/vc_column_text]<div style=\"background-color:;height: 15px\" class=\"nicdark_section  \"><\/div>\n\t\n\t<a style=\"border: 2px solid #bc9a3b;border-radius:px;letter-spacing:2px;line-height:11px;font-size:11px;background-color:;padding:15px 35px;margin:;color:#bc9a3b\" rel=\"\" href=\"https:\/\/www.hotel-turist.hr\/wp-content\/uploads\/2021\/12\/kongres2018_5a74335f359fb.pdf\" class=\"nicdark_display_inline_block nd_options_float_left nd_options_font_weight_bold nd_options_second_font  \">BROCHURE DEL CONGRESSO<\/a>\n\t\n[\/vc_column][\/vc_row][vc_row full_width=&#8221;stretch_row_content&#8221; equal_height=&#8221;yes&#8221; content_placement=&#8221;middle&#8221; css=&#8221;.vc_custom_1644859247130{margin-top: -35px !important;background-color: #1c1c1c !important;}&#8221;][vc_column css_animation=&#8221;fadeInUp&#8221; width=&#8221;1\/2&#8243; css=&#8221;.vc_custom_1644858827193{padding-top: 50px !important;padding-right: 50px !important;padding-bottom: 50px !important;padding-left: 50px !important;}&#8221;][vc_column_text]<\/p>\n<p class=\"p1\">Aria Hall vanta una posizione perfetta, da un lato \u00e8 immersa nella luce naturale che arriva attraverso alte finestre, e dall&#8217;altro fornisce tutta l&#8217;intimit\u00e0 necessaria. \u00c8 l&#8217;ideale per riunioni pi\u00f9 grandi e pu\u00f2 ospitare fino a 250 persone. Con un po&#8217; di raffinatezza, il nostro team di esperti pu\u00f2 trasformare questo spazio polivalente per eventi in un luogo ideale per un incontro di lavoro o un ricevimento di lavoro. Il prezzo dell&#8217;affitto dello spazio comprende le pi\u00f9 moderne attrezzature tecniche (proiettore, schermo, microfoni, impianto audio, illuminazione) e fotocopie, servizi fax e Wifi illimitato.<\/p>\n<p>[\/vc_column_text][\/vc_column][vc_column css_animation=&#8221;fadeInDown&#8221; width=&#8221;1\/2&#8243; css=&#8221;.vc_custom_1644857821316{padding-top: 0px !important;padding-right: 0px !important;padding-bottom: 0px !important;padding-left: 0px !important;}&#8221;][vc_single_image image=&#8221;3506&#8243; img_size=&#8221;full&#8221; alignment=&#8221;center&#8221;][\/vc_column][\/vc_row][vc_row full_width=&#8221;stretch_row_content&#8221; equal_height=&#8221;yes&#8221; content_placement=&#8221;middle&#8221; css=&#8221;.vc_custom_1644859262437{margin-top: -35px !important;background-color: #1c1c1c !important;}&#8221;][vc_column css_animation=&#8221;fadeInDown&#8221; width=&#8221;1\/2&#8243; css=&#8221;.vc_custom_1644857838268{padding-top: 0px !important;padding-right: 0px !important;padding-bottom: 0px !important;padding-left: 0px !important;}&#8221;][vc_single_image image=&#8221;3506&#8243; img_size=&#8221;full&#8221; alignment=&#8221;center&#8221;][\/vc_column][vc_column css_animation=&#8221;fadeInUp&#8221; width=&#8221;1\/2&#8243; css=&#8221;.vc_custom_1644857856757{padding-top: 50px !important;padding-right: 50px !important;padding-bottom: 50px !important;padding-left: 50px !important;}&#8221;][vc_column_text]<\/p>\n<p class=\"p1\">Oltre a queste due sale, c&#8217;\u00e8 anche un <b>Business Club<\/b> per piccole riunioni di lavoro. Per i nostri partner commerciali con i quali vuoi parlare con la massima privacy, ti offriamo un servizio completo della pi\u00f9 ampia selezione di bevande e un&#8217;offerta speciale: una selezione di sigari di altissima qualit\u00e0, per un completo relax.<\/p>\n<p class=\"p1\">Durante il tuo seminario o incontro di lavoro, siamo a tua disposizione per una pausa caff\u00e8 e pranzi di lavoro a prezzi speciali.<\/p>\n<p class=\"p1\">Concludi con esito positivo i tuoi colloqui di lavoro per te e per i tuoi partner d&#8217;affari nella splendida cornice del bar per aperitivi dell&#8217;Hotel Turist con caff\u00e8, cocktail e vini pregiati!<\/p>\n<p>[\/vc_column_text]<div style=\"background-color:;height: 15px\" class=\"nicdark_section  \"><\/div>[\/vc_column][\/vc_row][vc_row full_width=&#8221;stretch_row_content&#8221; equal_height=&#8221;yes&#8221; content_placement=&#8221;middle&#8221; css=&#8221;.vc_custom_1644859247130{margin-top: -35px !important;background-color: #1c1c1c !important;}&#8221;][vc_column css_animation=&#8221;fadeInUp&#8221; width=&#8221;1\/2&#8243; css=&#8221;.vc_custom_1644858827193{padding-top: 50px !important;padding-right: 50px !important;padding-bottom: 50px !important;padding-left: 50px !important;}&#8221;] <h1 style=\"color:#ffffff;padding:px;text-align:;font-size:45px;line-height:45px;letter-spacing: px;font-weight:normal\" class=\"   nd_options_first_font \">Celebrazioni<\/h1> <div style=\"background-color:;height: 40px\" class=\"nicdark_section  \"><\/div>[vc_column_text]<\/p>\n<p class=\"p1\">La tradizione di celebrare feste familiari, compleanni, religiose e di altro tipo sono occasioni in cui possiamo confermare ancora una volta la nostra qualit\u00e0 e innovazione e soddisfare tutte le vostre esigenze individuali.<\/p>\n<p>[\/vc_column_text][\/vc_column][vc_column css_animation=&#8221;fadeInDown&#8221; width=&#8221;1\/2&#8243; css=&#8221;.vc_custom_1644857821316{padding-top: 0px !important;padding-right: 0px !important;padding-bottom: 0px !important;padding-left: 0px !important;}&#8221;][vc_single_image image=&#8221;3506&#8243; img_size=&#8221;full&#8221; alignment=&#8221;center&#8221;][\/vc_column][\/vc_row][vc_row full_width=&#8221;stretch_row_content&#8221; equal_height=&#8221;yes&#8221; content_placement=&#8221;middle&#8221; css=&#8221;.vc_custom_1644859262437{margin-top: -35px !important;background-color: #1c1c1c !important;}&#8221;][vc_column css_animation=&#8221;fadeInDown&#8221; width=&#8221;1\/2&#8243; css=&#8221;.vc_custom_1644857838268{padding-top: 0px !important;padding-right: 0px !important;padding-bottom: 0px !important;padding-left: 0px !important;}&#8221;][vc_single_image image=&#8221;3506&#8243; img_size=&#8221;full&#8221; alignment=&#8221;center&#8221;][\/vc_column][vc_column css_animation=&#8221;fadeInUp&#8221; width=&#8221;1\/2&#8243; css=&#8221;.vc_custom_1644857856757{padding-top: 50px !important;padding-right: 50px !important;padding-bottom: 50px !important;padding-left: 50px !important;}&#8221;][vc_column_text]<\/p>\n<p class=\"p1\">Organizziamo per voi indimenticabili compleanni, celebrazioni di riti battesimali, comunioni, cresime, fidanzamenti, promozione diplomi, anniversari di matrimonio, feste d&#8217;argento o d&#8217;oro. Concediti il nostro team esperto di persone che, in collaborazione con i nostri chef, soddisfer\u00e0 ogni tuo desiderio e creer\u00e0 di nuovo ricordi indimenticabili.<\/p>\n<p>&nbsp;<\/p>\n<p class=\"p1\">Per un tipo leggermente diverso di compleanni e feste, c&#8217;\u00e8 anche un <b>Club completamente rinnovato,<\/b> un luogo dove puoi celebrare pazzamente i tuoi momenti pi\u00f9 felici della vita e divertirti con la tua compagnia prescelta nelle ore tarde della notte. Contattaci per i dettagli sulla disponibilit\u00e0 e l&#8217;organizzazione della tua festa.<\/p>\n<p>[\/vc_column_text]<div style=\"background-color:;height: 15px\" class=\"nicdark_section  \"><\/div>\n\t\n\t<a style=\"border: 2px solid #bc9a3b;border-radius:2px;letter-spacing:2px;line-height:11px;font-size:11px;background-color:;padding:15px 35px;margin:;color:#bc9a3b\" rel=\"\" href=\"https:\/\/www.hotel-turist.hr\/it\/contatto\/\" class=\"nicdark_display_inline_block nd_options_float_left nd_options_font_weight_bold nd_options_second_font  \">RICHIEDI UN'OFFERTA<\/a>\n\t\n[\/vc_column][\/vc_row]<\/p>\n<\/div>","protected":false},"excerpt":{"rendered":"<p>[vc_row full_width=&#8221;stretch_row_content&#8221; equal_height=&#8221;yes&#8221; content_placement=&#8221;middle&#8221; css=&#8221;.vc_custom_1644859235101{background-color: #1c1c1c !important;}&#8221;][vc_column css_animation=&#8221;fadeInDown&#8221; width=&#8221;1\/2&#8243; css=&#8221;.vc_custom_1644857838268{padding-top: 0px !important;padding-right: 0px !important;padding-bottom: 0px !important;padding-left: 0px !important;}&#8221;][vc_single_image image=&#8221;1611&#8243; img_size=&#8221;full&#8221; alignment=&#8221;center&#8221;][\/vc_column][vc_column css_animation=&#8221;fadeInUp&#8221; width=&#8221;1\/2&#8243; css=&#8221;.vc_custom_1644857856757{padding-top: 50px !important;padding-right: 50px !important;padding-bottom: 50px !important;padding-left: 50px !important;}&#8221;][vc_column_text]Per il giorno pi\u00f9 importante della tua vita siamo sicuri di avere il posto e il servizio perfetti. Nel pieno centro di Vara\u017edin, con [&hellip;]<\/p>\n","protected":false},"author":1,"featured_media":0,"parent":0,"menu_order":0,"comment_status":"closed","ping_status":"closed","template":"","meta":{"footnotes":""},"class_list":["post-2667","page","type-page","status-publish","hentry"],"yoast_head":"<!-- This site is optimized with the Yoast SEO plugin v27.2 - https:\/\/yoast.com\/product\/yoast-seo-wordpress\/ -->\n<title>Eventi - Hotel Turist Vara\u017edin<\/title>\n<meta name=\"robots\" content=\"index, follow, max-snippet:-1, max-image-preview:large, max-video-preview:-1\" \/>\n<link rel=\"canonical\" href=\"https:\/\/www.hotel-turist.hr\/dogadanja\/\" \/>\n<meta property=\"og:locale\" content=\"it_IT\" \/>\n<meta property=\"og:type\" content=\"article\" \/>\n<meta property=\"og:title\" content=\"Eventi - Hotel Turist Vara\u017edin\" \/>\n<meta property=\"og:description\" content=\"[vc_row full_width=&#8221;stretch_row_content&#8221; equal_height=&#8221;yes&#8221; content_placement=&#8221;middle&#8221; css=&#8221;.vc_custom_1644859235101{background-color: #1c1c1c !important;}&#8221;][vc_column css_animation=&#8221;fadeInDown&#8221; width=&#8221;1\/2&#8243; css=&#8221;.vc_custom_1644857838268{padding-top: 0px !important;padding-right: 0px !important;padding-bottom: 0px !important;padding-left: 0px !important;}&#8221;][vc_single_image image=&#8221;1611&#8243; img_size=&#8221;full&#8221; alignment=&#8221;center&#8221;][\/vc_column][vc_column css_animation=&#8221;fadeInUp&#8221; width=&#8221;1\/2&#8243; css=&#8221;.vc_custom_1644857856757{padding-top: 50px !important;padding-right: 50px !important;padding-bottom: 50px !important;padding-left: 50px !important;}&#8221;][vc_column_text]Per il giorno pi\u00f9 importante della tua vita siamo sicuri di avere il posto e il servizio perfetti. Nel pieno centro di Vara\u017edin, con [&hellip;]\" \/>\n<meta property=\"og:url\" content=\"https:\/\/www.hotel-turist.hr\/dogadanja\/\" \/>\n<meta property=\"og:site_name\" content=\"Hotel Turist Vara\u017edin\" \/>\n<meta property=\"article:modified_time\" content=\"2022-02-21T10:57:05+00:00\" \/>\n<meta name=\"twitter:card\" content=\"summary_large_image\" \/>\n<meta name=\"twitter:label1\" content=\"Tempo di lettura stimato\" \/>\n\t<meta name=\"twitter:data1\" content=\"8 minuti\" \/>\n<script type=\"application\/ld+json\" class=\"yoast-schema-graph\">{\"@context\":\"https:\/\/schema.org\",\"@graph\":[{\"@type\":\"WebPage\",\"@id\":\"https:\/\/www.hotel-turist.hr\/dogadanja\/\",\"url\":\"https:\/\/www.hotel-turist.hr\/dogadanja\/\",\"name\":\"Eventi - Hotel Turist Vara\u017edin\",\"isPartOf\":{\"@id\":\"https:\/\/www.hotel-turist.hr\/it\/#website\"},\"datePublished\":\"2021-12-21T19:15:58+00:00\",\"dateModified\":\"2022-02-21T10:57:05+00:00\",\"breadcrumb\":{\"@id\":\"https:\/\/www.hotel-turist.hr\/dogadanja\/#breadcrumb\"},\"inLanguage\":\"it-IT\",\"potentialAction\":[{\"@type\":\"ReadAction\",\"target\":[\"https:\/\/www.hotel-turist.hr\/dogadanja\/\"]}]},{\"@type\":\"BreadcrumbList\",\"@id\":\"https:\/\/www.hotel-turist.hr\/dogadanja\/#breadcrumb\",\"itemListElement\":[{\"@type\":\"ListItem\",\"position\":1,\"name\":\"Po\u010detna stranica\",\"item\":\"https:\/\/www.hotel-turist.hr\/it\/\"},{\"@type\":\"ListItem\",\"position\":2,\"name\":\"Eventi\"}]},{\"@type\":\"WebSite\",\"@id\":\"https:\/\/www.hotel-turist.hr\/it\/#website\",\"url\":\"https:\/\/www.hotel-turist.hr\/it\/\",\"name\":\"Hotel Turist Vara\u017edin\",\"description\":\"\",\"potentialAction\":[{\"@type\":\"SearchAction\",\"target\":{\"@type\":\"EntryPoint\",\"urlTemplate\":\"https:\/\/www.hotel-turist.hr\/it\/?s={search_term_string}\"},\"query-input\":{\"@type\":\"PropertyValueSpecification\",\"valueRequired\":true,\"valueName\":\"search_term_string\"}}],\"inLanguage\":\"it-IT\"}]}<\/script>\n<!-- \/ Yoast SEO plugin. -->","yoast_head_json":{"title":"Eventi - Hotel Turist Vara\u017edin","robots":{"index":"index","follow":"follow","max-snippet":"max-snippet:-1","max-image-preview":"max-image-preview:large","max-video-preview":"max-video-preview:-1"},"canonical":"https:\/\/www.hotel-turist.hr\/dogadanja\/","og_locale":"it_IT","og_type":"article","og_title":"Eventi - Hotel Turist Vara\u017edin","og_description":"[vc_row full_width=&#8221;stretch_row_content&#8221; equal_height=&#8221;yes&#8221; content_placement=&#8221;middle&#8221; css=&#8221;.vc_custom_1644859235101{background-color: #1c1c1c !important;}&#8221;][vc_column css_animation=&#8221;fadeInDown&#8221; width=&#8221;1\/2&#8243; css=&#8221;.vc_custom_1644857838268{padding-top: 0px !important;padding-right: 0px !important;padding-bottom: 0px !important;padding-left: 0px !important;}&#8221;][vc_single_image image=&#8221;1611&#8243; img_size=&#8221;full&#8221; alignment=&#8221;center&#8221;][\/vc_column][vc_column css_animation=&#8221;fadeInUp&#8221; width=&#8221;1\/2&#8243; css=&#8221;.vc_custom_1644857856757{padding-top: 50px !important;padding-right: 50px !important;padding-bottom: 50px !important;padding-left: 50px !important;}&#8221;][vc_column_text]Per il giorno pi\u00f9 importante della tua vita siamo sicuri di avere il posto e il servizio perfetti. Nel pieno centro di Vara\u017edin, con [&hellip;]","og_url":"https:\/\/www.hotel-turist.hr\/dogadanja\/","og_site_name":"Hotel Turist Vara\u017edin","article_modified_time":"2022-02-21T10:57:05+00:00","twitter_card":"summary_large_image","twitter_misc":{"Tempo di lettura stimato":"8 minuti"},"schema":{"@context":"https:\/\/schema.org","@graph":[{"@type":"WebPage","@id":"https:\/\/www.hotel-turist.hr\/dogadanja\/","url":"https:\/\/www.hotel-turist.hr\/dogadanja\/","name":"Eventi - Hotel Turist Vara\u017edin","isPartOf":{"@id":"https:\/\/www.hotel-turist.hr\/it\/#website"},"datePublished":"2021-12-21T19:15:58+00:00","dateModified":"2022-02-21T10:57:05+00:00","breadcrumb":{"@id":"https:\/\/www.hotel-turist.hr\/dogadanja\/#breadcrumb"},"inLanguage":"it-IT","potentialAction":[{"@type":"ReadAction","target":["https:\/\/www.hotel-turist.hr\/dogadanja\/"]}]},{"@type":"BreadcrumbList","@id":"https:\/\/www.hotel-turist.hr\/dogadanja\/#breadcrumb","itemListElement":[{"@type":"ListItem","position":1,"name":"Po\u010detna stranica","item":"https:\/\/www.hotel-turist.hr\/it\/"},{"@type":"ListItem","position":2,"name":"Eventi"}]},{"@type":"WebSite","@id":"https:\/\/www.hotel-turist.hr\/it\/#website","url":"https:\/\/www.hotel-turist.hr\/it\/","name":"Hotel Turist Vara\u017edin","description":"","potentialAction":[{"@type":"SearchAction","target":{"@type":"EntryPoint","urlTemplate":"https:\/\/www.hotel-turist.hr\/it\/?s={search_term_string}"},"query-input":{"@type":"PropertyValueSpecification","valueRequired":true,"valueName":"search_term_string"}}],"inLanguage":"it-IT"}]}},"_links":{"self":[{"href":"https:\/\/www.hotel-turist.hr\/it\/wp-json\/wp\/v2\/pages\/2667","targetHints":{"allow":["GET"]}}],"collection":[{"href":"https:\/\/www.hotel-turist.hr\/it\/wp-json\/wp\/v2\/pages"}],"about":[{"href":"https:\/\/www.hotel-turist.hr\/it\/wp-json\/wp\/v2\/types\/page"}],"author":[{"embeddable":true,"href":"https:\/\/www.hotel-turist.hr\/it\/wp-json\/wp\/v2\/users\/1"}],"replies":[{"embeddable":true,"href":"https:\/\/www.hotel-turist.hr\/it\/wp-json\/wp\/v2\/comments?post=2667"}],"version-history":[{"count":7,"href":"https:\/\/www.hotel-turist.hr\/it\/wp-json\/wp\/v2\/pages\/2667\/revisions"}],"predecessor-version":[{"id":4060,"href":"https:\/\/www.hotel-turist.hr\/it\/wp-json\/wp\/v2\/pages\/2667\/revisions\/4060"}],"wp:attachment":[{"href":"https:\/\/www.hotel-turist.hr\/it\/wp-json\/wp\/v2\/media?parent=2667"}],"curies":[{"name":"wp","href":"https:\/\/api.w.org\/{rel}","templated":true}]}}