{"id":2769,"date":"2021-12-23T15:06:53","date_gmt":"2021-12-23T15:06:53","guid":{"rendered":"https:\/\/www.hotel-turist.hr\/informazioni-sullhotel\/"},"modified":"2026-04-15T10:43:24","modified_gmt":"2026-04-15T09:43:24","slug":"circa-lhotel","status":"publish","type":"page","link":"https:\/\/www.hotel-turist.hr\/it\/circa-lhotel\/","title":{"rendered":"Informazioni"},"content":{"rendered":"<div class=\"wpb-content-wrapper\"><p>[vc_row full_width=&#8221;stretch_row_content&#8221; content_placement=&#8221;middle&#8221; css=&#8221;.vc_custom_1741264304228{background-color: #1c1c1c !important;}&#8221;][vc_column css_animation=&#8221;fadeInUp&#8221; css=&#8221;.vc_custom_1643214168739{margin-top: 0px !important;margin-bottom: 0px !important;padding-top: 0px !important;padding-right: 40px !important;padding-bottom: 0px !important;padding-left: 40px !important;background-position: center !important;background-repeat: no-repeat !important;background-size: cover !important;}&#8221;]\n\t\t\t<!-- START Lobby slider 2025 REVOLUTION SLIDER 6.5.7 --><p class=\"rs-p-wp-fix\"><\/p>\n\t\t\t<rs-module-wrap id=\"rev_slider_22_1_wrapper\" data-source=\"gallery\" style=\"visibility:hidden;background:#1c1c1c;padding:0;margin:0px auto;margin-top:0;margin-bottom:0;\">\n\t\t\t\t<rs-module id=\"rev_slider_22_1\" style=\"\" data-version=\"6.5.7\">\n\t\t\t\t\t<rs-slides>\n\t\t\t\t\t\t<rs-slide style=\"position: absolute;\" data-key=\"rs-71\" data-title=\"slide\" data-anim=\"ms:2300;p:dark;\" data-in=\"o:0;\" data-out=\"o:0;\" data-p1=\"01\">\n\t\t\t\t\t\t\t<img fetchpriority=\"high\" decoding=\"async\" src=\"\/\/www.hotel-turist.hr\/wp-content\/plugins\/revslider\/public\/assets\/assets\/dummy.png\" title=\"lobby\" width=\"1920\" height=\"1073\" class=\"rev-slidebg tp-rs-img rs-lazyload\" data-lazyload=\"\/\/www.hotel-turist.hr\/wp-content\/uploads\/2025\/03\/lobby.jpg\" data-no-retina>\n<!--\n\t\t\t\t\t\t\t--><rs-layer\n\t\t\t\t\t\t\t\tid=\"slider-22-slide-71-layer-1\" \n\t\t\t\t\t\t\t\tclass=\"tp-shape tp-shapewrapper\"\n\t\t\t\t\t\t\t\tdata-type=\"shape\"\n\t\t\t\t\t\t\t\tdata-xy=\"x:c;y:m;\"\n\t\t\t\t\t\t\t\tdata-dim=\"w:100%;h:100%;\"\n\t\t\t\t\t\t\t\tdata-basealign=\"slide\"\n\t\t\t\t\t\t\t\tdata-rsp_o=\"off\"\n\t\t\t\t\t\t\t\tdata-rsp_bd=\"off\"\n\t\t\t\t\t\t\t\tdata-frame_1=\"e:power2.inOut;st:150;sp:1500;sR:150;\"\n\t\t\t\t\t\t\t\tdata-frame_999=\"o:0;e:power2.inOut;st:w;sp:1500;sR:7350;\"\n\t\t\t\t\t\t\t\tstyle=\"z-index:5;background-color:rgba(18,12,20,0.75);background:linear-gradient(to bottom, rgba(28,28,28,0.2) 0%,rgba(28,28,28,0.7) 100%);\"\n\t\t\t\t\t\t\t> \n\t\t\t\t\t\t\t<\/rs-layer><!--\n\n\t\t\t\t\t\t\t--><h1\n\t\t\t\t\t\t\t\tid=\"slider-22-slide-71-layer-2\" \n\t\t\t\t\t\t\t\tclass=\"rs-layer\"\n\t\t\t\t\t\t\t\tdata-type=\"text\"\n\t\t\t\t\t\t\t\tdata-color=\"rgba(255, 255, 255, 1)\"\n\t\t\t\t\t\t\t\tdata-rsp_ch=\"on\"\n\t\t\t\t\t\t\t\tdata-xy=\"x:c;y:m;yo:0,-10px,-10px,-10px;\"\n\t\t\t\t\t\t\t\tdata-text=\"w:normal,nowrap,nowrap,normal;s:70,70,50,40;l:90,70,55,45;a:center;\"\n\t\t\t\t\t\t\t\tdata-dim=\"w:auto,auto,auto,320px;h:auto,auto,auto,85px;\"\n\t\t\t\t\t\t\t\tdata-frame_0=\"y:50px;\"\n\t\t\t\t\t\t\t\tdata-frame_1=\"e:power3.out;st:2550;sp:1500;sR:2550;\"\n\t\t\t\t\t\t\t\tdata-frame_999=\"x:0;y:0;z:0;sX:0.9;sY:0.9;o:0;rX:0;rY:0;rZ:0;skX:0;skY:0;st:w;sp:1000;sR:4950;\"\n\t\t\t\t\t\t\t\tstyle=\"z-index:7;font-family:'Playfair Display';\"\n\t\t\t\t\t\t\t>Una prima <\/br>impressione che dura \n\t\t\t\t\t\t\t<\/h1><!--\n\n\t\t\t\t\t\t\t--><p\n\t\t\t\t\t\t\t\tid=\"slider-22-slide-71-layer-3\" \n\t\t\t\t\t\t\t\tclass=\"rs-layer\"\n\t\t\t\t\t\t\t\tdata-type=\"text\"\n\t\t\t\t\t\t\t\tdata-rsp_ch=\"on\"\n\t\t\t\t\t\t\t\tdata-xy=\"x:c;y:t,m,m,m;yo:120px,-150px,-100px,-100px;\"\n\t\t\t\t\t\t\t\tdata-text=\"s:12,12,14,12;l:12,12,14,12;ls:2px;a:center;\"\n\t\t\t\t\t\t\t\tdata-frame_0=\"y:50px;\"\n\t\t\t\t\t\t\t\tdata-frame_1=\"e:power3.out;st:2350;sp:1500;sR:2350;\"\n\t\t\t\t\t\t\t\tdata-frame_999=\"x:0;y:0;z:0;sX:0.9;sY:0.9;o:0;rX:0;rY:0;rZ:0;skX:0;skY:0;st:w;sp:1000;sR:5150;\"\n\t\t\t\t\t\t\t\tstyle=\"z-index:6;font-family:'Montserrat';\"\n\t\t\t\t\t\t\t>HOTEL TURIST _ VARA\u017dDIN \n\t\t\t\t\t\t\t<\/p><!--\n\n\t\t\t\t\t\t\t--><rs-layer\n\t\t\t\t\t\t\t\tid=\"slider-22-slide-71-layer-8\" \n\t\t\t\t\t\t\t\tclass=\"tp-shape tp-shapewrapper\"\n\t\t\t\t\t\t\t\tdata-type=\"shape\"\n\t\t\t\t\t\t\t\tdata-rsp_ch=\"on\"\n\t\t\t\t\t\t\t\tdata-xy=\"x:c;y:t,m,m,m;yo:160px,-130px,-80px,-80px;\"\n\t\t\t\t\t\t\t\tdata-text=\"a:inherit;\"\n\t\t\t\t\t\t\t\tdata-dim=\"w:30px;h:1px;\"\n\t\t\t\t\t\t\t\tdata-frame_0=\"y:50px;\"\n\t\t\t\t\t\t\t\tdata-frame_1=\"st:2350;sp:1500;sR:2350;\"\n\t\t\t\t\t\t\t\tdata-frame_999=\"x:0;y:0;z:0;sX:0.9;sY:0.9;o:0;rX:0;rY:0;rZ:0;skX:0;skY:0;st:w;sp:1000;sR:5150;\"\n\t\t\t\t\t\t\t\tstyle=\"z-index:9;background-color:#ffffff;\"\n\t\t\t\t\t\t\t> \n\t\t\t\t\t\t\t<\/rs-layer><!--\n-->\t\t\t\t\t\t<\/rs-slide>\n\t\t\t\t\t<\/rs-slides>\n\t\t\t\t<\/rs-module>\n\t\t\t\t<script type=\"text\/javascript\">\n\t\t\t\t\tsetREVStartSize({c: 'rev_slider_22_1',rl:[1240,1024,778,480],el:[768,768,960,720],gw:[1240,1024,778,480],gh:[768,768,960,720],type:'standard',justify:'',layout:'fullwidth',mh:\"0\"});if (window.RS_MODULES!==undefined && window.RS_MODULES.modules!==undefined && window.RS_MODULES.modules[\"revslider221\"]!==undefined) {window.RS_MODULES.modules[\"revslider221\"].once = false;window.revapi22 = undefined;if (window.RS_MODULES.checkMinimal!==undefined) window.RS_MODULES.checkMinimal()}\n\t\t\t\t<\/script>\n\t\t\t<\/rs-module-wrap>\n\t\t\t<!-- END REVOLUTION SLIDER -->\n[\/vc_column][\/vc_row][vc_row full_width=&#8221;stretch_row_content&#8221; full_height=&#8221;yes&#8221; equal_height=&#8221;yes&#8221; content_placement=&#8221;middle&#8221; css=&#8221;.vc_custom_1643214041166{background-color: #1c1c1c !important;}&#8221;][vc_column css_animation=&#8221;fadeInUp&#8221; width=&#8221;1\/2&#8243; css=&#8221;.vc_custom_1643214168739{margin-top: 0px !important;margin-bottom: 0px !important;padding-top: 0px !important;padding-right: 40px !important;padding-bottom: 0px !important;padding-left: 40px !important;background-position: center !important;background-repeat: no-repeat !important;background-size: cover !important;}&#8221;]\n    <div style=\"text-align:center\" class=\"nd_options_section\">\n      <img decoding=\"async\" alt=\"\" style=\"width:100%\" class=\" nd_options_margin_0 nd_options_padding_0 \" src=\"https:\/\/www.hotel-turist.hr\/wp-content\/uploads\/2022\/01\/Lobby-1024x819.jpg\">\n    <\/div>\n   [\/vc_column][vc_column css_animation=&#8221;fadeInDown&#8221; width=&#8221;1\/2&#8243; css=&#8221;.vc_custom_1640271954381{margin-top: 0px !important;padding-top: 50px !important;padding-right: 40px !important;padding-bottom: 10px !important;padding-left: 40px !important;}&#8221;] <h1 style=\"color:#ffffff;padding:px;text-align:;font-size:40px;line-height:50px;letter-spacing: px;font-weight:normal\" class=\"  nd_options_text_align_center_responsive_important nd_options_first_font \">L'Hotel Turist \u00e8 diventato una parte inevitabile della vita a Vara\u017edin.<\/h1> <div style=\"background-color:;height: 35px\" class=\"nicdark_section  \"><\/div>[vc_column_text css=&#8221;&#8221; el_class=&#8221;tamna-sekcija&#8221;]<\/p>\n<div class=\"ns4p8fja j83agx80 cbu4d94t a6sixzi8 bkfpd7mw a1xu1aao\" role=\"none\">\n<div class=\"aovydwv3 j83agx80 cbu4d94t d2edcug0 l9j0dhe7\">\n<div class=\"j83agx80 k4urcfbm\" role=\"none\">\n<div class=\"cxgpxx05 d1544ag0 sj5x9vvc tw6a2znq l9j0dhe7 ni8dbmo4 stjgntxs e72ty7fz qlfml3jp inkptoze qmr60zad jm1wdb64 qv66sw1b ljqsnud1 odn2s2vf tkr6xdv7\" role=\"none\">\n<div class=\"rq0escxv l9j0dhe7 du4w35lb __fb-light-mode\" role=\"none\">\n<div class=\"ljqsnud1 ii04i59q jq4qci2q g9io39s2\" dir=\"auto\" role=\"none\">\n<p class=\"p1\">Dalla sua apertura nel 1964, attraverso l&#8217;ampliamento nel 1978. anno, fino a un&#8217;accurata ristrutturazione e riprogettazione nel 2021. L&#8217;Hotel Turist divenne e rimase una parte inevitabile della vita a Vara\u017edin. Ha creato i ricordi pi\u00f9 belli di generazioni di gente del posto, ma anche di visitatori e membri del team dell&#8217;hotel. Sebbene l&#8217;hotel abbia cambiato la sua tavolozza di colori e decorazioni nel corso degli anni, una cosa \u00e8 rimasta la stessa: l&#8217;Hotel Turist \u00e8 ancora un popolare luogo d&#8217;incontro per gli abitanti di Vara\u017edin, un luogo dove la gente del posto e i visitatori negoziano affari o si rilassano in compagnia dei propri cari , gustando cibi e bevande deliziosi. . Il personale professionale dell&#8217;hotel continua a coltivare la rinomata ospitalit\u00e0 di Vara\u017edin ed \u00e8 sempre al vostro servizio.<\/p>\n<\/div>\n<\/div>\n<\/div>\n<\/div>\n<\/div>\n<\/div>\n<p>[\/vc_column_text][\/vc_column][\/vc_row][vc_row css=&#8221;.vc_custom_1639396856155{padding-top: 10px !important;padding-right: 20px !important;padding-bottom: 10px !important;padding-left: 20px !important;}&#8221;][vc_column css_animation=&#8221;fadeInUp&#8221; css=&#8221;.vc_custom_1640271980034{padding-right: 10px !important;padding-left: 10px !important;}&#8221;]<div style=\"background-color:;height: 35px\" class=\"nicdark_section  \"><\/div> <h1 style=\"color:;padding:px;text-align:center;font-size:45px;line-height:45px;letter-spacing: px;font-weight:normal\" class=\"   nd_options_first_font \">Nel cuore di Vara\u017edin<\/h1> <div style=\"background-color:;height: 30px\" class=\"nicdark_section  \"><\/div>[vc_column_text]<\/p>\n<p class=\"p1\">Nessun altro hotel a quattro stelle a Vara\u017edin pu\u00f2 vantare una posizione cos\u00ec eccezionale come l&#8217;Hotel Turist. storico antico citt\u00e0, e il centro storico con molte attrazioni, \u00e8 a soli 12 minuti a piedi dall&#8217;albergo. I fantastici panorami dal centro storico offrono i campanili delle chiese e dei monasteri e le allegre colline che circondano la citt\u00e0, e l&#8217;arrivo al centro storico vi regaler\u00e0 una piacevole atmosfera come se si camminasse &#8220;Piccola Vienna&#8221; che \u00e8 chiamata da chilometri di domestici e ospiti stranieri.<\/p>\n<p>[\/vc_column_text]<div style=\"background-color:;height: 10px\" class=\"nicdark_section  \"><\/div> <h1 style=\"color:;padding:55px;text-align:center;font-size:25px;line-height:px;letter-spacing: px;font-weight:normal\" class=\"   nd_options_first_font \">Distanze di base<\/h1> [vc_row_inner equal_height=&#8221;yes&#8221; content_placement=&#8221;top&#8221; css=&#8221;.vc_custom_1639396947920{padding-top: 20px !important;padding-right: 20px !important;padding-bottom: 20px !important;padding-left: 20px !important;}&#8221;][vc_column_inner width=&#8221;1\/4&#8243; css=&#8221;.vc_custom_1639397067111{padding-top: 10px !important;padding-right: 20px !important;padding-bottom: 10px !important;padding-left: 20px !important;}&#8221;] <h1 style=\"color:;padding:px;text-align:center;font-size:25px;line-height:px;letter-spacing: px;font-weight:normal\" class=\"   nd_options_first_font \">81,2km<\/h1> <div style=\"background-color:;height: 5px\" class=\"nicdark_section  \"><\/div>[vc_column_text]<\/p>\n<p style=\"text-align: center;\">dall&#8217;aeroporto di Zagabria<\/p>\n<p>[\/vc_column_text][\/vc_column_inner][vc_column_inner width=&#8221;1\/4&#8243; css=&#8221;.vc_custom_1639397083041{padding-top: 10px !important;padding-right: 20px !important;padding-bottom: 10px !important;padding-left: 20px !important;}&#8221;] <h1 style=\"color:;padding:px;text-align:center;font-size:25px;line-height:px;letter-spacing: px;font-weight:normal\" class=\"   nd_options_first_font \">1,0 km<\/h1> <div style=\"background-color:;height: 5px\" class=\"nicdark_section  \"><\/div>[vc_column_text]<\/p>\n<p style=\"text-align: center;\">dal centro storico di Vara\u017edin (Citt\u00e0 Vecchia)<\/p>\n<p>[\/vc_column_text][\/vc_column_inner][vc_column_inner width=&#8221;1\/4&#8243; css=&#8221;.vc_custom_1639397091333{padding-top: 10px !important;padding-right: 20px !important;padding-bottom: 10px !important;padding-left: 20px !important;}&#8221;] <h1 style=\"color:;padding:px;text-align:center;font-size:25px;line-height:px;letter-spacing: px;font-weight:normal\" class=\"   nd_options_first_font \">300 m<\/h1> <div style=\"background-color:;height: 5px\" class=\"nicdark_section  \"><\/div>[vc_column_text]<\/p>\n<p style=\"text-align: center;\">dalla stazione degli autobus Vara\u017edin<\/p>\n<p>[\/vc_column_text][\/vc_column_inner][vc_column_inner width=&#8221;1\/4&#8243; css=&#8221;.vc_custom_1639397108106{padding-top: 10px !important;padding-right: 20px !important;padding-bottom: 10px !important;padding-left: 20px !important;}&#8221;] <h1 style=\"color:;padding:px;text-align:center;font-size:25px;line-height:px;letter-spacing: px;font-weight:normal\" class=\"   nd_options_first_font \">1,1 km<\/h1> <div style=\"background-color:;height: 5px\" class=\"nicdark_section  \"><\/div>[vc_column_text]<\/p>\n<p style=\"text-align: center;\">dalla stazione ferroviaria di Vara\u017edin<\/p>\n<p>[\/vc_column_text][\/vc_column_inner][\/vc_row_inner][\/vc_column][\/vc_row][vc_row][vc_column] <h1 style=\"color:;padding:px;text-align:center;font-size:25px;line-height:px;letter-spacing: px;font-weight:normal\" class=\"   nd_options_first_font \">Goditi tutti i panorami<\/h1> <div style=\"background-color:;height: 30px\" class=\"nicdark_section  \"><\/div>[vc_column_text]<\/p>\n<p class=\"p1\">Hotel Turistico si trova in un luogo ideale se vuoi vedere la pi\u00f9 famosa Vara\u017edin attrazioni. Inoltre, Vara\u017edin \u00e8 un ottimo punto di partenza se si vuole esplorare e scoprire i suoi dintorni, sia che si decida di esplorare i luoghi circostanti sia che si scelga una delle tante escursioni organizzate dall&#8217;hotel. Il nostro cordiale staff \u00e8 a tua disposizione in hotel, ma puoi contattarlo e scoprire di pi\u00f9 sui servizi via email:<\/p>\n<p>[\/vc_column_text]\n\t\n\t<a style=\"border: 2px solid #bc9a3b;border-radius:px;letter-spacing:2px;line-height:11px;font-size:11px;background-color:;padding:15px 35px;margin:;color:#bc9a3b\" rel=\"\" href=\"https:\/\/www.hotel-turist.hr\/it\/contatto\/\" class=\"nicdark_display_inline_block nd_options_float_left nd_options_font_weight_bold nd_options_second_font  \">CONTATTO<\/a>\n\t\n<div style=\"background-color:;height: 35px\" class=\"nicdark_section  \"><\/div>[\/vc_column][\/vc_row][vc_row][vc_column][vc_column_text css=&#8221;.vc_custom_1776246165563{margin-bottom: 35px !important;}&#8221;]<\/p>\n<p class=\"p1\">Oltre al trasporto con veicoli di lusso dall&#8217;aeroporto all&#8217;hotel, i nostri ospiti hanno l&#8217;opportunit\u00e0 di pianificare escursioni e tour privati che sveleranno la bellezza, la storia e la gastronomia di Vara\u017edin e dei luoghi circostanti, tra cui il castello di Trako\u0161\u0107an, Vara\u017edinske toplice. Oltre alle bellezze di Vara\u017edin Infine, suggeriamo la possibilit\u00e0 di gite giornaliere a Zagabria, Samobor, il santuario di Marija Bistrica, la Strada del Vino Me\u0111imurje e la citt\u00e0 di \u010cakovec, e la vicina Slovenia.<\/p>\n<p>[\/vc_column_text][\/vc_column][\/vc_row][vc_row full_width=&#8221;stretch_row_content&#8221; equal_height=&#8221;yes&#8221; content_placement=&#8221;middle&#8221; css=&#8221;.vc_custom_1645561652898{background-color: #1c1c1c !important;}&#8221;][vc_column width=&#8221;1\/2&#8243; css=&#8221;.vc_custom_1645561670641{margin-top: 50px !important;margin-right: 50px !important;margin-bottom: 50px !important;margin-left: 50px !important;}&#8221;] <h1 style=\"color:#ffffff;padding:px;text-align:;font-size:25px;line-height:px;letter-spacing: px;font-weight:normal\" class=\"   nd_options_first_font \">Passeggiata virtuale intorno all'hotel<\/h1> <div style=\"background-color:;height: 30px\" class=\"nicdark_section  \"><\/div>[vc_column_text css=&#8221;&#8221; el_class=&#8221;tamna-sekcija&#8221;]<\/p>\n<p class=\"p1\">Fai un tour virtuale del nostro hotel e conosci i contenuti che forniamo.<\/p>\n<p>[\/vc_column_text]<div style=\"background-color:;height: 30px\" class=\"nicdark_section  \"><\/div>\n\t\n\t<a style=\"border: 2px solid #bc9a3b;border-radius:px;letter-spacing:2px;line-height:11px;font-size:11px;background-color:;padding:15px 35px;margin:;color:#bc9a3b\" rel=\"\" href=\"https:\/\/my.matterport.com\/show\/?m=SidbbUuTsLh\" class=\"nicdark_display_inline_block nd_options_float_left nd_options_font_weight_bold nd_options_second_font  \">PASSEGGIATA VIRTUALE<\/a>\n\t\n<div style=\"background-color:;height: 35px\" class=\"nicdark_section  \"><\/div>[\/vc_column][vc_column width=&#8221;1\/2&#8243;][vc_single_image image=&#8221;4271&#8243; img_size=&#8221;full&#8221; alignment=&#8221;center&#8221; css_animation=&#8221;fadeInUp&#8221;][\/vc_column][\/vc_row]<\/p>\n<\/div>","protected":false},"excerpt":{"rendered":"<p>[vc_row full_width=&#8221;stretch_row_content&#8221; content_placement=&#8221;middle&#8221; css=&#8221;.vc_custom_1741264304228{background-color: #1c1c1c !important;}&#8221;][vc_column css_animation=&#8221;fadeInUp&#8221; css=&#8221;.vc_custom_1643214168739{margin-top: 0px !important;margin-bottom: 0px !important;padding-top: 0px !important;padding-right: 40px !important;padding-bottom: 0px !important;padding-left: 40px !important;background-position: center !important;background-repeat: no-repeat !important;background-size: cover !important;}&#8221;][\/vc_column][\/vc_row][vc_row full_width=&#8221;stretch_row_content&#8221; full_height=&#8221;yes&#8221; equal_height=&#8221;yes&#8221; content_placement=&#8221;middle&#8221; css=&#8221;.vc_custom_1643214041166{background-color: #1c1c1c !important;}&#8221;][vc_column css_animation=&#8221;fadeInUp&#8221; width=&#8221;1\/2&#8243; css=&#8221;.vc_custom_1643214168739{margin-top: 0px !important;margin-bottom: 0px !important;padding-top: 0px !important;padding-right: 40px !important;padding-bottom: 0px !important;padding-left: 40px !important;background-position: center !important;background-repeat: no-repeat !important;background-size: cover !important;}&#8221;][\/vc_column][vc_column css_animation=&#8221;fadeInDown&#8221; [&hellip;]<\/p>\n","protected":false},"author":1,"featured_media":0,"parent":0,"menu_order":0,"comment_status":"closed","ping_status":"closed","template":"","meta":{"footnotes":""},"class_list":["post-2769","page","type-page","status-publish","hentry"],"yoast_head":"<!-- This site is optimized with the Yoast SEO plugin v27.2 - https:\/\/yoast.com\/product\/yoast-seo-wordpress\/ -->\n<title>Informazioni - Hotel Turist Vara\u017edin<\/title>\n<meta name=\"robots\" content=\"index, follow, max-snippet:-1, max-image-preview:large, max-video-preview:-1\" \/>\n<link rel=\"canonical\" href=\"https:\/\/www.hotel-turist.hr\/en\/about\/\" \/>\n<meta property=\"og:locale\" content=\"it_IT\" \/>\n<meta property=\"og:type\" content=\"article\" \/>\n<meta property=\"og:title\" content=\"Informazioni - Hotel Turist Vara\u017edin\" \/>\n<meta property=\"og:description\" content=\"[vc_row full_width=&#8221;stretch_row_content&#8221; content_placement=&#8221;middle&#8221; css=&#8221;.vc_custom_1741264304228{background-color: #1c1c1c !important;}&#8221;][vc_column css_animation=&#8221;fadeInUp&#8221; css=&#8221;.vc_custom_1643214168739{margin-top: 0px !important;margin-bottom: 0px !important;padding-top: 0px !important;padding-right: 40px !important;padding-bottom: 0px !important;padding-left: 40px !important;background-position: center !important;background-repeat: no-repeat !important;background-size: cover !important;}&#8221;][\/vc_column][\/vc_row][vc_row full_width=&#8221;stretch_row_content&#8221; full_height=&#8221;yes&#8221; equal_height=&#8221;yes&#8221; content_placement=&#8221;middle&#8221; css=&#8221;.vc_custom_1643214041166{background-color: #1c1c1c !important;}&#8221;][vc_column css_animation=&#8221;fadeInUp&#8221; width=&#8221;1\/2&#8243; css=&#8221;.vc_custom_1643214168739{margin-top: 0px !important;margin-bottom: 0px !important;padding-top: 0px !important;padding-right: 40px !important;padding-bottom: 0px !important;padding-left: 40px !important;background-position: center !important;background-repeat: no-repeat !important;background-size: cover !important;}&#8221;][\/vc_column][vc_column css_animation=&#8221;fadeInDown&#8221; [&hellip;]\" \/>\n<meta property=\"og:url\" content=\"https:\/\/www.hotel-turist.hr\/en\/about\/\" \/>\n<meta property=\"og:site_name\" content=\"Hotel Turist Vara\u017edin\" \/>\n<meta property=\"article:modified_time\" content=\"2026-04-15T09:43:24+00:00\" \/>\n<meta name=\"twitter:card\" content=\"summary_large_image\" \/>\n<meta name=\"twitter:label1\" content=\"Tempo di lettura stimato\" \/>\n\t<meta name=\"twitter:data1\" content=\"4 minuti\" \/>\n<script type=\"application\/ld+json\" class=\"yoast-schema-graph\">{\"@context\":\"https:\/\/schema.org\",\"@graph\":[{\"@type\":\"WebPage\",\"@id\":\"https:\/\/www.hotel-turist.hr\/en\/about\/\",\"url\":\"https:\/\/www.hotel-turist.hr\/en\/about\/\",\"name\":\"Informazioni - Hotel Turist Vara\u017edin\",\"isPartOf\":{\"@id\":\"https:\/\/www.hotel-turist.hr\/it\/#website\"},\"datePublished\":\"2021-12-23T15:06:53+00:00\",\"dateModified\":\"2026-04-15T09:43:24+00:00\",\"breadcrumb\":{\"@id\":\"https:\/\/www.hotel-turist.hr\/en\/about\/#breadcrumb\"},\"inLanguage\":\"it-IT\",\"potentialAction\":[{\"@type\":\"ReadAction\",\"target\":[\"https:\/\/www.hotel-turist.hr\/en\/about\/\"]}]},{\"@type\":\"BreadcrumbList\",\"@id\":\"https:\/\/www.hotel-turist.hr\/en\/about\/#breadcrumb\",\"itemListElement\":[{\"@type\":\"ListItem\",\"position\":1,\"name\":\"Po\u010detna stranica\",\"item\":\"https:\/\/www.hotel-turist.hr\/it\/\"},{\"@type\":\"ListItem\",\"position\":2,\"name\":\"Informazioni\"}]},{\"@type\":\"WebSite\",\"@id\":\"https:\/\/www.hotel-turist.hr\/it\/#website\",\"url\":\"https:\/\/www.hotel-turist.hr\/it\/\",\"name\":\"Hotel Turist Vara\u017edin\",\"description\":\"\",\"potentialAction\":[{\"@type\":\"SearchAction\",\"target\":{\"@type\":\"EntryPoint\",\"urlTemplate\":\"https:\/\/www.hotel-turist.hr\/it\/?s={search_term_string}\"},\"query-input\":{\"@type\":\"PropertyValueSpecification\",\"valueRequired\":true,\"valueName\":\"search_term_string\"}}],\"inLanguage\":\"it-IT\"}]}<\/script>\n<!-- \/ Yoast SEO plugin. -->","yoast_head_json":{"title":"Informazioni - Hotel Turist Vara\u017edin","robots":{"index":"index","follow":"follow","max-snippet":"max-snippet:-1","max-image-preview":"max-image-preview:large","max-video-preview":"max-video-preview:-1"},"canonical":"https:\/\/www.hotel-turist.hr\/en\/about\/","og_locale":"it_IT","og_type":"article","og_title":"Informazioni - Hotel Turist Vara\u017edin","og_description":"[vc_row full_width=&#8221;stretch_row_content&#8221; content_placement=&#8221;middle&#8221; css=&#8221;.vc_custom_1741264304228{background-color: #1c1c1c !important;}&#8221;][vc_column css_animation=&#8221;fadeInUp&#8221; css=&#8221;.vc_custom_1643214168739{margin-top: 0px !important;margin-bottom: 0px !important;padding-top: 0px !important;padding-right: 40px !important;padding-bottom: 0px !important;padding-left: 40px !important;background-position: center !important;background-repeat: no-repeat !important;background-size: cover !important;}&#8221;][\/vc_column][\/vc_row][vc_row full_width=&#8221;stretch_row_content&#8221; full_height=&#8221;yes&#8221; equal_height=&#8221;yes&#8221; content_placement=&#8221;middle&#8221; css=&#8221;.vc_custom_1643214041166{background-color: #1c1c1c !important;}&#8221;][vc_column css_animation=&#8221;fadeInUp&#8221; width=&#8221;1\/2&#8243; css=&#8221;.vc_custom_1643214168739{margin-top: 0px !important;margin-bottom: 0px !important;padding-top: 0px !important;padding-right: 40px !important;padding-bottom: 0px !important;padding-left: 40px !important;background-position: center !important;background-repeat: no-repeat !important;background-size: cover !important;}&#8221;][\/vc_column][vc_column css_animation=&#8221;fadeInDown&#8221; [&hellip;]","og_url":"https:\/\/www.hotel-turist.hr\/en\/about\/","og_site_name":"Hotel Turist Vara\u017edin","article_modified_time":"2026-04-15T09:43:24+00:00","twitter_card":"summary_large_image","twitter_misc":{"Tempo di lettura stimato":"4 minuti"},"schema":{"@context":"https:\/\/schema.org","@graph":[{"@type":"WebPage","@id":"https:\/\/www.hotel-turist.hr\/en\/about\/","url":"https:\/\/www.hotel-turist.hr\/en\/about\/","name":"Informazioni - Hotel Turist Vara\u017edin","isPartOf":{"@id":"https:\/\/www.hotel-turist.hr\/it\/#website"},"datePublished":"2021-12-23T15:06:53+00:00","dateModified":"2026-04-15T09:43:24+00:00","breadcrumb":{"@id":"https:\/\/www.hotel-turist.hr\/en\/about\/#breadcrumb"},"inLanguage":"it-IT","potentialAction":[{"@type":"ReadAction","target":["https:\/\/www.hotel-turist.hr\/en\/about\/"]}]},{"@type":"BreadcrumbList","@id":"https:\/\/www.hotel-turist.hr\/en\/about\/#breadcrumb","itemListElement":[{"@type":"ListItem","position":1,"name":"Po\u010detna stranica","item":"https:\/\/www.hotel-turist.hr\/it\/"},{"@type":"ListItem","position":2,"name":"Informazioni"}]},{"@type":"WebSite","@id":"https:\/\/www.hotel-turist.hr\/it\/#website","url":"https:\/\/www.hotel-turist.hr\/it\/","name":"Hotel Turist Vara\u017edin","description":"","potentialAction":[{"@type":"SearchAction","target":{"@type":"EntryPoint","urlTemplate":"https:\/\/www.hotel-turist.hr\/it\/?s={search_term_string}"},"query-input":{"@type":"PropertyValueSpecification","valueRequired":true,"valueName":"search_term_string"}}],"inLanguage":"it-IT"}]}},"_links":{"self":[{"href":"https:\/\/www.hotel-turist.hr\/it\/wp-json\/wp\/v2\/pages\/2769","targetHints":{"allow":["GET"]}}],"collection":[{"href":"https:\/\/www.hotel-turist.hr\/it\/wp-json\/wp\/v2\/pages"}],"about":[{"href":"https:\/\/www.hotel-turist.hr\/it\/wp-json\/wp\/v2\/types\/page"}],"author":[{"embeddable":true,"href":"https:\/\/www.hotel-turist.hr\/it\/wp-json\/wp\/v2\/users\/1"}],"replies":[{"embeddable":true,"href":"https:\/\/www.hotel-turist.hr\/it\/wp-json\/wp\/v2\/comments?post=2769"}],"version-history":[{"count":16,"href":"https:\/\/www.hotel-turist.hr\/it\/wp-json\/wp\/v2\/pages\/2769\/revisions"}],"predecessor-version":[{"id":14287,"href":"https:\/\/www.hotel-turist.hr\/it\/wp-json\/wp\/v2\/pages\/2769\/revisions\/14287"}],"wp:attachment":[{"href":"https:\/\/www.hotel-turist.hr\/it\/wp-json\/wp\/v2\/media?parent=2769"}],"curies":[{"name":"wp","href":"https:\/\/api.w.org\/{rel}","templated":true}]}}