{"id":4732,"date":"2022-03-24T13:41:34","date_gmt":"2022-03-24T13:41:34","guid":{"rendered":"https:\/\/www.hotel-turist.hr\/la-citta-dei-fiori-le-bellezze-della-regione-di-bednjan-e-le-perle-dello-zagorje-croato\/"},"modified":"2022-03-27T14:53:34","modified_gmt":"2022-03-27T14:53:34","slug":"la-citta-dei-fiori-le-bellezze-della-regione-di-bednjan-e-le-perle-dello-zagorje-croato","status":"publish","type":"page","link":"https:\/\/www.hotel-turist.hr\/it\/la-citta-dei-fiori-le-bellezze-della-regione-di-bednjan-e-le-perle-dello-zagorje-croato\/","title":{"rendered":"La citt\u00e0 dei fiori, le bellezze della regione di Bednjan e le perle dello Zagorje . croato"},"content":{"rendered":"<div class=\"wpb-content-wrapper\"><p>[vc_row css=&#8221;.vc_custom_1492008828909{margin-top: 40px !important;}&#8221;][vc_column] <h2 style=\"color:#1c1c1c;padding:px;text-align:;font-size:25px;line-height:25px;letter-spacing: px;font-weight:normal\" class=\"   nd_options_first_font \">La citt\u00e0 dei fiori, le bellezze della regione di Bednjan e le perle dello Zagorje croato<\/h2> <div style=\"background-color:;height: 20px\" class=\"nicdark_section  \"><\/div>[vc_column_text]<\/p>\n<p class=\"p1\" style=\"text-align: left;\"><span class=\"nicdark_font_size_70 nicdark_float_left nicdark_padding_28 nicdark_line_height_30 nicdark_first_font\">All&#8217;arrivo<\/span> nella pi\u00f9 bella citt\u00e0 barocca di Vara\u017edin e all&#8217;incontro con una guida locale, segue una visita al cimitero cittadino del XVIII secolo. che \u00e8 una delle perle dell&#8217;architettura dei giardini e dei monumenti naturali. Continuiamo il nostro giro turistico della Citt\u00e0 Vecchia, del Palazzo di Sermaga, della Chiesa e del Monastero delle Orsoline, della Piazza della Citt\u00e0, della Cattedrale, del Teatro Comunale&#8230; La tua guida durante il tour della citt\u00e0 ti racconter\u00e0 storie interessanti. Lo sapevi che il centro storico di Vara\u017edin ha ben 11 campanili, 6 chiese e 3 monasteri? C&#8217;\u00e8 da meravigliarsi, quindi, che gli angeli, esseri cos\u00ec dolci e cari e simboli di bont\u00e0, abbiano scelto Vara\u017edin come loro casa? Vara\u017edin \u00e8 la citt\u00e0 degli angeli, segui le loro orme&#8230;<\/p>\n<p>[\/vc_column_text][\/vc_column][\/vc_row][vc_row full_height=&#8221;yes&#8221; equal_height=&#8221;yes&#8221; content_placement=&#8221;middle&#8221; css=&#8221;.vc_custom_1648129400303{margin-top: 20px !important;}&#8221;][vc_column width=&#8221;1\/2&#8243;]\n    <div style=\"text-align:center\" class=\"nd_options_section\">\n      <img decoding=\"async\" alt=\"\" style=\"width:100%\" class=\" nd_options_margin_0 nd_options_padding_0 \" src=\"https:\/\/www.hotel-turist.hr\/wp-content\/uploads\/2022\/02\/trakoscan1-1024x683.jpg\">\n    <\/div>\n   [\/vc_column][vc_column width=&#8221;1\/2&#8243;]\n    <div style=\"text-align:center\" class=\"nd_options_section\">\n      <img decoding=\"async\" alt=\"\" style=\"width:100%\" class=\" nd_options_margin_0 nd_options_padding_0 \" src=\"https:\/\/www.hotel-turist.hr\/wp-content\/uploads\/2022\/02\/trakoscan7-1024x573.jpg\">\n    <\/div>\n   [\/vc_column][\/vc_row][vc_row css=&#8221;.vc_custom_1467643035435{margin-top: 40px !important;}&#8221;][vc_column] <h2 style=\"color:#1c1c1c;padding:px;text-align:;font-size:25px;line-height:25px;letter-spacing: px;font-weight:normal\" class=\"   nd_options_first_font \">Vara\u017edin - Bednja - Castello di Trako\u0161\u0107an<\/h2> <div style=\"background-color:;height: 20px\" class=\"nicdark_section  \"><\/div>[vc_column_text]<\/p>\n<p class=\"p1\">Chiamata &#8220;Piccola Vienna&#8221; per chilometri, e ora che l&#8217;hai visto di persona, \u00e8 ora di concludere la tua passeggiata all&#8217;Hotel &#8220;Tourist&#8221;. Nella splendida atmosfera dell&#8217;hotel recentemente rinnovato, con un drink di benvenuto, assaggiate il famoso Vara\u017edin klipi\u0107. Pranzo organizzato con piatti tradizionali della regione di Vara\u017edin. Una breve pausa e un viaggio per conoscere la regione di Bednjan, le bellezze della natura preservata della regione dal linguaggio specifico, la ricca tradizione e gli ospiti cordiali. Lasciando il paesaggio ai piedi del monte Ivan\u0161\u010dica, Strahinj\u010dica, Maceljska e Ravna gora, veniamo a visitare la PERLA DI ZAGORJE CROATA &#8211; CASTELLO DI TRAKO\u0160\u0106AN. I maestri del forte, dai conti di Celje, il capo militare Jan Vitovac, poi Ivani\u0161 Korvin alla famiglia Dra\u0161kovi\u0107, hanno lasciato un segno impressionante nell&#8217;esposizione permanente nel Museo, a cui assistiamo oggi, presentando la vita della nobilt\u00e0 croata attraverso la storia. Respirate lo spirito del passato e proseguite di buon umore il vostro viaggio verso il vostro luogo di residenza.<\/p>\n<p>[\/vc_column_text][\/vc_column][\/vc_row][vc_row][vc_column width=&#8221;1\/2&#8243;][vc_column_text]<\/p>\n<p class=\"p1\"><span class=\"s1\"><b>Prezzo del pacchetto:<\/b><\/span> _____ a persona \/ kn<\/p>\n<p>[\/vc_column_text][\/vc_column][vc_column width=&#8221;1\/2&#8243;][vc_column_text]<\/p>\n<p class=\"p1\"><span class=\"s1\"><b>Il prezzo del pacchetto comprende:<\/b><\/span> guida esperta per l&#8217;intera giornata, pranzo organizzato (men\u00f9 allegato) presso l&#8217;hotel &#8220;Tourist&#8221; con drink di benvenuto e clip di Vara\u017edin, visita e visita di Bednja e del CASTELLO DI TRAKO\u0160\u0106AN &#8211; biglietti inclusi.<\/p>\n<p>[\/vc_column_text][\/vc_column][\/vc_row]<\/p>\n<\/div>","protected":false},"excerpt":{"rendered":"<p>[vc_row css=&#8221;.vc_custom_1492008828909{margin-top: 40px !important;}&#8221;][vc_column][vc_column_text] All&#8217;arrivo nella pi\u00f9 bella citt\u00e0 barocca di Vara\u017edin e all&#8217;incontro con una guida locale, segue una visita al cimitero cittadino del XVIII secolo. che \u00e8 una delle perle dell&#8217;architettura dei giardini e dei monumenti naturali. Continuiamo il nostro giro turistico della Citt\u00e0 Vecchia, del Palazzo di Sermaga, della Chiesa e del [&hellip;]<\/p>\n","protected":false},"author":1,"featured_media":0,"parent":0,"menu_order":0,"comment_status":"closed","ping_status":"closed","template":"","meta":{"footnotes":""},"class_list":["post-4732","page","type-page","status-publish","hentry"],"yoast_head":"<!-- This site is optimized with the Yoast SEO plugin v27.2 - https:\/\/yoast.com\/product\/yoast-seo-wordpress\/ -->\n<title>La citt\u00e0 dei fiori, le bellezze della regione di Bednjan e le perle dello Zagorje . croato - Hotel Turist Vara\u017edin<\/title>\n<meta name=\"robots\" content=\"index, follow, max-snippet:-1, max-image-preview:large, max-video-preview:-1\" \/>\n<link rel=\"canonical\" href=\"https:\/\/www.hotel-turist.hr\/hrvatska-rukometna-reprezentacija-u-hotelu-turist\/\" \/>\n<meta property=\"og:locale\" content=\"it_IT\" \/>\n<meta property=\"og:type\" content=\"article\" \/>\n<meta property=\"og:title\" content=\"La citt\u00e0 dei fiori, le bellezze della regione di Bednjan e le perle dello Zagorje . croato - Hotel Turist Vara\u017edin\" \/>\n<meta property=\"og:description\" content=\"[vc_row css=&#8221;.vc_custom_1492008828909{margin-top: 40px !important;}&#8221;][vc_column][vc_column_text] All&#8217;arrivo nella pi\u00f9 bella citt\u00e0 barocca di Vara\u017edin e all&#8217;incontro con una guida locale, segue una visita al cimitero cittadino del XVIII secolo. che \u00e8 una delle perle dell&#8217;architettura dei giardini e dei monumenti naturali. Continuiamo il nostro giro turistico della Citt\u00e0 Vecchia, del Palazzo di Sermaga, della Chiesa e del [&hellip;]\" \/>\n<meta property=\"og:url\" content=\"https:\/\/www.hotel-turist.hr\/hrvatska-rukometna-reprezentacija-u-hotelu-turist\/\" \/>\n<meta property=\"og:site_name\" content=\"Hotel Turist Vara\u017edin\" \/>\n<meta property=\"article:modified_time\" content=\"2022-03-27T14:53:34+00:00\" \/>\n<meta name=\"twitter:card\" content=\"summary_large_image\" \/>\n<meta name=\"twitter:label1\" content=\"Tempo di lettura stimato\" \/>\n\t<meta name=\"twitter:data1\" content=\"3 minuti\" \/>\n<script type=\"application\/ld+json\" class=\"yoast-schema-graph\">{\"@context\":\"https:\/\/schema.org\",\"@graph\":[{\"@type\":\"WebPage\",\"@id\":\"https:\/\/www.hotel-turist.hr\/hrvatska-rukometna-reprezentacija-u-hotelu-turist\/\",\"url\":\"https:\/\/www.hotel-turist.hr\/hrvatska-rukometna-reprezentacija-u-hotelu-turist\/\",\"name\":\"La citt\u00e0 dei fiori, le bellezze della regione di Bednjan e le perle dello Zagorje . croato - Hotel Turist Vara\u017edin\",\"isPartOf\":{\"@id\":\"https:\/\/www.hotel-turist.hr\/it\/#website\"},\"datePublished\":\"2022-03-24T13:41:34+00:00\",\"dateModified\":\"2022-03-27T14:53:34+00:00\",\"breadcrumb\":{\"@id\":\"https:\/\/www.hotel-turist.hr\/hrvatska-rukometna-reprezentacija-u-hotelu-turist\/#breadcrumb\"},\"inLanguage\":\"it-IT\",\"potentialAction\":[{\"@type\":\"ReadAction\",\"target\":[\"https:\/\/www.hotel-turist.hr\/hrvatska-rukometna-reprezentacija-u-hotelu-turist\/\"]}]},{\"@type\":\"BreadcrumbList\",\"@id\":\"https:\/\/www.hotel-turist.hr\/hrvatska-rukometna-reprezentacija-u-hotelu-turist\/#breadcrumb\",\"itemListElement\":[{\"@type\":\"ListItem\",\"position\":1,\"name\":\"Po\u010detna stranica\",\"item\":\"https:\/\/www.hotel-turist.hr\/it\/\"},{\"@type\":\"ListItem\",\"position\":2,\"name\":\"La citt\u00e0 dei fiori, le bellezze della regione di Bednjan e le perle dello Zagorje . croato\"}]},{\"@type\":\"WebSite\",\"@id\":\"https:\/\/www.hotel-turist.hr\/it\/#website\",\"url\":\"https:\/\/www.hotel-turist.hr\/it\/\",\"name\":\"Hotel Turist Vara\u017edin\",\"description\":\"\",\"potentialAction\":[{\"@type\":\"SearchAction\",\"target\":{\"@type\":\"EntryPoint\",\"urlTemplate\":\"https:\/\/www.hotel-turist.hr\/it\/?s={search_term_string}\"},\"query-input\":{\"@type\":\"PropertyValueSpecification\",\"valueRequired\":true,\"valueName\":\"search_term_string\"}}],\"inLanguage\":\"it-IT\"}]}<\/script>\n<!-- \/ Yoast SEO plugin. -->","yoast_head_json":{"title":"La citt\u00e0 dei fiori, le bellezze della regione di Bednjan e le perle dello Zagorje . croato - Hotel Turist Vara\u017edin","robots":{"index":"index","follow":"follow","max-snippet":"max-snippet:-1","max-image-preview":"max-image-preview:large","max-video-preview":"max-video-preview:-1"},"canonical":"https:\/\/www.hotel-turist.hr\/hrvatska-rukometna-reprezentacija-u-hotelu-turist\/","og_locale":"it_IT","og_type":"article","og_title":"La citt\u00e0 dei fiori, le bellezze della regione di Bednjan e le perle dello Zagorje . croato - Hotel Turist Vara\u017edin","og_description":"[vc_row css=&#8221;.vc_custom_1492008828909{margin-top: 40px !important;}&#8221;][vc_column][vc_column_text] All&#8217;arrivo nella pi\u00f9 bella citt\u00e0 barocca di Vara\u017edin e all&#8217;incontro con una guida locale, segue una visita al cimitero cittadino del XVIII secolo. che \u00e8 una delle perle dell&#8217;architettura dei giardini e dei monumenti naturali. Continuiamo il nostro giro turistico della Citt\u00e0 Vecchia, del Palazzo di Sermaga, della Chiesa e del [&hellip;]","og_url":"https:\/\/www.hotel-turist.hr\/hrvatska-rukometna-reprezentacija-u-hotelu-turist\/","og_site_name":"Hotel Turist Vara\u017edin","article_modified_time":"2022-03-27T14:53:34+00:00","twitter_card":"summary_large_image","twitter_misc":{"Tempo di lettura stimato":"3 minuti"},"schema":{"@context":"https:\/\/schema.org","@graph":[{"@type":"WebPage","@id":"https:\/\/www.hotel-turist.hr\/hrvatska-rukometna-reprezentacija-u-hotelu-turist\/","url":"https:\/\/www.hotel-turist.hr\/hrvatska-rukometna-reprezentacija-u-hotelu-turist\/","name":"La citt\u00e0 dei fiori, le bellezze della regione di Bednjan e le perle dello Zagorje . croato - Hotel Turist Vara\u017edin","isPartOf":{"@id":"https:\/\/www.hotel-turist.hr\/it\/#website"},"datePublished":"2022-03-24T13:41:34+00:00","dateModified":"2022-03-27T14:53:34+00:00","breadcrumb":{"@id":"https:\/\/www.hotel-turist.hr\/hrvatska-rukometna-reprezentacija-u-hotelu-turist\/#breadcrumb"},"inLanguage":"it-IT","potentialAction":[{"@type":"ReadAction","target":["https:\/\/www.hotel-turist.hr\/hrvatska-rukometna-reprezentacija-u-hotelu-turist\/"]}]},{"@type":"BreadcrumbList","@id":"https:\/\/www.hotel-turist.hr\/hrvatska-rukometna-reprezentacija-u-hotelu-turist\/#breadcrumb","itemListElement":[{"@type":"ListItem","position":1,"name":"Po\u010detna stranica","item":"https:\/\/www.hotel-turist.hr\/it\/"},{"@type":"ListItem","position":2,"name":"La citt\u00e0 dei fiori, le bellezze della regione di Bednjan e le perle dello Zagorje . croato"}]},{"@type":"WebSite","@id":"https:\/\/www.hotel-turist.hr\/it\/#website","url":"https:\/\/www.hotel-turist.hr\/it\/","name":"Hotel Turist Vara\u017edin","description":"","potentialAction":[{"@type":"SearchAction","target":{"@type":"EntryPoint","urlTemplate":"https:\/\/www.hotel-turist.hr\/it\/?s={search_term_string}"},"query-input":{"@type":"PropertyValueSpecification","valueRequired":true,"valueName":"search_term_string"}}],"inLanguage":"it-IT"}]}},"_links":{"self":[{"href":"https:\/\/www.hotel-turist.hr\/it\/wp-json\/wp\/v2\/pages\/4732","targetHints":{"allow":["GET"]}}],"collection":[{"href":"https:\/\/www.hotel-turist.hr\/it\/wp-json\/wp\/v2\/pages"}],"about":[{"href":"https:\/\/www.hotel-turist.hr\/it\/wp-json\/wp\/v2\/types\/page"}],"author":[{"embeddable":true,"href":"https:\/\/www.hotel-turist.hr\/it\/wp-json\/wp\/v2\/users\/1"}],"replies":[{"embeddable":true,"href":"https:\/\/www.hotel-turist.hr\/it\/wp-json\/wp\/v2\/comments?post=4732"}],"version-history":[{"count":3,"href":"https:\/\/www.hotel-turist.hr\/it\/wp-json\/wp\/v2\/pages\/4732\/revisions"}],"predecessor-version":[{"id":4866,"href":"https:\/\/www.hotel-turist.hr\/it\/wp-json\/wp\/v2\/pages\/4732\/revisions\/4866"}],"wp:attachment":[{"href":"https:\/\/www.hotel-turist.hr\/it\/wp-json\/wp\/v2\/media?parent=4732"}],"curies":[{"name":"wp","href":"https:\/\/api.w.org\/{rel}","templated":true}]}}